{"id":28104,"date":"2021-03-29T16:32:32","date_gmt":"2021-03-29T13:32:32","guid":{"rendered":"https:\/\/totalblue.ro\/?post_type=product&#038;p=28104"},"modified":"2025-08-06T15:56:52","modified_gmt":"2025-08-06T12:56:52","slug":"ravioli-diavoli-cu-umplutura-de-carne-in-sos-de-rosii-picant-800-g","status":"publish","type":"product","link":"https:\/\/totalblue.ro\/fr\/produs\/ravioli-diavoli-cu-umplutura-de-carne-in-sos-de-rosii-picant-800-g\/","title":{"rendered":"Ravioli Diavoli, cu umplutura de carne, in sos de rosii picant Maggi 800 g"},"content":{"rendered":"<p>Ravioli Diavoli, cu umplutura de carne, in sos de rosii picant 800 g<\/p>\n<p><strong>Recommandations<\/strong>Verser le contenu dans une casserole. Chauffer \u00e0 feu moyen. Vous pouvez \u00e9galement chauffer au micro-ondes, 4 minutes \u00e0 600 W.<br \/>\n<strong>Ingr\u00e9dient :<\/strong>72,1% sos de ro\u0219ii-boia (apa, 28,9% pasta de ro\u0219ii, 4,1% ardei verzi, 3,6% ardei rosu , zahar, sare iodata, amidon modificat, condimente, otet de vin, arome, ulei de floarea soarelui, dafin frunze), 27,7% ravioli (grau, apa, pesmet, (faina de grau, drojdie, sare iodata), carne de porc, proteine \u200b\u200bdin grau, ulei de floarea soarelui, fain\u0103 de grau, slanina, condimente sare iodata, extract de drojdie, ierburi, arome (cu orz).<br \/>\n<strong>Allerg\u00e8nes : <\/strong>Poate con\u021bine oua, soia, lapte, telina, mustar.<strong><br \/>\nConditions de stockage :<\/strong>Conserver dans un endroit sec et frais, \u00e0 l'abri de la lumi\u00e8re directe du soleil. Apr\u00e8s ouverture, conserver au r\u00e9frig\u00e9rateur pendant 48 heures maximum.<br \/>\n<strong>Valeurs nutritionnelles \/ 100g :<\/strong><br \/>\nValeurs nutritionnelles \/ 100 g :<br \/>\nEnergie 354 kj \/ 84 kcal<br \/>\nGrasime 1.6 g din care grasimi saturati 0.6 g<br \/>\nCarbohidrati 13.9 g din care zaharuri 3.3 g<br \/>\nFibres 1 g<br \/>\nProteine \u200b\u200b2.9 g<br \/>\nSare 0.89 g<\/p>\n<p>Bucatarie : Italiana<br \/>\nFabriqu\u00e9 en Allemagne par Maggi GmbH, 78221 Singen, Hohentwiel.<br \/>\nImportateur et distributeur Total Blue Impex SRL<br \/>\n*Les recettes des produits peuvent \u00eatre modifi\u00e9es. Les informations fournies ici se r\u00e9f\u00e8rent \u00e0 la gamme allemande actuellement en vigueur et sont r\u00e9guli\u00e8rement mises \u00e0 jour. En cas de changement de recette, des produits avec l'ancienne et la nouvelle recette peuvent \u00eatre trouv\u00e9s dans les magasins. Par cons\u00e9quent, l'acheteur doit toujours lire attentivement toutes les informations figurant sur l'emballage. Cela vaut en particulier pour la liste des ingr\u00e9dients, afin de tenir compte des intol\u00e9rances.<\/p>","protected":false},"excerpt":{"rendered":"<p>Ravioli Diavoli, cu umplutura de carne, in sos de rosii picant 800 g<\/p>","protected":false},"featured_media":28105,"comment_status":"open","ping_status":"closed","template":"","meta":{"_acf_changed":false,"_seopress_robots_primary_cat":"1950","_seopress_titles_title":"","_seopress_titles_desc":"Comanda online produse Germenia. Cumpara online Maggi Ravioli Diavoli, cu umplutura de carne, sos de rosii picant. Livrare rapida din stoc Maggi paste.","_seopress_robots_index":""},"product_brand":[1869],"product_cat":[1555,1683,3372,3272,1950,1767],"giftcard-category":[],"class_list":{"0":"post-28104","1":"product","2":"type-product","3":"status-publish","4":"has-post-thumbnail","6":"product_brand-maggi","7":"product_cat-bacanie","8":"product_cat-conserve-mancare-gatita","9":"product_cat-conserve-produse-germania","10":"product_cat-conserve","11":"product_cat-produse-germania","12":"product_cat-produse-olanda","14":"first","15":"outofstock","16":"taxable","17":"shipping-taxable","18":"purchasable","19":"product-type-simple"},"acf":[],"_links":{"self":[{"href":"https:\/\/totalblue.ro\/fr\/wp-json\/wp\/v2\/product\/28104","targetHints":{"allow":["GET"]}}],"collection":[{"href":"https:\/\/totalblue.ro\/fr\/wp-json\/wp\/v2\/product"}],"about":[{"href":"https:\/\/totalblue.ro\/fr\/wp-json\/wp\/v2\/types\/product"}],"replies":[{"embeddable":true,"href":"https:\/\/totalblue.ro\/fr\/wp-json\/wp\/v2\/comments?post=28104"}],"wp:featuredmedia":[{"embeddable":true,"href":"https:\/\/totalblue.ro\/fr\/wp-json\/wp\/v2\/media\/28105"}],"wp:attachment":[{"href":"https:\/\/totalblue.ro\/fr\/wp-json\/wp\/v2\/media?parent=28104"}],"wp:term":[{"taxonomy":"product_brand","embeddable":true,"href":"https:\/\/totalblue.ro\/fr\/wp-json\/wp\/v2\/product_brand?post=28104"},{"taxonomy":"product_cat","embeddable":true,"href":"https:\/\/totalblue.ro\/fr\/wp-json\/wp\/v2\/product_cat?post=28104"},{"taxonomy":"giftcard-category","embeddable":true,"href":"https:\/\/totalblue.ro\/fr\/wp-json\/wp\/v2\/giftcard-category?post=28104"}],"curies":[{"name":"wp","href":"https:\/\/api.w.org\/{rel}","templated":true}]}}