{"id":28106,"date":"2021-03-29T16:39:13","date_gmt":"2021-03-29T13:39:13","guid":{"rendered":"https:\/\/totalblue.ro\/?post_type=product&#038;p=28106"},"modified":"2025-08-06T15:56:50","modified_gmt":"2025-08-06T12:56:50","slug":"ravioli-in-sos-de-rosii-cu-umplutura-de-carne-maggi-800-g","status":"publish","type":"product","link":"https:\/\/totalblue.ro\/fr\/produs\/ravioli-in-sos-de-rosii-cu-umplutura-de-carne-maggi-800-g\/","title":{"rendered":"Ravioli in sos de rosii cu umplutura de carne Maggi 800 g"},"content":{"rendered":"<p>Ravioli in sos de rosii cu umplutur\u0103 de carne Maggi 800 g<\/p>\n<p><strong>Recommandations<\/strong>Verser le contenu dans une casserole. Chauffer \u00e0 feu moyen. Vous pouvez \u00e9galement chauffer au micro-ondes, 4 minutes \u00e0 600 W.<br \/>\n<strong>Ingr\u00e9dient :<\/strong> 71,5% sos de rosii (ap\u0103, 37% pasta de rosii ), amidon modificat, sare iodata, zahar, ulei de floarea soarelui, slanin\u0103 afumat\u0103 (slanina, fum), condimente, otet de vin, extract de drojdie, telina, ierburi, arome), 28,5% Ravioli (grau durum, apa, pesmet ( faina de grau, drojdie, sare iodata), carne de porc, proteine \u200b\u200bdin grau, ulei de floarea soarelui, 1,6% faina de grau, slanina, gris de grau, condimente, sare iodata, extract de drojdie, grasime de palmier, albu\u0219uri de ou, zahat, lapte, aroma (orz), zahar).<br \/>\n<strong>Allerg\u00e8nes :<\/strong>Poate con\u021bine soia, lapte, mustar.<strong><br \/>\nConditions de stockage :<\/strong>Conserver dans un endroit sec et frais, \u00e0 l'abri de la lumi\u00e8re directe du soleil. Apr\u00e8s ouverture, conserver au r\u00e9frig\u00e9rateur pendant 48 heures maximum.<br \/>\n<strong>Valeurs nutritionnelles \/ 100g :<\/strong><br \/>\nEnergie 370 kJ \/ 88 kcal<br \/>\nGrasime 2.1 g din care grasimi 0.7 g<br \/>\nCarbohidrati 13.5 g din care zaharuri 2 g<br \/>\nFibres 1 g<br \/>\nProteine \u200b\u200b3.2 g<br \/>\nSare 0.89 g<\/p>\n<p>Certification : Gr\u00fcner Punkt - ARA (\u00e9tiquette de l'emballage)<br \/>\nFabriqu\u00e9 en Allemagne par Maggi GmbH, 78221 Singen, Hohentwiel.<br \/>\nImportateur et distributeur Total Blue Impex SRL<br \/>\n*Les recettes des produits peuvent \u00eatre modifi\u00e9es. Les informations fournies ici se r\u00e9f\u00e8rent \u00e0 la gamme allemande actuellement en vigueur et sont r\u00e9guli\u00e8rement mises \u00e0 jour. En cas de changement de recette, des produits avec l'ancienne et la nouvelle recette peuvent \u00eatre trouv\u00e9s dans les magasins. Par cons\u00e9quent, l'acheteur doit toujours lire attentivement toutes les informations figurant sur l'emballage. Cela vaut en particulier pour la liste des ingr\u00e9dients, afin de tenir compte des intol\u00e9rances.<\/p>","protected":false},"excerpt":{"rendered":"<p>Ravioli in sos de rosii cu umplutur\u0103 de carne Maggi 800 g<\/p>","protected":false},"featured_media":28107,"comment_status":"open","ping_status":"closed","template":"","meta":{"_acf_changed":false,"_seopress_robots_primary_cat":"1950","_seopress_titles_title":"","_seopress_titles_desc":"Comanda acum la pret promotional cu livrare rapida pana la usa ta Ravioli in sos de rosii cu umplutur\u0103 de carne Maggi 800 g","_seopress_robots_index":""},"product_brand":[1869],"product_cat":[1555,1683,3272,3372,1950,1767],"giftcard-category":[],"class_list":{"0":"post-28106","1":"product","2":"type-product","3":"status-publish","4":"has-post-thumbnail","6":"product_brand-maggi","7":"product_cat-bacanie","8":"product_cat-conserve-mancare-gatita","9":"product_cat-conserve","10":"product_cat-conserve-produse-germania","11":"product_cat-produse-germania","12":"product_cat-produse-olanda","14":"first","15":"outofstock","16":"taxable","17":"shipping-taxable","18":"purchasable","19":"product-type-simple"},"acf":[],"_links":{"self":[{"href":"https:\/\/totalblue.ro\/fr\/wp-json\/wp\/v2\/product\/28106","targetHints":{"allow":["GET"]}}],"collection":[{"href":"https:\/\/totalblue.ro\/fr\/wp-json\/wp\/v2\/product"}],"about":[{"href":"https:\/\/totalblue.ro\/fr\/wp-json\/wp\/v2\/types\/product"}],"replies":[{"embeddable":true,"href":"https:\/\/totalblue.ro\/fr\/wp-json\/wp\/v2\/comments?post=28106"}],"wp:featuredmedia":[{"embeddable":true,"href":"https:\/\/totalblue.ro\/fr\/wp-json\/wp\/v2\/media\/28107"}],"wp:attachment":[{"href":"https:\/\/totalblue.ro\/fr\/wp-json\/wp\/v2\/media?parent=28106"}],"wp:term":[{"taxonomy":"product_brand","embeddable":true,"href":"https:\/\/totalblue.ro\/fr\/wp-json\/wp\/v2\/product_brand?post=28106"},{"taxonomy":"product_cat","embeddable":true,"href":"https:\/\/totalblue.ro\/fr\/wp-json\/wp\/v2\/product_cat?post=28106"},{"taxonomy":"giftcard-category","embeddable":true,"href":"https:\/\/totalblue.ro\/fr\/wp-json\/wp\/v2\/giftcard-category?post=28106"}],"curies":[{"name":"wp","href":"https:\/\/api.w.org\/{rel}","templated":true}]}}