{"id":28118,"date":"2021-03-30T10:52:38","date_gmt":"2021-03-30T07:52:38","guid":{"rendered":"https:\/\/totalblue.ro\/?post_type=product&#038;p=28118"},"modified":"2025-08-05T15:38:22","modified_gmt":"2025-08-05T12:38:22","slug":"erasco-mexican-chili-con-carne-cu-ardei-verzi-800-g","status":"publish","type":"product","link":"https:\/\/totalblue.ro\/fr\/produs\/erasco-mexican-chili-con-carne-cu-ardei-verzi-800-g\/","title":{"rendered":"Erasco Mexican Chili con Carne cu ardei verzi 800 g"},"content":{"rendered":"<p>Mexikanisches Chili con Carne mit grunen Peperonis 800 g<br \/>\nErasco Mexican Chili con Carne cu ardei verzi 800 g<br \/>\nQuantit\u00e9 recommand\u00e9e pour 2 portions.<\/p>\n<p><strong>Ingr\u00e9dient : <\/strong>Legume, fasole rosie, apa, fasole alba, carne tocat\u0103 de vita, aroma, condimente, grasime de vita, amidon modificat, sare iodat, glatamat monosodic potentiator de aroma, guanilat disodic \u0219i inozinat de sodiu, condimente, zahar, guma de ingro\u0219are guar, gum\u0103 de salcam \u0219i xantan guma, ulei vegetal, colorant.<strong><br \/>\n<\/strong>Sans conservateur<strong><br \/>\nRecommandations :<\/strong> Verser le contenu dans une casserole. Faire chauffer \u00e0 feu moyen. Vous pouvez \u00e9galement faire chauffer au micro-ondes, 6 minutes \u00e0 600 W.<br \/>\n<strong>Conditions de stockage : <\/strong>Conserver dans un endroit sec \u00e0 temp\u00e9rature ambiante.<br \/>\nApr\u00e8s ouverture, conserver couvert au r\u00e9frig\u00e9rateur et consommer dans les 48h.<br \/>\n<strong>Allerg\u00e8nes : <\/strong>Contine: telina, mustar, grau, soia, oua, lapte<\/p>\n<p><strong>Nutrition\/100g :<br \/>\n<\/strong>Energie 408 kJ (97 kcal)<br \/>\nGr\u0103sime 3 g<br \/>\ndin care satura\u021bi 1.2 g<br \/>\nCarbohidra\u021bi 9.8 g<br \/>\ndin care zaharuri 1.8 g<br \/>\nFibre 4.7 g<br \/>\nProteine \u200b\u200b5.4 g<br \/>\nSare 0,84 g<\/p>\n<p>Pr\u00e9sentation : peut<br \/>\nPays d'origine : Allemagne<br \/>\nFabricat in Germania de Continental Foods Germany GmbH Kontaktadresse: Postfach 12 11 62, D-23532 L\u00fcbeck<br \/>\nImportateur et distributeur Total Blue Impex SRL<\/p>","protected":false},"excerpt":{"rendered":"<p>Mexikanisches Chili con Carne mit grunen Peperonis 800 g<br \/>\nErasco Mexican Chili con Carne cu ardei verzi 800 g<\/p>","protected":false},"featured_media":28121,"comment_status":"open","ping_status":"closed","template":"","meta":{"_acf_changed":false,"_seopress_robots_primary_cat":"1950","_seopress_titles_title":"","_seopress_titles_desc":"Mexikanisches Chili con Carne mit grunen Peperonis 800 g.Erasco Mexican Chili con Carne cu ardei verzi 800 g","_seopress_robots_index":""},"product_brand":[1951],"product_cat":[1555,1683,3272,3372,1950,1767],"giftcard-category":[],"class_list":{"0":"post-28118","1":"product","2":"type-product","3":"status-publish","4":"has-post-thumbnail","6":"product_brand-erasco","7":"product_cat-bacanie","8":"product_cat-conserve-mancare-gatita","9":"product_cat-conserve","10":"product_cat-conserve-produse-germania","11":"product_cat-produse-germania","12":"product_cat-produse-olanda","14":"first","15":"outofstock","16":"taxable","17":"shipping-taxable","18":"purchasable","19":"product-type-simple"},"acf":[],"_links":{"self":[{"href":"https:\/\/totalblue.ro\/fr\/wp-json\/wp\/v2\/product\/28118","targetHints":{"allow":["GET"]}}],"collection":[{"href":"https:\/\/totalblue.ro\/fr\/wp-json\/wp\/v2\/product"}],"about":[{"href":"https:\/\/totalblue.ro\/fr\/wp-json\/wp\/v2\/types\/product"}],"replies":[{"embeddable":true,"href":"https:\/\/totalblue.ro\/fr\/wp-json\/wp\/v2\/comments?post=28118"}],"wp:featuredmedia":[{"embeddable":true,"href":"https:\/\/totalblue.ro\/fr\/wp-json\/wp\/v2\/media\/28121"}],"wp:attachment":[{"href":"https:\/\/totalblue.ro\/fr\/wp-json\/wp\/v2\/media?parent=28118"}],"wp:term":[{"taxonomy":"product_brand","embeddable":true,"href":"https:\/\/totalblue.ro\/fr\/wp-json\/wp\/v2\/product_brand?post=28118"},{"taxonomy":"product_cat","embeddable":true,"href":"https:\/\/totalblue.ro\/fr\/wp-json\/wp\/v2\/product_cat?post=28118"},{"taxonomy":"giftcard-category","embeddable":true,"href":"https:\/\/totalblue.ro\/fr\/wp-json\/wp\/v2\/giftcard-category?post=28118"}],"curies":[{"name":"wp","href":"https:\/\/api.w.org\/{rel}","templated":true}]}}