{"id":28122,"date":"2021-03-30T11:13:02","date_gmt":"2021-03-30T08:13:02","guid":{"rendered":"https:\/\/totalblue.ro\/?post_type=product&#038;p=28122"},"modified":"2025-08-05T15:38:20","modified_gmt":"2025-08-05T12:38:20","slug":"macaroane-cu-branza-elvetiana-erasco-800-g","status":"publish","type":"product","link":"https:\/\/totalblue.ro\/fr\/produs\/macaroane-cu-branza-elvetiana-erasco-800-g\/","title":{"rendered":"Macaroane cu branza elvetiana Erasco 800 g"},"content":{"rendered":"<p>Schweizer K\u00e4se-Maccaroni Erasco 800g<br \/>\nMacaroane cu branza elvetiana Erasco 800 g<br \/>\nMacaroanele cu branza elve\u021biana au o mul\u021bime de chiftelute \u0219i macaroane mari \u00eentr-un sos cremos de branza. Sunt o adevarata experienta gustativa!<br \/>\nQuantit\u00e9 recommand\u00e9e pour 2 portions.<\/p>\n<p>Ingrediente: apa, 20% paste fierte (grau durum (gluten), apa, paste cu oua), 9% chiftele (carne de porc partial maruntita, apa, ceapa, faina de grau ( gluten ), sare, drojdie), ulei de rapita, bulion granulat (proteine \u200b\u200bdin porumb \u0219i rapita digerate, sare, grasimi de palmier (par\u021bial intarite), mirodenii), proteine din lapte, extract de drojdie, proteine din oua, condimente), ceapa, ulei de palmier, amidon modificat, 1,4% branza, smantana, lapte praf, sare, ulei de rapita, aroma (con\u021bine oua), proteine \u200b\u200bdin lapte, proteine \u200b\u200bdin zer, zahar, slanin\u0103 (gusa de porc, sare, fum), usturoi, ierburi, dextroza, ingrosator: guma de guar \u0219i xantan, emulgator: E472e, regulator de aciditate : citrat de sodiu.<br \/>\nFara conservanti, fara coloranti, fara potentiatori de aroma.<strong><br \/>\nRecommandations :<\/strong> Verser le contenu dans une casserole. Faire chauffer \u00e0 feu moyen. Vous pouvez \u00e9galement faire chauffer au micro-ondes, 6 minutes \u00e0 600 W.<br \/>\n<strong>Conditions de stockage : <\/strong>Conserver dans un endroit sec \u00e0 temp\u00e9rature ambiante.<br \/>\nApr\u00e8s ouverture, conserver couvert au r\u00e9frig\u00e9rateur et consommer dans les 48h.<br \/>\n<strong>Allerg\u00e8nes : <\/strong>Contine: oua, lapte. Poate contine urme de telina, soia, mustar.<\/p>\n<p><strong>Nutrition\/100g :<br \/>\n<\/strong>Energie 445 kJ \/ 107 kcal<br \/>\nGr\u0103simi 6,7 g din care acizi grasi saturati 1.4 g<br \/>\nCarbohidrati 8,1 g din care: zahar 0.5 g<br \/>\nFibres alimentaires 0,5 g<br \/>\nProteine \u200b\u200b3,2 g<br \/>\nSel 0,83 g<\/p>\n<p>Pr\u00e9sentation : peut<br \/>\nPays d'origine : Allemagne<br \/>\nFabriqu\u00e9 en Allemagne par GB Foods Deutschland GmbH , Geniner Strase 88-100, 23560 L\u00fcbeck<br \/>\nImportateur et distributeur Total Blue Impex SRL<\/p>","protected":false},"excerpt":{"rendered":"<p>Schweizer K\u00e4se-Maccaroni Erasco 800g<br \/>\nMacaroane cu branza elvetiana Erasco 800 g<\/p>","protected":false},"featured_media":28123,"comment_status":"open","ping_status":"closed","template":"","meta":{"_acf_changed":false,"_seopress_robots_primary_cat":"1950","_seopress_titles_title":"","_seopress_titles_desc":"Comanda acum online cu livrare rapida Schweizer K\u00e4se-Maccaroni Erasco 800g - Macaroane cu branza elvetiana Erasco 800 g","_seopress_robots_index":""},"product_brand":[1951],"product_cat":[1555,1683,3272,3372,1950,1767],"giftcard-category":[],"class_list":{"0":"post-28122","1":"product","2":"type-product","3":"status-publish","4":"has-post-thumbnail","6":"product_brand-erasco","7":"product_cat-bacanie","8":"product_cat-conserve-mancare-gatita","9":"product_cat-conserve","10":"product_cat-conserve-produse-germania","11":"product_cat-produse-germania","12":"product_cat-produse-olanda","14":"first","15":"outofstock","16":"taxable","17":"shipping-taxable","18":"purchasable","19":"product-type-simple"},"acf":[],"_links":{"self":[{"href":"https:\/\/totalblue.ro\/fr\/wp-json\/wp\/v2\/product\/28122","targetHints":{"allow":["GET"]}}],"collection":[{"href":"https:\/\/totalblue.ro\/fr\/wp-json\/wp\/v2\/product"}],"about":[{"href":"https:\/\/totalblue.ro\/fr\/wp-json\/wp\/v2\/types\/product"}],"replies":[{"embeddable":true,"href":"https:\/\/totalblue.ro\/fr\/wp-json\/wp\/v2\/comments?post=28122"}],"wp:featuredmedia":[{"embeddable":true,"href":"https:\/\/totalblue.ro\/fr\/wp-json\/wp\/v2\/media\/28123"}],"wp:attachment":[{"href":"https:\/\/totalblue.ro\/fr\/wp-json\/wp\/v2\/media?parent=28122"}],"wp:term":[{"taxonomy":"product_brand","embeddable":true,"href":"https:\/\/totalblue.ro\/fr\/wp-json\/wp\/v2\/product_brand?post=28122"},{"taxonomy":"product_cat","embeddable":true,"href":"https:\/\/totalblue.ro\/fr\/wp-json\/wp\/v2\/product_cat?post=28122"},{"taxonomy":"giftcard-category","embeddable":true,"href":"https:\/\/totalblue.ro\/fr\/wp-json\/wp\/v2\/giftcard-category?post=28122"}],"curies":[{"name":"wp","href":"https:\/\/api.w.org\/{rel}","templated":true}]}}