{"id":28131,"date":"2021-03-30T12:48:09","date_gmt":"2021-03-30T09:48:09","guid":{"rendered":"https:\/\/totalblue.ro\/?post_type=product&#038;p=28131"},"modified":"2026-02-24T10:38:55","modified_gmt":"2026-02-24T08:38:55","slug":"curry-vegetal-indian-erasco-800-g","status":"publish","type":"product","link":"https:\/\/totalblue.ro\/fr\/produs\/curry-vegetal-indian-erasco-800-g\/","title":{"rendered":"Erasco Curry indien de l\u00e9gumes 800 g"},"content":{"rendered":"<p>Indisches Gem\u00fcse-Curry Erasco 800 g<br \/>\nErasco Curry indien de l\u00e9gumes 800 g<br \/>\nQuantit\u00e9 recommand\u00e9e pour 2 portions.<\/p>\n<p><strong>Ingr\u00e9dient : <\/strong>apa, 33% legume (cartofi, dovleac, dovlecei, ardei ro\u0219ii, conopid\u0103, morcovi, mazare, ceapa), 17% naut, 5% lapte de cocos, ananas, curry, amidon modificat, sare iodata, ulei de rapita, aroma, condimente, dextroz\u0103, extract de turmeric colorant, ingrosator: guma guar, guma de salcam \u0219i guma xantan, regulator de aciditate: citrat de sodiu, acidifiant: acid citric. Poate contine urme de ou, grau (gluten), lapte, soia, telina \u0219i mustar.<strong><br \/>\nProduit v\u00e9g\u00e9tarien.<br \/>\nRecommandations :<\/strong> Verser le contenu dans une casserole. Faire chauffer \u00e0 feu moyen. Vous pouvez \u00e9galement faire chauffer au micro-ondes, 6 minutes \u00e0 600 W.<br \/>\n<strong>Conditions de stockage : <\/strong>Conserver dans un endroit sec \u00e0 temp\u00e9rature ambiante.<br \/>\nApr\u00e8s ouverture, conserver couvert au r\u00e9frig\u00e9rateur et consommer dans les 48h.<br \/>\n<strong>Allerg\u00e8nes :\u00a0<\/strong>Poate contine urme de ou, grau (gluten), lapte, soia, telina \u0219i mustar.<\/p>\n<p><strong>Nutrition\/100g :<br \/>\n<\/strong>Valeurs nutritionnelles \/ 100 g :<br \/>\nEnergie 287 kJ \/ 69 kcal<br \/>\nGrasime 2.3 g din care acizi grasi saturati 0.9 g<br \/>\nCarbohidra\u021bi 8 g din care zahar 1.4 g<br \/>\nFibre 3.2 g<br \/>\nProteine \u200b\u200b2.5 g<br \/>\nSare 0.92 g<\/p>\n<p>Pr\u00e9sentation : peut<br \/>\nPays d'origine : Allemagne<br \/>\nFabricat in Germania de Continental Foods Germany GmbH Kontaktadresse: Postfach 12 11 62, D-23532 L\u00fcbeck<br \/>\nImportateur et distributeur Total Blue Impex SRL<br \/>\n<a href=\"https:\/\/totalblue.ro\/wp-content\/uploads\/2021\/02\/vegetarian.jpeg\"><img loading=\"lazy\" decoding=\"async\" class=\"alignnone wp-image-27413\" src=\"https:\/\/totalblue.ro\/wp-content\/uploads\/2021\/02\/vegetarian.jpeg\" alt=\"\" width=\"124\" height=\"124\" srcset=\"https:\/\/totalblue.ro\/wp-content\/uploads\/2021\/02\/vegetarian.jpeg 225w, https:\/\/totalblue.ro\/wp-content\/uploads\/2021\/02\/vegetarian-100x100.jpeg 100w\" sizes=\"auto, (max-width: 124px) 100vw, 124px\" \/><\/a><\/p>","protected":false},"excerpt":{"rendered":"<p>Indisches Gem\u00fcse-Curry Erasco 800 g<br \/>\nErasco Curry indien de l\u00e9gumes 800 g<\/p>","protected":false},"featured_media":28132,"comment_status":"open","ping_status":"closed","template":"","meta":{"_acf_changed":false,"_seopress_robots_primary_cat":"1950","_seopress_titles_title":"","_seopress_titles_desc":"Comanda acum cu livrare rapida Indisches Gem\u00fcse-Curry Erasco 800 g - Curry vegetal indian Erasco 800 g","_seopress_robots_index":""},"product_brand":[1951],"product_cat":[1555,1683,3372,3272,1950,1767],"giftcard-category":[],"class_list":{"0":"post-28131","1":"product","2":"type-product","3":"status-publish","4":"has-post-thumbnail","6":"product_brand-erasco","7":"product_cat-bacanie","8":"product_cat-conserve-mancare-gatita","9":"product_cat-conserve-produse-germania","10":"product_cat-conserve","11":"product_cat-produse-germania","12":"product_cat-produse-olanda","14":"first","15":"instock","16":"taxable","17":"shipping-taxable","18":"purchasable","19":"product-type-simple"},"acf":[],"_links":{"self":[{"href":"https:\/\/totalblue.ro\/fr\/wp-json\/wp\/v2\/product\/28131","targetHints":{"allow":["GET"]}}],"collection":[{"href":"https:\/\/totalblue.ro\/fr\/wp-json\/wp\/v2\/product"}],"about":[{"href":"https:\/\/totalblue.ro\/fr\/wp-json\/wp\/v2\/types\/product"}],"replies":[{"embeddable":true,"href":"https:\/\/totalblue.ro\/fr\/wp-json\/wp\/v2\/comments?post=28131"}],"wp:featuredmedia":[{"embeddable":true,"href":"https:\/\/totalblue.ro\/fr\/wp-json\/wp\/v2\/media\/28132"}],"wp:attachment":[{"href":"https:\/\/totalblue.ro\/fr\/wp-json\/wp\/v2\/media?parent=28131"}],"wp:term":[{"taxonomy":"product_brand","embeddable":true,"href":"https:\/\/totalblue.ro\/fr\/wp-json\/wp\/v2\/product_brand?post=28131"},{"taxonomy":"product_cat","embeddable":true,"href":"https:\/\/totalblue.ro\/fr\/wp-json\/wp\/v2\/product_cat?post=28131"},{"taxonomy":"giftcard-category","embeddable":true,"href":"https:\/\/totalblue.ro\/fr\/wp-json\/wp\/v2\/giftcard-category?post=28131"}],"curies":[{"name":"wp","href":"https:\/\/api.w.org\/{rel}","templated":true}]}}