{"id":28192,"date":"2021-03-31T12:55:47","date_gmt":"2021-03-31T09:55:47","guid":{"rendered":"https:\/\/totalblue.ro\/?post_type=product&#038;p=28192"},"modified":"2026-04-20T12:39:57","modified_gmt":"2026-04-20T09:39:57","slug":"sauce-wijko-sate-prete-a-lemploi-500-g","status":"publish","type":"product","link":"https:\/\/totalblue.ro\/fr\/produs\/sos-wijko-sate-gata-preparat-500-g\/","title":{"rendered":"Sauce Wijko Sat\u00e9 pr\u00eate \u00e0 l'emploi 520 g"},"content":{"rendered":"<p>Wijko Sat\u00e9 saus kant en klaar 520 g<br \/>\nSauce Wijko Sat\u00e9 pr\u00eate \u00e0 l'emploi 520 g<br \/>\n<strong>Ingr\u00e9dient :<\/strong> eau, arachides 26%, sucre, sauce soja (eau, f\u00e8ves de soja, sel, bl\u00e9, conservateur (sorbate de potassium), vinaigre, lactos\u00e9rum en poudre (lait), ar\u00f4mes (contient du soja), huile de colza, amidon modifi\u00e9, \u00e9pices, sambal (poivrons rouges), sel, eau, acide alimentaire (acide ac\u00e9tique), conservateur (acide benzo\u00efque), sel, gingembre, oignon, conservateur (sorbate de potassium), acide alimentaire (acide lactique), r\u00e9gulateur d'acidit\u00e9 (lactate de sodium), \u00e9mulsifiant (LECITINE DE SOJA), colorant (E150d), concentr\u00e9 de paprika, antioxydant (E385), \u00e9paississants (gomme de guar, gomme de xanthane).<br \/>\n<strong>Allerg\u00e8nes :<\/strong> Lait, arachides, c\u00e9r\u00e9ales contenant du gluten, soja, bl\u00e9<br \/>\n<strong>Recommandation de pr\u00e9paration :<\/strong> Au micro-ondes : retirer le couvercle et percer quelques trous dans le papier d'aluminium. Faire chauffer la sauce pendant environ 3 minutes \u00e0 650 watts maximum. Retirer d\u00e9licatement le papier d'aluminium et remuer doucement la sauce.<br \/>\nPo\u00eale : mettre la sauce dans la po\u00eale et la faire chauffer \u00e0 feu doux en remuant (ne pas faire bouillir).<br \/>\n<strong>Conditions de stockage :<\/strong> Conserver \u00e0 l'abri de la lumi\u00e8re et \u00e0 temp\u00e9rature ambiante. R\u00e9frig\u00e9rer apr\u00e8s ouverture.<br \/>\n<strong>Valeurs nutritionnelles\/100g :<\/strong><br \/>\nEnergie 970 kJ \/ 236 kcal<br \/>\nGrasime 14 g din care saturate 1,8 g<br \/>\nCarbohidra\u021bi 18 g din care zaharuri 15 g<br \/>\nProteine \u200b\u200b7,8 g<br \/>\nSel 1,2 g<br \/>\nFabriqu\u00e9 aux Pays-Bas par Wijko , Antwoordnummer 98057 1000 VA Amsterdam<br \/>\nImportateur et distributeur Total Blue Impex SRL<\/p>\n<p>&nbsp;<\/p>","protected":false},"excerpt":{"rendered":"<p>Wijko Sat\u00e9 saus kant en klaar 520 g Sos Wijko Sat\u00e9 gata preparat 520 g Ingrediente: apa, arahide 26%, zahar, sos de soia (apa, boabe de soia, sare, grau, conservant (sorbat de potasiu), o\u021bet, praf de zer (lapte), arome (con\u021bin soia), ulei de rapita, amidon modificat, condimente , sambal (ardei ro\u0219ii), sare, apa, acid alimentar [&#8230;]\n","protected":false},"featured_media":28193,"comment_status":"open","ping_status":"closed","template":"","meta":{"_acf_changed":false,"_seopress_robots_primary_cat":"1767","_seopress_titles_title":"Sos de arahide gata preparat, sos alune Wijko gata preparat","_seopress_titles_desc":"Cauti sos de arahide gata preparat ? Cumpara acum online Sos de arahide gata preparat, sos alune Wijko gata preparat, sos arahide gratare, bbq","_seopress_robots_index":""},"product_brand":[],"product_cat":[1555,3280,1683,1767],"giftcard-category":[],"class_list":{"0":"post-28192","1":"product","2":"type-product","3":"status-publish","4":"has-post-thumbnail","6":"product_cat-bacanie","7":"product_cat-condimente-sosuri","8":"product_cat-conserve-mancare-gatita","9":"product_cat-produse-olanda","11":"first","12":"instock","13":"taxable","14":"shipping-taxable","15":"purchasable","16":"product-type-simple"},"acf":[],"_links":{"self":[{"href":"https:\/\/totalblue.ro\/fr\/wp-json\/wp\/v2\/product\/28192","targetHints":{"allow":["GET"]}}],"collection":[{"href":"https:\/\/totalblue.ro\/fr\/wp-json\/wp\/v2\/product"}],"about":[{"href":"https:\/\/totalblue.ro\/fr\/wp-json\/wp\/v2\/types\/product"}],"replies":[{"embeddable":true,"href":"https:\/\/totalblue.ro\/fr\/wp-json\/wp\/v2\/comments?post=28192"}],"wp:featuredmedia":[{"embeddable":true,"href":"https:\/\/totalblue.ro\/fr\/wp-json\/wp\/v2\/media\/28193"}],"wp:attachment":[{"href":"https:\/\/totalblue.ro\/fr\/wp-json\/wp\/v2\/media?parent=28192"}],"wp:term":[{"taxonomy":"product_brand","embeddable":true,"href":"https:\/\/totalblue.ro\/fr\/wp-json\/wp\/v2\/product_brand?post=28192"},{"taxonomy":"product_cat","embeddable":true,"href":"https:\/\/totalblue.ro\/fr\/wp-json\/wp\/v2\/product_cat?post=28192"},{"taxonomy":"giftcard-category","embeddable":true,"href":"https:\/\/totalblue.ro\/fr\/wp-json\/wp\/v2\/giftcard-category?post=28192"}],"curies":[{"name":"wp","href":"https:\/\/api.w.org\/{rel}","templated":true}]}}