{"id":28220,"date":"2021-03-31T15:21:58","date_gmt":"2021-03-31T12:21:58","guid":{"rendered":"https:\/\/totalblue.ro\/?post_type=product&#038;p=28220"},"modified":"2026-02-26T12:07:49","modified_gmt":"2026-02-26T10:07:49","slug":"kuhne-amsterdam-ceapa-murata-340-g","status":"publish","type":"product","link":"https:\/\/totalblue.ro\/fr\/produs\/kuhne-amsterdam-ceapa-murata-340-g\/","title":{"rendered":"K\u00fchne Amsterdam Oignon marin\u00e9 340 g"},"content":{"rendered":"<p>K\u00fchne Amsterdamse uien 340 g<br \/>\nK\u00fchne Amsterdam Oignon marin\u00e9 340 g<br \/>\nIdeal pentru salate sau ca garnituri.<br \/>\nCeapa noastra este sortata manual \u0219i verificata cu aten\u021bie. Numai cele mai bune cepe sunt folosite. Otet fin, ierburi proaspete \u0219i condimente: asa ceapa isi capata gustul tipic \u0219i ramane crocanta.<br \/>\nGreutate 340 g \/ Masa produse fara lichid 190 g<br \/>\n<strong>Ingr\u00e9dient :<\/strong> ceapa , otet natural, sirop de glucoza-fructoza, zahar, sare, colorant: riboflavine.<br \/>\nA se p\u0103stra la frigider dup\u0103 deschidere (max. 7 \u00b0 C).<br \/>\n<strong>Valeurs nutritionnelles :<\/strong><br \/>\nEnergie 231 kJ \/ 55 kcal<br \/>\nGrasimi 0,1 g din care grasimi saturati &lt;0,1 g<br \/>\nCarbohidrati 11 g din care zaharuri 6,1 g<br \/>\nFibres alimentaires 1,5 g<br \/>\nProt\u00e9ines 0,8 g<br \/>\nSel 1,3 g<\/p>\n<p>Fabricat in Germania Carl K\u00fchne<br \/>\nK\u00fchneh\u00f6fe 11 D-22761 Hamburg Germany<br \/>\nImportateur et distributeur Total Blue Impex SRL<\/p>","protected":false},"excerpt":{"rendered":"<p>K\u00fchne Amsterdamse uien 340 g<br \/>\nK\u00fchne Amsterdam Oignon marin\u00e9 340 g<\/p>","protected":false},"featured_media":28221,"comment_status":"open","ping_status":"closed","template":"","meta":{"_acf_changed":false,"_seopress_robots_primary_cat":"1950","_seopress_titles_title":"","_seopress_titles_desc":"Comanda acum K\u00fchne Amsterdam Ceapa murata 340 g cu livrare rapida din stoc Bucuresti! Preturi mici, transport gratuit","_seopress_robots_index":""},"product_brand":[2002],"product_cat":[1555,1683,3372,3272,1950,1767],"giftcard-category":[],"class_list":{"0":"post-28220","1":"product","2":"type-product","3":"status-publish","4":"has-post-thumbnail","6":"product_brand-kuhne","7":"product_cat-bacanie","8":"product_cat-conserve-mancare-gatita","9":"product_cat-conserve-produse-germania","10":"product_cat-conserve","11":"product_cat-produse-germania","12":"product_cat-produse-olanda","14":"first","15":"instock","16":"taxable","17":"shipping-taxable","18":"purchasable","19":"product-type-simple"},"acf":[],"_links":{"self":[{"href":"https:\/\/totalblue.ro\/fr\/wp-json\/wp\/v2\/product\/28220","targetHints":{"allow":["GET"]}}],"collection":[{"href":"https:\/\/totalblue.ro\/fr\/wp-json\/wp\/v2\/product"}],"about":[{"href":"https:\/\/totalblue.ro\/fr\/wp-json\/wp\/v2\/types\/product"}],"replies":[{"embeddable":true,"href":"https:\/\/totalblue.ro\/fr\/wp-json\/wp\/v2\/comments?post=28220"}],"wp:featuredmedia":[{"embeddable":true,"href":"https:\/\/totalblue.ro\/fr\/wp-json\/wp\/v2\/media\/28221"}],"wp:attachment":[{"href":"https:\/\/totalblue.ro\/fr\/wp-json\/wp\/v2\/media?parent=28220"}],"wp:term":[{"taxonomy":"product_brand","embeddable":true,"href":"https:\/\/totalblue.ro\/fr\/wp-json\/wp\/v2\/product_brand?post=28220"},{"taxonomy":"product_cat","embeddable":true,"href":"https:\/\/totalblue.ro\/fr\/wp-json\/wp\/v2\/product_cat?post=28220"},{"taxonomy":"giftcard-category","embeddable":true,"href":"https:\/\/totalblue.ro\/fr\/wp-json\/wp\/v2\/giftcard-category?post=28220"}],"curies":[{"name":"wp","href":"https:\/\/api.w.org\/{rel}","templated":true}]}}