{"id":28235,"date":"2021-03-31T16:41:14","date_gmt":"2021-03-31T13:41:14","guid":{"rendered":"https:\/\/totalblue.ro\/?post_type=product&#038;p=28235"},"modified":"2026-04-02T12:22:04","modified_gmt":"2026-04-02T09:22:04","slug":"brinta-mic-dejun-cu-cereale-integrale-500-g","status":"publish","type":"product","link":"https:\/\/totalblue.ro\/fr\/produs\/brinta-mic-dejun-cu-cereale-integrale-500-g\/","title":{"rendered":"Brinta C\u00e9r\u00e9ales compl\u00e8tes pour le petit-d\u00e9jeuner 500 g"},"content":{"rendered":"<p>Brinta Volkoren graanontbijt 500 g<br \/>\nBrinta C\u00e9r\u00e9ales compl\u00e8tes pour le petit-d\u00e9jeuner 500 g<br \/>\nBrinta este micul dejun complet. Brinta contine grau integral 100% \u0219i este o sursa natural\u0103 de 6 vitamine \u0219i minerale, surs\u0103 de fibre dietetice, surs\u0103 de vitamina B1 . Ideal pentru un \u00eenceput puternic \u00een fiecare zi!<br \/>\nBrinta con\u021bine fier. Brinta con\u021bine, de asemenea, magneziu, recomandat pentru mu\u0219chi \u0219i oase puternice.<br \/>\nBrand: Brinta<br \/>\nGreutate 500 g \/ Cantarita 540 grame<br \/>\nPrezentare : cutie de carton. Ambalaj reciclabil.<br \/>\n<strong>Ingr\u00e9dient : <\/strong>Fain\u0103 integrala de grau, sare<br \/>\n<strong>Allerg\u00e8nes<br \/>\n<\/strong>Cereale care con\u021bin gluten, grau<br \/>\n<strong>Detalii de pregtire:<br \/>\n<\/strong>1. Incalziti 250 ml de lapte intr-o cratit\u0103 sau 1\u00bd minute la cuptorul cu microunde la aproximativ 750-900 wa\u021bi.<br \/>\n2. Se toarna laptele cald \u00eentr-un castron \u0219i se adaug\u0103 4 linguri de Brinta (35 grame).<br \/>\n3. Se amestec\u0103 bine Brinta .<br \/>\nDup\u0103 ce preg\u0103ti\u021bi un shake de fructe, adauga\u021bi 2 linguri generoase de Brinta, pentru o varianta cu fibre suplimentare.<br \/>\n<strong>Conditions de stockage :<\/strong><br \/>\nConserver dans un endroit frais et sec.<\/p>\n<p><strong>Nutrition\/100g :<br \/>\n<\/strong>Energie 1457 kJ \/ 345 Kcal<br \/>\nGrasimi 2.1 g din care saturati 0,3 g<br \/>\nCarbohidrati 61 g din care zaharuri 5,6 g<br \/>\nFibre alimentare 11 g<br \/>\nProteine \u200b\u200b15 g<br \/>\nSel 0,01 g<br \/>\nVitamina B1 \/ tiamin\u0103 0,43 mg 39%<br \/>\nVitamina B11 \/ acid folic 63 \u00b5g 31%<br \/>\nFosfor 297 mg 42%<br \/>\nMagneziu 96 mg 26%<br \/>\nFier 3,9 mg 28%<br \/>\nZinc 2,7 mg 27%<\/p>\n<p>Fabricat in Olanda de BRINTA CONSUMENTENSERVICE<br \/>\nAntwoordnummer 98057 1000 VA Amsterdam<br \/>\nImportateur et distributeur Total Blue Impex SRL<strong><br \/>\n<\/strong><\/p>","protected":false},"excerpt":{"rendered":"<p>Brinta Volkoren graanontbijt 500 g<br \/>\nBrinta C\u00e9r\u00e9ales compl\u00e8tes pour le petit-d\u00e9jeuner 500 g<\/p>","protected":false},"featured_media":28236,"comment_status":"open","ping_status":"closed","template":"","meta":{"_acf_changed":false,"_seopress_robots_primary_cat":"none","_seopress_titles_title":"Brinta Mic dejun cu cereale integrale 500 g","_seopress_titles_desc":"Cauti Brinta? Cauti cereale Brinta? Cumpara acum online cereale Brinta , Brinta Mic dejun cu cereale integrale cereale import Olanda, cereale integrale","_seopress_robots_index":""},"product_brand":[2013],"product_cat":[1555,1506,3304,1767],"giftcard-category":[],"class_list":{"0":"post-28235","1":"product","2":"type-product","3":"status-publish","4":"has-post-thumbnail","6":"product_brand-brinta","7":"product_cat-bacanie","8":"product_cat-cafea-ceai-mic-dejun","9":"product_cat-mic-dejun-produse-olanda","10":"product_cat-produse-olanda","12":"first","13":"outofstock","14":"taxable","15":"shipping-taxable","16":"purchasable","17":"product-type-simple"},"acf":[],"_links":{"self":[{"href":"https:\/\/totalblue.ro\/fr\/wp-json\/wp\/v2\/product\/28235","targetHints":{"allow":["GET"]}}],"collection":[{"href":"https:\/\/totalblue.ro\/fr\/wp-json\/wp\/v2\/product"}],"about":[{"href":"https:\/\/totalblue.ro\/fr\/wp-json\/wp\/v2\/types\/product"}],"replies":[{"embeddable":true,"href":"https:\/\/totalblue.ro\/fr\/wp-json\/wp\/v2\/comments?post=28235"}],"wp:featuredmedia":[{"embeddable":true,"href":"https:\/\/totalblue.ro\/fr\/wp-json\/wp\/v2\/media\/28236"}],"wp:attachment":[{"href":"https:\/\/totalblue.ro\/fr\/wp-json\/wp\/v2\/media?parent=28235"}],"wp:term":[{"taxonomy":"product_brand","embeddable":true,"href":"https:\/\/totalblue.ro\/fr\/wp-json\/wp\/v2\/product_brand?post=28235"},{"taxonomy":"product_cat","embeddable":true,"href":"https:\/\/totalblue.ro\/fr\/wp-json\/wp\/v2\/product_cat?post=28235"},{"taxonomy":"giftcard-category","embeddable":true,"href":"https:\/\/totalblue.ro\/fr\/wp-json\/wp\/v2\/giftcard-category?post=28235"}],"curies":[{"name":"wp","href":"https:\/\/api.w.org\/{rel}","templated":true}]}}