{"id":28255,"date":"2021-04-01T12:15:02","date_gmt":"2021-04-01T09:15:02","guid":{"rendered":"https:\/\/totalblue.ro\/?post_type=product&#038;p=28255"},"modified":"2026-01-24T19:53:00","modified_gmt":"2026-01-24T17:53:00","slug":"sos-de-mere-de-calitate-extra-hak-335-g","status":"publish","type":"product","link":"https:\/\/totalblue.ro\/fr\/produs\/sos-de-mere-de-calitate-extra-hak-335-g\/","title":{"rendered":"Compote de pommes Hak de qualit\u00e9 sup\u00e9rieure 335 g"},"content":{"rendered":"<p>Hak Appelmoes extra kwaliteit 335 g<br \/>\nCompote de pommes Hak de qualit\u00e9 sup\u00e9rieure 335 g<br \/>\nLa compote de pommes Hak est fabriqu\u00e9e \u00e0 partir de pommes soigneusement s\u00e9lectionn\u00e9es. Une combinaison unique de 3 vari\u00e9t\u00e9s de pommes. Le m\u00e9lange de 3 vari\u00e9t\u00e9s de pommes donne une saveur unique et une structure solide. Un dessert d\u00e9licieux !<br \/>\n<strong>Ingr\u00e9dient :<\/strong> Pommes (96,3%), sucre, jus de citron concentr\u00e9, antioxydant (acide ascorbique).<br \/>\nProduit v\u00e9g\u00e9tarien.<br \/>\nSans gluten.<br \/>\n<strong>Recommandations :<\/strong> Utiliser une cuill\u00e8re en bois ou en plastique. Ne pas utiliser le contenu lorsque le couvercle est convexe.<br \/>\nServir avec de la cr\u00e8me fouett\u00e9e ou des raisins secs.<br \/>\nPeut \u00eatre mis dans des moules \u00e0 glace et plac\u00e9 au cong\u00e9lateur. Savourez une d\u00e9licieuse glace \u00e0 la pomme fra\u00eeche !<br \/>\nPeut \u00eatre utilis\u00e9 dans les g\u00e2teaux.<br \/>\n<strong>Conditions de stockage :<\/strong> Apr\u00e8s ouverture, r\u00e9frig\u00e9rer (max. 7\u00b0C)<br \/>\n<strong>Valeurs nutritionnelles\/100g :<\/strong><br \/>\nEnergie 256 kJ (61 kcal)<br \/>\nMati\u00e8res grasses 0,2 g dont satur\u00e9es 0 g<br \/>\nGlucides 13,5 g dont sucres1 13 g<br \/>\nFibres alimentaires 1,9 g<br \/>\nProt\u00e9ines 0,3 g<br \/>\nSel 0,01 g<br \/>\nPr\u00e9sentation : pot en verre avec couvercle.<br \/>\nFabriqu\u00e9 aux Pays-Bas par HAK B.V.<br \/>\nPostbus 2, 4283 ZG Giessen, Pays-Bas<br \/>\nImportateur et distributeur Total Blue Impex SRL<br \/>\n<a href=\"https:\/\/totalblue.ro\/wp-content\/uploads\/2021\/04\/nutri-score.jpg\"><img loading=\"lazy\" decoding=\"async\" class=\"alignnone wp-image-28257\" src=\"https:\/\/totalblue.ro\/wp-content\/uploads\/2021\/04\/nutri-score.jpg\" alt=\"\" width=\"211\" height=\"148\" srcset=\"https:\/\/totalblue.ro\/wp-content\/uploads\/2021\/04\/nutri-score.jpg 500w, https:\/\/totalblue.ro\/wp-content\/uploads\/2021\/04\/nutri-score-100x70.jpg 100w\" sizes=\"auto, (max-width: 211px) 100vw, 211px\" \/><\/a><\/p>\n<p>&nbsp;<\/p>","protected":false},"excerpt":{"rendered":"<p>Hak Appelmoes extra kwaliteit 335 g<br \/>\nCompote de pommes Hak de qualit\u00e9 sup\u00e9rieure 335 g<\/p>","protected":false},"featured_media":28256,"comment_status":"open","ping_status":"closed","template":"","meta":{"_acf_changed":false,"_seopress_robots_primary_cat":"1767","_seopress_titles_title":"Sos de mere de calitate extra Hak 335 g, Appelmoes mere Hak","_seopress_titles_desc":"Cauti Appelmoes ? Cumpara acum Appelmoes din mere delicioase cu livrare rapida , Sosul de mere Hak din 3 tipuride mere, gem mere Hak.","_seopress_robots_index":""},"product_brand":[2014],"product_cat":[1555,1506,3280,1683,1767],"giftcard-category":[],"class_list":{"0":"post-28255","1":"product","2":"type-product","3":"status-publish","4":"has-post-thumbnail","6":"product_brand-hak","7":"product_cat-bacanie","8":"product_cat-cafea-ceai-mic-dejun","9":"product_cat-condimente-sosuri","10":"product_cat-conserve-mancare-gatita","11":"product_cat-produse-olanda","13":"first","14":"instock","15":"taxable","16":"shipping-taxable","17":"purchasable","18":"product-type-simple"},"acf":[],"_links":{"self":[{"href":"https:\/\/totalblue.ro\/fr\/wp-json\/wp\/v2\/product\/28255","targetHints":{"allow":["GET"]}}],"collection":[{"href":"https:\/\/totalblue.ro\/fr\/wp-json\/wp\/v2\/product"}],"about":[{"href":"https:\/\/totalblue.ro\/fr\/wp-json\/wp\/v2\/types\/product"}],"replies":[{"embeddable":true,"href":"https:\/\/totalblue.ro\/fr\/wp-json\/wp\/v2\/comments?post=28255"}],"wp:featuredmedia":[{"embeddable":true,"href":"https:\/\/totalblue.ro\/fr\/wp-json\/wp\/v2\/media\/28256"}],"wp:attachment":[{"href":"https:\/\/totalblue.ro\/fr\/wp-json\/wp\/v2\/media?parent=28255"}],"wp:term":[{"taxonomy":"product_brand","embeddable":true,"href":"https:\/\/totalblue.ro\/fr\/wp-json\/wp\/v2\/product_brand?post=28255"},{"taxonomy":"product_cat","embeddable":true,"href":"https:\/\/totalblue.ro\/fr\/wp-json\/wp\/v2\/product_cat?post=28255"},{"taxonomy":"giftcard-category","embeddable":true,"href":"https:\/\/totalblue.ro\/fr\/wp-json\/wp\/v2\/giftcard-category?post=28255"}],"curies":[{"name":"wp","href":"https:\/\/api.w.org\/{rel}","templated":true}]}}