{"id":28304,"date":"2021-04-01T16:40:07","date_gmt":"2021-04-01T13:40:07","guid":{"rendered":"https:\/\/totalblue.ro\/?post_type=product&#038;p=28304"},"modified":"2025-11-25T16:43:49","modified_gmt":"2025-11-25T14:43:49","slug":"biscuiti-bolletje-echte-olanda","status":"publish","type":"product","link":"https:\/\/totalblue.ro\/fr\/produs\/biscuiti-bolletje-echte-olanda\/","title":{"rendered":"Bolletje ronds ronds bl\u00e9 13 pi\u00e8ces"},"content":{"rendered":"<p>Bolletje Echte beschuit 13 stuks<br \/>\nBolletje Echte beschuit este plin de aroma si sursa de fibre. Delicios si fragil. Preparat cu oua de la gaini crescute la sol.<br \/>\nContine 13 rondele.<br \/>\n<span class=\"col-md-6 col-sm-6 col-xs-12\"><strong>Ingr\u00e9dient<\/strong>: faina de grau, zahar, drojdie, sirop de glucoza, emulgatori (lecitina de soia, E433, E470a), 0,8% oua, fibre vegetale (grau, inulina), ulei de rapita, faina de secara, cereale integrale oatmeal, sare, farina agent de tratament. (acid ascorbic). Poate contine urme de alte boabe \u0219i seminte de susan care contin gluten.<br \/>\n<strong>Allerg\u00e8nes : <\/strong>Cereale care contin gluten, grau, soia, oua, secara, ovaz. Poate contine: seminte de susan.<br \/>\nPastrati la loc uscat. Dupa deschidere pastrati alunele intr-un recipient etans.<br \/>\n<strong>Nutrition\/100g :<\/strong><br \/>\nEnergie 1738 kJ (411 kcal)<br \/>\nGrasime 5,4 g din care satura\u021bi 1,5 g<br \/>\nCarbohidra\u021bi 74 g din care zaharuri 8.3 g<br \/>\nFibre dietetice 4 g<br \/>\nProteine \u200b\u200b15 g<br \/>\nSare 0,40 g<br \/>\nFabricat in Olanda de Bolletje Consumentenservice<br \/>\nAntwoordnummer 106, 7600 VB Almelo<br \/>\nImportateur et distributeur Total Blue Impex SRL<\/span><\/p>\n<p>Nou ! Click &amp; Collect\u00a0Total Blue\u00a0!<br \/>\nCommandez vos produits pr\u00e9f\u00e9r\u00e9s et venez chercher votre commande quand vous avez le temps !<br \/>\nCu serviciul Click &amp; Collect\u00a0Total Blue\u00a0iti po\u021bi rezerva online produsele, iar in intervalul orar 08:00-21:00 le poti ridica din locatia situata in Bucuresti, Sector 6, Bulevardul Uverturii 69 A<br \/>\nApr\u00e8s avoir pass\u00e9 et enregistr\u00e9 votre commande, vous serez inform\u00e9 (par t\u00e9l\u00e9phone, e-mail ou SMS) de l'heure \u00e0 laquelle vous pourrez venir r\u00e9cup\u00e9rer votre commande.<br \/>\nNu se percep taxe suplimentare pentru Click &amp; Collect\u00a0Total Blue<br \/>\nVous payez les articles achet\u00e9s soit en ligne au moment de la commande, soit en esp\u00e8ces ou par carte directement en magasin au moment de la collecte.<br \/>\nIncearca acum noul serviciu Click &amp; Collect\u00a0Total Blue\u00a0!<\/p>","protected":false},"excerpt":{"rendered":"<p>Bolletje Echte beschuit este plin de aroma si sursa de fibre. Delicios si fragil. Preparat cu oua de la gaini crescute la sol.<\/p>","protected":false},"featured_media":28305,"comment_status":"open","ping_status":"closed","template":"","meta":{"_acf_changed":false,"_seopress_robots_primary_cat":"none","_seopress_titles_title":"","_seopress_titles_desc":"Cumpara online Bolletje Echte beschuit. Magazin online cu produse olandeze. Paine prajita, toast paine, Dutch products.","_seopress_robots_index":""},"product_brand":[2017],"product_cat":[1555,3296,1767],"giftcard-category":[],"class_list":{"0":"post-28304","1":"product","2":"type-product","3":"status-publish","4":"has-post-thumbnail","6":"product_brand-bolletje","7":"product_cat-bacanie","8":"product_cat-brutarie-patiserie","9":"product_cat-produse-olanda","11":"first","12":"outofstock","13":"taxable","14":"shipping-taxable","15":"purchasable","16":"product-type-simple"},"acf":[],"_links":{"self":[{"href":"https:\/\/totalblue.ro\/fr\/wp-json\/wp\/v2\/product\/28304","targetHints":{"allow":["GET"]}}],"collection":[{"href":"https:\/\/totalblue.ro\/fr\/wp-json\/wp\/v2\/product"}],"about":[{"href":"https:\/\/totalblue.ro\/fr\/wp-json\/wp\/v2\/types\/product"}],"replies":[{"embeddable":true,"href":"https:\/\/totalblue.ro\/fr\/wp-json\/wp\/v2\/comments?post=28304"}],"wp:featuredmedia":[{"embeddable":true,"href":"https:\/\/totalblue.ro\/fr\/wp-json\/wp\/v2\/media\/28305"}],"wp:attachment":[{"href":"https:\/\/totalblue.ro\/fr\/wp-json\/wp\/v2\/media?parent=28304"}],"wp:term":[{"taxonomy":"product_brand","embeddable":true,"href":"https:\/\/totalblue.ro\/fr\/wp-json\/wp\/v2\/product_brand?post=28304"},{"taxonomy":"product_cat","embeddable":true,"href":"https:\/\/totalblue.ro\/fr\/wp-json\/wp\/v2\/product_cat?post=28304"},{"taxonomy":"giftcard-category","embeddable":true,"href":"https:\/\/totalblue.ro\/fr\/wp-json\/wp\/v2\/giftcard-category?post=28304"}],"curies":[{"name":"wp","href":"https:\/\/api.w.org\/{rel}","templated":true}]}}