{"id":28320,"date":"2021-04-02T10:41:53","date_gmt":"2021-04-02T07:41:53","guid":{"rendered":"https:\/\/totalblue.ro\/?post_type=product&#038;p=28320"},"modified":"2025-01-15T16:04:06","modified_gmt":"2025-01-15T14:04:06","slug":"flocons-de-chocolat-blanc-ruijter-hollandaise-300g","status":"publish","type":"product","link":"https:\/\/totalblue.ro\/fr\/produs\/fulgi-de-ciocolata-alba-de-ruijter-olanda-300g\/","title":{"rendered":"Flocons de chocolat blanc De Ruijter - Pays-Bas 300g"},"content":{"rendered":"<p>De Ruijter Witte vlokken 300 gr<br \/>\nFlocons de chocolat blanc De Ruijter - Pays-Bas 300g<br \/>\nId\u00e9al pour les sandwichs avec du pain et du beurre\/margarine.<br \/>\nPour un petit-d\u00e9jeuner rapide et d\u00e9licieux, il suffit d'un peu de beurre, de 2 tranches de pain et des flocons aromatis\u00e9s De Ruijter. Les flocons de chocolat aromatis\u00e9s sont fabriqu\u00e9s \u00e0 partir d'ingr\u00e9dients naturels et constituent une alternative plus saine \u00e0 la confiture trop sucr\u00e9e pour vous et vos enfants. Ils peuvent \u00e9galement \u00eatre utilis\u00e9s pour garnir des desserts, des glaces, des m\u00e9langes de yaourts, etc.<br \/>\n<strong>Ingr\u00e9dient :<\/strong> Sucre, lait \u00e9cr\u00e9m\u00e9 en poudre, beurre de cacao, lactose, lait entier, \u00e9mulsifiant (l\u00e9cithine de soja), ar\u00f4me (contient du lait).<br \/>\n<strong>Allerg\u00e8nes :<\/strong> lait, soja, lactose<br \/>\nConserver dans un endroit frais et sec. Ne pas laisser le couvercle ouvert apr\u00e8s ouverture.<br \/>\n<strong>La nutrition :<\/strong><br \/>\nValeurs nutritionnelles pour 100 g :<br \/>\n\u00c9nergie 1925 kJ (460 kcal)<br \/>\nGraisses 14 g dont 8,7 g de graisses satur\u00e9es<br \/>\nGlucides 77 g dont sucres 77 g<br \/>\nProt\u00e9ines 5,9 g<br \/>\nSel 0,22 g<br \/>\nFabriqu\u00e9 aux Pays-Bas par De Ruijter Consumentenservice<br \/>\nAntwoordnummer 98057, 1000 VA Amsterdam.<br \/>\nImportateur et distributeur Total Blue Impex SRL<br \/>\n<a href=\"https:\/\/totalblue.ro\/wp-content\/uploads\/2020\/12\/Rainforest-Alliance.jpeg\"><img loading=\"lazy\" decoding=\"async\" class=\"alignnone wp-image-27609\" src=\"https:\/\/totalblue.ro\/wp-content\/uploads\/2020\/12\/Rainforest-Alliance-699x400.jpeg\" alt=\"\" width=\"252\" height=\"144\" srcset=\"https:\/\/totalblue.ro\/wp-content\/uploads\/2020\/12\/Rainforest-Alliance-699x400.jpeg 699w, https:\/\/totalblue.ro\/wp-content\/uploads\/2020\/12\/Rainforest-Alliance-510x292.jpeg 510w, https:\/\/totalblue.ro\/wp-content\/uploads\/2020\/12\/Rainforest-Alliance-768x440.jpeg 768w, https:\/\/totalblue.ro\/wp-content\/uploads\/2020\/12\/Rainforest-Alliance-600x343.jpeg 600w, https:\/\/totalblue.ro\/wp-content\/uploads\/2020\/12\/Rainforest-Alliance-100x57.jpeg 100w, https:\/\/totalblue.ro\/wp-content\/uploads\/2020\/12\/Rainforest-Alliance.jpeg 959w\" sizes=\"auto, (max-width: 252px) 100vw, 252px\" \/><\/a><\/p>","protected":false},"excerpt":{"rendered":"<p>De Ruijter Witte vlokken 300 gr<br \/>\nFlocons de chocolat blanc De Ruijter - Pays-Bas 300g<br \/>\nId\u00e9al pour les sandwichs avec du pain et du beurre\/margarine.<\/p>","protected":false},"featured_media":28323,"comment_status":"open","ping_status":"closed","template":"","meta":{"_acf_changed":false,"_seopress_robots_primary_cat":"none","_seopress_titles_title":"","_seopress_titles_desc":"De Ruijter Witte vlokken 300 gr.Fulgi de ciocolata alba De Ruijter \u2013 Olanda 300g.Ideali pentru sandwichuri cu paine si unt \/ margarina.","_seopress_robots_index":""},"product_brand":[1823],"product_cat":[1555,1506,3338,3304,1767],"giftcard-category":[],"class_list":{"0":"post-28320","1":"product","2":"type-product","3":"status-publish","4":"has-post-thumbnail","6":"product_brand-de-ruijter","7":"product_cat-bacanie","8":"product_cat-cafea-ceai-mic-dejun","9":"product_cat-dulciuri-snacksuri","10":"product_cat-mic-dejun-produse-olanda","11":"product_cat-produse-olanda","13":"first","14":"outofstock","15":"taxable","16":"shipping-taxable","17":"purchasable","18":"product-type-simple"},"acf":[],"_links":{"self":[{"href":"https:\/\/totalblue.ro\/fr\/wp-json\/wp\/v2\/product\/28320","targetHints":{"allow":["GET"]}}],"collection":[{"href":"https:\/\/totalblue.ro\/fr\/wp-json\/wp\/v2\/product"}],"about":[{"href":"https:\/\/totalblue.ro\/fr\/wp-json\/wp\/v2\/types\/product"}],"replies":[{"embeddable":true,"href":"https:\/\/totalblue.ro\/fr\/wp-json\/wp\/v2\/comments?post=28320"}],"wp:featuredmedia":[{"embeddable":true,"href":"https:\/\/totalblue.ro\/fr\/wp-json\/wp\/v2\/media\/28323"}],"wp:attachment":[{"href":"https:\/\/totalblue.ro\/fr\/wp-json\/wp\/v2\/media?parent=28320"}],"wp:term":[{"taxonomy":"product_brand","embeddable":true,"href":"https:\/\/totalblue.ro\/fr\/wp-json\/wp\/v2\/product_brand?post=28320"},{"taxonomy":"product_cat","embeddable":true,"href":"https:\/\/totalblue.ro\/fr\/wp-json\/wp\/v2\/product_cat?post=28320"},{"taxonomy":"giftcard-category","embeddable":true,"href":"https:\/\/totalblue.ro\/fr\/wp-json\/wp\/v2\/giftcard-category?post=28320"}],"curies":[{"name":"wp","href":"https:\/\/api.w.org\/{rel}","templated":true}]}}