{"id":28387,"date":"2021-04-06T13:45:24","date_gmt":"2021-04-06T10:45:24","guid":{"rendered":"https:\/\/totalblue.ro\/?post_type=product&#038;p=28387"},"modified":"2026-01-24T19:53:44","modified_gmt":"2026-01-24T17:53:44","slug":"supa-de-pui-clara-unox-olanda-570-ml","status":"publish","type":"product","link":"https:\/\/totalblue.ro\/fr\/produs\/supa-de-pui-clara-unox-olanda-570-ml\/","title":{"rendered":"Supa de pui clara Unox Olanda 570 ml"},"content":{"rendered":"<p>Quantit\u00e9 id\u00e9ale pour 2 portions de soupe.<br \/>\nUnox Soep in zak heldere kippensoep 570 ml.<br \/>\nSupa de pui clara Unox Olanda 570 ml &#8211; gata preparata<br \/>\nBrandul olandez Unox produce cele mai bune supe olandeze inca din 1957.\u00a0 Deoarece Unox lucreaza in continuu la imbunatatirea produselor sale, pe langa supele clasice, gasim o gama variata de produse delicioase gata preparate.<br \/>\n<strong>Pr\u00e9paration :<\/strong>Ne pas mettre l'emballage au micro-ondes ! Mettre la soupe dans un bol et la faire chauffer au micro-ondes pendant 2,5 minutes \u00e0 environ 750 watts ou la faire chauffer directement dans une casserole en remuant d\u00e9licatement. Apr\u00e8s avoir \u00e9t\u00e9 r\u00e9chauff\u00e9e, la soupe est pr\u00eate \u00e0 \u00eatre d\u00e9gust\u00e9e !<br \/>\n<strong>Ingr\u00e9dient :<\/strong> apa, legume 11% (morcov 4,1%, praz 2%, ceapa 2%, mazare 1,8%, fasole verde 1,3%), carne de pui 4,7%, taietei 2,2% (grau tare, proteine de ou uscate), amidon de cartofi , grasime de pui 1%, sare, aroma naturala, extract de drojdie, intensificator de arom\u0103 E621, aroma, frunze de dafin, nucsoar\u0103, curcuma, antioxidant: extract de rozmarin, cultivat \u00een mod durabil.<br \/>\nFara zaharuri adaugate.<br \/>\n<strong>Stockage :<\/strong> Dup\u0103 deschiderea pungii, aceast\u0103 sup\u0103 poate fi p\u0103strat\u0103 maxim 2 zile la frigider. Inchideti punga.<br \/>\n<strong>Allerg\u00e8nes :<\/strong> Con\u021bine:Ou\u0103, gr\u00e2u<br \/>\nFabriqu\u00e9 aux Pays-Bas par Unilever Nederland Unox, Postbus 160 3000 AD AD Rotterdam<br \/>\nImportateur et distributeur Total Blue Impex SRL<br \/>\nValeurs nutritionnelles pour 100 ml :<br \/>\nEnergie 151 kJ (36 kcal)<br \/>\nGr\u0103simi 1,4 g din care satura\u021bi 0,4 g<br \/>\nCarbohidra\u021bi 3.6 g din care zaharuri 0,6 g<br \/>\nFibre dietetice &lt; 0,5 g<br \/>\nProt\u00e9ines 1,9 g<br \/>\nSel 0,66 g<\/p>","protected":false},"excerpt":{"rendered":"<p>Unox Soep in zak heldere kippensoep 570 ml.<br \/>\nSupa de pui clara Unox Olanda 570 ml &#8211; gata preparata<\/p>","protected":false},"featured_media":217796,"comment_status":"open","ping_status":"closed","template":"","meta":{"_acf_changed":false,"_seopress_robots_primary_cat":"none","_seopress_titles_title":"","_seopress_titles_desc":"Comanda acum Unox Soep in zak heldere kippensoep 570 ml. Supa de pui clara Unox Olanda 570 ml - gata preparata","_seopress_robots_index":""},"product_brand":[1925],"product_cat":[1555,1683,3272,1767],"giftcard-category":[],"class_list":{"0":"post-28387","1":"product","2":"type-product","3":"status-publish","4":"has-post-thumbnail","6":"product_brand-unox","7":"product_cat-bacanie","8":"product_cat-conserve-mancare-gatita","9":"product_cat-conserve","10":"product_cat-produse-olanda","12":"first","13":"outofstock","14":"taxable","15":"shipping-taxable","16":"purchasable","17":"product-type-simple"},"acf":[],"_links":{"self":[{"href":"https:\/\/totalblue.ro\/fr\/wp-json\/wp\/v2\/product\/28387","targetHints":{"allow":["GET"]}}],"collection":[{"href":"https:\/\/totalblue.ro\/fr\/wp-json\/wp\/v2\/product"}],"about":[{"href":"https:\/\/totalblue.ro\/fr\/wp-json\/wp\/v2\/types\/product"}],"replies":[{"embeddable":true,"href":"https:\/\/totalblue.ro\/fr\/wp-json\/wp\/v2\/comments?post=28387"}],"wp:featuredmedia":[{"embeddable":true,"href":"https:\/\/totalblue.ro\/fr\/wp-json\/wp\/v2\/media\/217796"}],"wp:attachment":[{"href":"https:\/\/totalblue.ro\/fr\/wp-json\/wp\/v2\/media?parent=28387"}],"wp:term":[{"taxonomy":"product_brand","embeddable":true,"href":"https:\/\/totalblue.ro\/fr\/wp-json\/wp\/v2\/product_brand?post=28387"},{"taxonomy":"product_cat","embeddable":true,"href":"https:\/\/totalblue.ro\/fr\/wp-json\/wp\/v2\/product_cat?post=28387"},{"taxonomy":"giftcard-category","embeddable":true,"href":"https:\/\/totalblue.ro\/fr\/wp-json\/wp\/v2\/giftcard-category?post=28387"}],"curies":[{"name":"wp","href":"https:\/\/api.w.org\/{rel}","templated":true}]}}