{"id":28391,"date":"2021-04-06T13:58:00","date_gmt":"2021-04-06T10:58:00","guid":{"rendered":"https:\/\/totalblue.ro\/?post_type=product&#038;p=28391"},"modified":"2025-12-22T20:57:30","modified_gmt":"2025-12-22T18:57:30","slug":"nestle-pyjamapapje-cu-vanilie-pentru-bebelusi-6-luni-3x250-ml","status":"publish","type":"product","link":"https:\/\/totalblue.ro\/fr\/produs\/nestle-pyjamapapje-cu-vanilie-pentru-bebelusi-6-luni-3x250-ml\/","title":{"rendered":"C\u00e9r\u00e9ales pr\u00eates \u00e0 l'emploi, Nestl\u00e9 Pyjamapapje, 6-36 mois, Vanille, 3\u00d7250ml"},"content":{"rendered":"<p>Nestl\u00e9 Pyjamapapje vanille 6+ baby pap 3 x250 ml.<br \/>\nNestl\u00e9 Pyjamapapje cu vanilie pentru bebelusi +6 Luni 3&#215;250 ml<br \/>\nNestl\u00e9 Pyjamapapje cu vanilie, produs pe baza de lapte si cereale.<br \/>\nNestl\u00e9 Pyjamapapje cu vanilie pentru bebelusi este un terci delicios gata preparat si contine vitamina D. Poate fi folosit in biberon, cana de invatare sau in farfurie. Ideal inainte de culcare!<br \/>\nRecomandat pentru bebelusi intre +6 Luni si 36 Luni<br \/>\nNestl\u00e9 Pyjamapapje cu vanilie pentru bebelusi este bogat in calciu, fier, vitamina D.<br \/>\nUn pachet 750 ml contine 3 bucati ( portii ) x 250 ml<br \/>\n<strong>Ingr\u00e9dient :<\/strong> lapte degresat 44%, apa, faina de grau 4,8% (par\u021bial hidrolizata), amidon de porumb, uleiuri vegetale (floarea soarelui, nuca de cocos, rapita (acid erucic scazut), zahar, maltodextrina, minerale (carbonat de calciu, fumarat de fier, sulfat de zinc , iodur\u0103 de potasiu), vitamine (C, E, niacin\u0103, acid pantotenic, B1, A, B6, B2, acid folic, K, D, biotin\u0103, B12), arom\u0103 naturala de vanilie.<br \/>\n<strong>Allerg\u00e8nes :<\/strong> Lapte, cereale care contin gluten<br \/>\n<strong>Mod de Pregatire \/ Mod de utilizare:<\/strong><br \/>\n1) Agitati bine pachetul inainte de utilizare.<br \/>\n2) Rupeti sau taiati pachetul in partea de sus. Se toarna pasta intr-o sticla \/ biberon sau o can\u0103 de baut.<br \/>\n3) incalziti pasta intr-o sticla sau o cana de baut, intr-un incalzitor pentru sticle sau la cuptorul cu microunde, timp de 45 de secunde la 500 de wati.<br \/>\nVerificati intotdeauna temperatura inainte de a da Nestl\u00e9 Pyjamapapje cu vanilie bebelusului dumneavoastra. Nu incalziti pachetul direct in cuptorul cu microunde.<br \/>\nNestl\u00e9 Pyjamapapje cu vanilie se poate da \/ servi bebelusului, rece sau cald. Nestl\u00e9 PajamaPapje poate fi depozitat nedeschis la temperatura camerei.<br \/>\nA se pastra la frigider dup\u0103 deschidere (maxim 24 de ore). Nu pastrati resturile de mancare incalzita.<br \/>\n<strong>Valeurs nutritionnelles :<\/strong><br \/>\nEnergie 349 kJ (83 kcal)<br \/>\nGrasimi 2,5 g din care saturati 0,2 g<br \/>\nCarbohidrati 13 g din care zaharuri 4,9 g<br \/>\nFibres alimentaires 0,5 g<br \/>\nProt\u00e9ines 2,3 g<br \/>\nSare 0,06 g<br \/>\nCalciu 120 mg 30%<br \/>\nIod 17,6 \u00b5g 25%<br \/>\nZinc 0,84 mg 21%<br \/>\nVitamina A 100 \u00b5g 25%<br \/>\nVitamina D 1,6 \u00b5g 16%<br \/>\nVitamina E 1,3 mg 26%<br \/>\nVitamina C 14 mg 56%<br \/>\nVitamina B1 \/ tiamin\u0103 0,17 mg 34%<br \/>\nVitamina B2 \/ Riboflavina 0,16 mg 20%<br \/>\nVitamina B3 \/ Niacina 0,74 mg 8%<br \/>\nVitamina B6 \/ piridoxin\u0103 0,09 mg 13%<br \/>\nVitamina B11 \/ acid folic 13,2 \u00b5g 13%<br \/>\nVitamina B5 \/ acid pantotenic 0,84 mg 28%<br \/>\nVitamina B12 \/ Ciano-Cobalamin\u0103 0,053 \u00b5g 8%<br \/>\nVitamina H \/ Biotin\u0103 2,8 \u00b5g 28%<br \/>\nVitamina K 5,6 \u00b5g 47%<br \/>\nFier 2,1 mg 35%<br \/>\nFabricat in Olanda de Nestl\u00e9 Nederland, Postbus 134, 1180 AC Amstelveen<br \/>\nImportateur et distributeur Total Blue Impex SRL<\/p>","protected":false},"excerpt":{"rendered":"<p>Nestl\u00e9 Pyjamapapje cu vanilie pentru bebelusi +6 Luni 3&#215;250 ml<br \/>\nNestl\u00e9 Pyjamapapje cu vanilie, produs pe baza de lapte si cereale.<\/p>","protected":false},"featured_media":39790,"comment_status":"open","ping_status":"closed","template":"","meta":{"_acf_changed":false,"_seopress_robots_primary_cat":"1767","_seopress_titles_title":"","_seopress_titles_desc":"Nestl\u00e9 Pyjamapapje cu vanilie pentru bebelusi +6 Luni 3x250 ml. Nestl\u00e9 Pyjamapapje cu vanilie, produs pe baza de lapte si cereale.","_seopress_robots_index":""},"product_brand":[6197],"product_cat":[1984,1520,5677,1767],"giftcard-category":[],"class_list":{"0":"post-28391","1":"product","2":"type-product","3":"status-publish","4":"has-post-thumbnail","6":"product_brand-nestle","7":"product_cat-hrana-bebelusi","8":"product_cat-mama-copilul","9":"product_cat-mancare-si-accesorii-bebe","10":"product_cat-produse-olanda","12":"first","13":"outofstock","14":"taxable","15":"shipping-taxable","16":"purchasable","17":"product-type-simple"},"acf":[],"_links":{"self":[{"href":"https:\/\/totalblue.ro\/fr\/wp-json\/wp\/v2\/product\/28391","targetHints":{"allow":["GET"]}}],"collection":[{"href":"https:\/\/totalblue.ro\/fr\/wp-json\/wp\/v2\/product"}],"about":[{"href":"https:\/\/totalblue.ro\/fr\/wp-json\/wp\/v2\/types\/product"}],"replies":[{"embeddable":true,"href":"https:\/\/totalblue.ro\/fr\/wp-json\/wp\/v2\/comments?post=28391"}],"wp:featuredmedia":[{"embeddable":true,"href":"https:\/\/totalblue.ro\/fr\/wp-json\/wp\/v2\/media\/39790"}],"wp:attachment":[{"href":"https:\/\/totalblue.ro\/fr\/wp-json\/wp\/v2\/media?parent=28391"}],"wp:term":[{"taxonomy":"product_brand","embeddable":true,"href":"https:\/\/totalblue.ro\/fr\/wp-json\/wp\/v2\/product_brand?post=28391"},{"taxonomy":"product_cat","embeddable":true,"href":"https:\/\/totalblue.ro\/fr\/wp-json\/wp\/v2\/product_cat?post=28391"},{"taxonomy":"giftcard-category","embeddable":true,"href":"https:\/\/totalblue.ro\/fr\/wp-json\/wp\/v2\/giftcard-category?post=28391"}],"curies":[{"name":"wp","href":"https:\/\/api.w.org\/{rel}","templated":true}]}}