{"id":28452,"date":"2021-04-07T11:16:20","date_gmt":"2021-04-07T08:16:20","guid":{"rendered":"https:\/\/totalblue.ro\/?post_type=product&#038;p=28452"},"modified":"2025-08-01T11:58:55","modified_gmt":"2025-08-01T08:58:55","slug":"knorr-pasta-snack-branza-si-sos-smantana","status":"publish","type":"product","link":"https:\/\/totalblue.ro\/fr\/produs\/knorr-pasta-snack-branza-si-sos-smantana\/","title":{"rendered":"Knorr Pasta Snack Branza si Sos Smantana, 63 g"},"content":{"rendered":"<p>Mod de preparare \/ Mod de utilizare:<br \/>\n1. Deschide\u021bi capacul.<br \/>\n2. Se toarn\u0103 apa clocotita pana la semn.<br \/>\n3. Se amesteca bine \u0219i se inchide din nou capacul.<br \/>\n4. Lasa pastele sa absoarba apa 5 minute.<br \/>\n5. Se amestec\u0103 din nou bine.<br \/>\n6. Gata ! Un snack rapid si delicios !<br \/>\n<strong>Ingr\u00e9dient : <\/strong>58% paste din grau durum , 12% smantana praf, amidon de cartofi, 5% branza procesata (Blauschimmekase,Hartkase, Crescenza &#8211; weixhkase, Molkenerzeugnis), ulei de palmier, sirop de glucoza, 2% slanina, sare de mare afumata, carne de porc bucatele afumata, proteine \u200b\u200bdin lapte, inlocuitor de sare, extract de drojdie, grasime din slanina afumata (slanina, sare de mas\u0103, fum), pudra de ceapa prajita, curcuma. Poate con\u021bine urme de ou, telina, soia \u0219i mustar.<br \/>\nContine paste tip spaghete, uscate.<br \/>\nFara coloranti, fara arome adaugate.<br \/>\n<strong>Allerg\u00e8nes : <\/strong>lactate si lactoza.<br \/>\nA se pastra intr-un loc racoros \u0219i uscat.<br \/>\n<strong>Valeurs nutritionnelles \/ 100g :<\/strong><br \/>\nEnergie 438 kJ \/ 105 kcal<br \/>\nGrasime 3 grame din care grasimi saturati 1 grame<br \/>\nCarbohidrati 16 grame din care zaharuri 2.1 grame<br \/>\nProteine 3.7 grame<br \/>\nSare 0.72 grame<br \/>\nBucatarie: Italiana<br \/>\nTara de origine : Germania<br \/>\n*Les recettes des produits peuvent \u00eatre modifi\u00e9es. Les informations fournies ici se r\u00e9f\u00e8rent \u00e0 la gamme allemande actuellement en vigueur et sont r\u00e9guli\u00e8rement mises \u00e0 jour. En cas de changement de recette, des produits avec l'ancienne et la nouvelle recette peuvent \u00eatre trouv\u00e9s dans les magasins. Par cons\u00e9quent, l'acheteur doit toujours lire attentivement toutes les informations figurant sur l'emballage. Cela vaut en particulier pour la liste des ingr\u00e9dients, afin de tenir compte des intol\u00e9rances.<br \/>\n<a href=\"https:\/\/totalblue.ro\/wp-content\/uploads\/2021\/04\/knorr.jpg\"><img loading=\"lazy\" decoding=\"async\" class=\"alignnone wp-image-28453\" src=\"https:\/\/totalblue.ro\/wp-content\/uploads\/2021\/04\/knorr.jpg\" alt=\"\" width=\"150\" height=\"150\" srcset=\"https:\/\/totalblue.ro\/wp-content\/uploads\/2021\/04\/knorr.jpg 300w, https:\/\/totalblue.ro\/wp-content\/uploads\/2021\/04\/knorr-100x100.jpg 100w, https:\/\/totalblue.ro\/wp-content\/uploads\/2021\/04\/knorr-280x280.jpg 280w\" sizes=\"auto, (max-width: 150px) 100vw, 150px\" \/><\/a><\/p>","protected":false},"excerpt":{"rendered":"<p>Mod de preparare \/ Mod de utilizare: 1. Deschide\u021bi capacul. 2. Se toarn\u0103 apa clocotita pana la semn. 3. Se amesteca bine \u0219i se inchide din nou capacul. 4. Lasa pastele sa absoarba apa 5 minute. 5. Se amestec\u0103 din nou bine. 6. Gata ! Un snack rapid si delicios ! Ingrediente: 58% paste din [&#8230;]\n","protected":false},"featured_media":180101,"comment_status":"open","ping_status":"closed","template":"","meta":{"_acf_changed":false,"_seopress_robots_primary_cat":"1950","_seopress_titles_title":"","_seopress_titles_desc":"Comanda acum cu livrare rapida pana la usa ta Knorr Pasta Snack Branza si Sos Smantana, 71 g! Pret promotional, livrare rapida","_seopress_robots_index":""},"product_brand":[1870],"product_cat":[1555,3372,3272,3428,3328,1950,1767,1954],"giftcard-category":[],"class_list":{"0":"post-28452","1":"product","2":"type-product","3":"status-publish","4":"has-post-thumbnail","6":"product_brand-knorr","7":"product_cat-bacanie","8":"product_cat-conserve-produse-germania","9":"product_cat-conserve","10":"product_cat-paste-orez-ulei-otet-produse-germania","11":"product_cat-paste-orez-ulei-otet","12":"product_cat-produse-germania","13":"product_cat-produse-olanda","14":"product_cat-semipreparate","16":"first","17":"outofstock","18":"taxable","19":"shipping-taxable","20":"purchasable","21":"product-type-simple"},"acf":[],"_links":{"self":[{"href":"https:\/\/totalblue.ro\/fr\/wp-json\/wp\/v2\/product\/28452","targetHints":{"allow":["GET"]}}],"collection":[{"href":"https:\/\/totalblue.ro\/fr\/wp-json\/wp\/v2\/product"}],"about":[{"href":"https:\/\/totalblue.ro\/fr\/wp-json\/wp\/v2\/types\/product"}],"replies":[{"embeddable":true,"href":"https:\/\/totalblue.ro\/fr\/wp-json\/wp\/v2\/comments?post=28452"}],"wp:featuredmedia":[{"embeddable":true,"href":"https:\/\/totalblue.ro\/fr\/wp-json\/wp\/v2\/media\/180101"}],"wp:attachment":[{"href":"https:\/\/totalblue.ro\/fr\/wp-json\/wp\/v2\/media?parent=28452"}],"wp:term":[{"taxonomy":"product_brand","embeddable":true,"href":"https:\/\/totalblue.ro\/fr\/wp-json\/wp\/v2\/product_brand?post=28452"},{"taxonomy":"product_cat","embeddable":true,"href":"https:\/\/totalblue.ro\/fr\/wp-json\/wp\/v2\/product_cat?post=28452"},{"taxonomy":"giftcard-category","embeddable":true,"href":"https:\/\/totalblue.ro\/fr\/wp-json\/wp\/v2\/giftcard-category?post=28452"}],"curies":[{"name":"wp","href":"https:\/\/api.w.org\/{rel}","templated":true}]}}