{"id":28716,"date":"2021-04-16T10:02:58","date_gmt":"2021-04-16T07:02:58","guid":{"rendered":"https:\/\/totalblue.ro\/?post_type=product&#038;p=28716"},"modified":"2024-04-20T06:06:28","modified_gmt":"2024-04-20T03:06:28","slug":"chocolat-au-lait-toblerone-100-g","status":"publish","type":"product","link":"https:\/\/totalblue.ro\/fr\/produs\/toblerone-ciocolata-cu-lapte-100-g\/","title":{"rendered":"Toblerone Chocolat au lait 100 g"},"content":{"rendered":"<p>Toblerone chocolat au lait 100 g<br \/>\nChocolat au lait suisse avec nougat, lait et miel<\/p>\n<div>\n<div><b>Ingr\u00e9dient :<\/b>Sucre, lait entier en poudre, beurre de cacao, p\u00e2te de cacao, miel (3%), mati\u00e8re grasse laiti\u00e8re, amandes (1,6%), beurre de cacao, \u00e9mulsifiant (l\u00e9cithine de soja), blanc d'\u0153uf en poudre, ar\u00f4me vanilline. Le chocolat au lait contient de la mati\u00e8re s\u00e8che de cacao 28% min.<br \/>\n<strong>Allerg\u00e8nes :<\/strong> Contient du lait, du soja, des amandes et des \u0153ufs.<br \/>\nConserver dans un endroit frais et sec. Tenir \u00e0 l'\u00e9cart de la chaleur.<br \/>\nPays d'origine Suisse<\/div>\n<\/div>\n<p><strong>Valeur nutritionnelle pour 100 gr :<br \/>\n<\/strong>Lipides 29g<br \/>\nValeur \u00e9nerg\u00e9tique pour 100g de produit Kcal 525Kcal<br \/>\nProt\u00e9ines 5,4 g<br \/>\nGlucides 60g<\/p>\n<div class=\"wrapper-table-responsive m-t-3\"><\/div>","protected":false},"excerpt":{"rendered":"<p>Toblerone chocolat au lait 100 g<br \/>\nChocolat au lait suisse avec nougat, lait et miel<\/p>","protected":false},"featured_media":28718,"comment_status":"open","ping_status":"closed","template":"","meta":{"_acf_changed":false,"_seopress_robots_primary_cat":"none","_seopress_titles_title":"Toblerone Ciocolata cu lapte 100 g","_seopress_titles_desc":"Cauti Toblerone? Cumpara acum Ciocolata cu lapte elvetiana, cu stafide si nugat (10%), cu miere si migdale. Livrare rapida. Ciocolata Toblerone.","_seopress_robots_index":""},"product_brand":[2028],"product_cat":[1555],"giftcard-category":[],"class_list":{"0":"post-28716","1":"product","2":"type-product","3":"status-publish","4":"has-post-thumbnail","6":"product_brand-toblerone","7":"product_cat-bacanie","9":"first","10":"outofstock","11":"taxable","12":"shipping-taxable","13":"purchasable","14":"product-type-simple"},"acf":[],"_links":{"self":[{"href":"https:\/\/totalblue.ro\/fr\/wp-json\/wp\/v2\/product\/28716","targetHints":{"allow":["GET"]}}],"collection":[{"href":"https:\/\/totalblue.ro\/fr\/wp-json\/wp\/v2\/product"}],"about":[{"href":"https:\/\/totalblue.ro\/fr\/wp-json\/wp\/v2\/types\/product"}],"replies":[{"embeddable":true,"href":"https:\/\/totalblue.ro\/fr\/wp-json\/wp\/v2\/comments?post=28716"}],"wp:featuredmedia":[{"embeddable":true,"href":"https:\/\/totalblue.ro\/fr\/wp-json\/wp\/v2\/media\/28718"}],"wp:attachment":[{"href":"https:\/\/totalblue.ro\/fr\/wp-json\/wp\/v2\/media?parent=28716"}],"wp:term":[{"taxonomy":"product_brand","embeddable":true,"href":"https:\/\/totalblue.ro\/fr\/wp-json\/wp\/v2\/product_brand?post=28716"},{"taxonomy":"product_cat","embeddable":true,"href":"https:\/\/totalblue.ro\/fr\/wp-json\/wp\/v2\/product_cat?post=28716"},{"taxonomy":"giftcard-category","embeddable":true,"href":"https:\/\/totalblue.ro\/fr\/wp-json\/wp\/v2\/giftcard-category?post=28716"}],"curies":[{"name":"wp","href":"https:\/\/api.w.org\/{rel}","templated":true}]}}