{"id":28811,"date":"2021-04-20T11:59:33","date_gmt":"2021-04-20T08:59:33","guid":{"rendered":"https:\/\/totalblue.ro\/?post_type=product&#038;p=28811"},"modified":"2025-02-25T16:19:10","modified_gmt":"2025-02-25T14:19:10","slug":"gwoon-stroopwafels-cu-unt-468-g","status":"publish","type":"product","link":"https:\/\/totalblue.ro\/fr\/produs\/gwoon-stroopwafels-cu-unt-468-g\/","title":{"rendered":"G\u2019woon stroopwafels 468 g"},"content":{"rendered":"<p>g\u2019woon roomboter stroopwafels 468 g<br \/>\ng\u2019woon stroopwafels cu unt 468 g<br \/>\n1 pachet contine 10 bucati stroopwafels<br \/>\n<strong>Ingr\u00e9dient :<\/strong> 3% sirop de glucoza-fructoza, faina de grau, 25% unt (LAPTE), zahAr, praf de zer (lapte), amidon de grau, agent de cre\u0219tere: E500, sare de mare, zahar caramelizat, lapte degresat, oua, emulgator: lecitina de soia, vanilie Bourbon scor\u021bisoara, aroma naturala.<br \/>\n<strong>Stockage :<\/strong> Dupa deschidere, depozitati intr-o cutie de biscuiti bine inchisa, intr-un loc racoros si uscat.<br \/>\n<strong>Allerg\u00e8nes :<\/strong> Contine Oua, lapte, soia, grau. Poate con\u021bine: nuci<br \/>\nFabriqu\u00e9 en Hollande par G'woon, num\u00e9ro de s\u00e9rie 3500, 4140 VH BEESD,<br \/>\nImportateur et distributeur Total Blue Impex SRL<br \/>\nValori nutritionale \/ 100 g :<br \/>\nEnergie 1920 kJ \/ 458 kcal<br \/>\nGrasimi 21 g din care acizi grasi, saturati 12 g<br \/>\nAcizi gra\u0219i, mononesatura\u021bi 7 g, Acizi gra\u0219i, polinesatura\u021bi 2 g<br \/>\nCarbohidrati 63 g din care zaharuri 36 g<br \/>\nFibre alimentare 1.5 g<br \/>\nProteine \u200b\u200b3.5 g<br \/>\nSare 0.65 g<\/p>\n<p>&nbsp;<\/p>","protected":false},"excerpt":{"rendered":"<p>g\u2019woon stroopwafels cu unt 480 g<\/p>","protected":false},"featured_media":36509,"comment_status":"open","ping_status":"closed","template":"","meta":{"_acf_changed":false,"_seopress_robots_primary_cat":"none","_seopress_titles_title":"g\u2019woon stroopwafels cu unt 468 g Olanda - Total Blue","_seopress_titles_desc":"Cauti stroopwafels? Cumpara online g\u2019woon roomboter stroopwafels 468 g, stroopwafels cu unt.Magazin online unde gasesti stroopwafels cu unt ieftin","_seopress_robots_index":""},"product_brand":[1971],"product_cat":[1555,3338,3304,1767],"giftcard-category":[],"class_list":{"0":"post-28811","1":"product","2":"type-product","3":"status-publish","4":"has-post-thumbnail","6":"product_brand-gwoon","7":"product_cat-bacanie","8":"product_cat-dulciuri-snacksuri","9":"product_cat-mic-dejun-produse-olanda","10":"product_cat-produse-olanda","12":"first","13":"outofstock","14":"taxable","15":"shipping-taxable","16":"purchasable","17":"product-type-simple"},"acf":[],"_links":{"self":[{"href":"https:\/\/totalblue.ro\/fr\/wp-json\/wp\/v2\/product\/28811","targetHints":{"allow":["GET"]}}],"collection":[{"href":"https:\/\/totalblue.ro\/fr\/wp-json\/wp\/v2\/product"}],"about":[{"href":"https:\/\/totalblue.ro\/fr\/wp-json\/wp\/v2\/types\/product"}],"replies":[{"embeddable":true,"href":"https:\/\/totalblue.ro\/fr\/wp-json\/wp\/v2\/comments?post=28811"}],"wp:featuredmedia":[{"embeddable":true,"href":"https:\/\/totalblue.ro\/fr\/wp-json\/wp\/v2\/media\/36509"}],"wp:attachment":[{"href":"https:\/\/totalblue.ro\/fr\/wp-json\/wp\/v2\/media?parent=28811"}],"wp:term":[{"taxonomy":"product_brand","embeddable":true,"href":"https:\/\/totalblue.ro\/fr\/wp-json\/wp\/v2\/product_brand?post=28811"},{"taxonomy":"product_cat","embeddable":true,"href":"https:\/\/totalblue.ro\/fr\/wp-json\/wp\/v2\/product_cat?post=28811"},{"taxonomy":"giftcard-category","embeddable":true,"href":"https:\/\/totalblue.ro\/fr\/wp-json\/wp\/v2\/giftcard-category?post=28811"}],"curies":[{"name":"wp","href":"https:\/\/api.w.org\/{rel}","templated":true}]}}