{"id":28964,"date":"2021-04-21T16:54:20","date_gmt":"2021-04-21T13:54:20","guid":{"rendered":"https:\/\/totalblue.ro\/?post_type=product&#038;p=28964"},"modified":"2026-03-15T22:24:08","modified_gmt":"2026-03-15T20:24:08","slug":"zaanse-ketchup-curry-190-ml","status":"publish","type":"product","link":"https:\/\/totalblue.ro\/fr\/produs\/zaanse-ketchup-curry-190-ml\/","title":{"rendered":"Zaanse ketchup curry 190 ml"},"content":{"rendered":"<p>Zaanse ketchup curry 190 ml<\/p>\n<p><span class=\"HwtZe\" lang=\"ro\"><span class=\"jCAhz ChMk0b\"><span class=\"ryNqvb\">Ingr\u00e9dients : Tomates, sucre, amidon de ma\u00efs modifi\u00e9, amidon de bl\u00e9, sel, acides alimentaires (acide lactique, acide citrique), poudre de curry (coriandre, curcuma, graines de cumin, poivre, fenugrec, piment, cardamome), sauce soja (sirop de sucre inverti, m\u00e9lasse, eau, sel, f\u00e8ves de soja, colorant (E150a), \u00e9paississant (E412), conservateur (E202), bl\u00e9, ar\u00f4me), ar\u00f4mes (c\u00e9leri), conservateur (sorbate de potassium), herbes aromatiques<br \/>\nValeurs nutritionnelles \/ 100 g :<br \/>\n\u00c9nergie 513 kJ \/ 121 kcal<br \/>\nMati\u00e8res grasses 0,1 g dont acides gras satur\u00e9s 0 g<br \/>\nGlucides 27,5 g dont sucre 22,2 g<br \/>\nProt\u00e9ines 0,7 g<br \/>\nSel 1,46 g<br \/>\n<\/span><\/span><\/span><\/p>\n<p>Van Wijngaarden&#8217;s Zaanse curry ketchup 190 g<br \/>\nZaanse ketchup curry 190 ml<\/p>\n<p>Van Wijngaarden B.V. ,P.O. BOX 6, 1520 AA Wormerveer, Pays-Bas<br \/>\nImportateur et distributeur Total Blue Impex SRL<\/p>\n<p><strong>\u00a0<\/strong><\/p>","protected":false},"excerpt":{"rendered":"<p>SKU: 8710716004224<\/p>","protected":false},"featured_media":28965,"comment_status":"open","ping_status":"closed","template":"","meta":{"_acf_changed":false,"_seopress_robots_primary_cat":"none","_seopress_titles_title":"Zaanse ketchup curry 160 ml","_seopress_titles_desc":"Cauti ketchup curry? Cauti ketchup ? Cumpara acum cu livrare rapida Zaanse ketchup curry 190 ml, ketchup rosii cu curry, ketchup delicios.","_seopress_robots_index":""},"product_brand":[2047],"product_cat":[1555,1451,3280,1767],"giftcard-category":[],"class_list":{"0":"post-28964","1":"product","2":"type-product","3":"status-publish","4":"has-post-thumbnail","6":"product_brand-van-wijngaardens-zaanse","7":"product_cat-bacanie","8":"product_cat-condimente-produse-instant","9":"product_cat-condimente-sosuri","10":"product_cat-produse-olanda","12":"first","13":"instock","14":"taxable","15":"shipping-taxable","16":"purchasable","17":"product-type-simple"},"acf":[],"_links":{"self":[{"href":"https:\/\/totalblue.ro\/fr\/wp-json\/wp\/v2\/product\/28964","targetHints":{"allow":["GET"]}}],"collection":[{"href":"https:\/\/totalblue.ro\/fr\/wp-json\/wp\/v2\/product"}],"about":[{"href":"https:\/\/totalblue.ro\/fr\/wp-json\/wp\/v2\/types\/product"}],"replies":[{"embeddable":true,"href":"https:\/\/totalblue.ro\/fr\/wp-json\/wp\/v2\/comments?post=28964"}],"wp:featuredmedia":[{"embeddable":true,"href":"https:\/\/totalblue.ro\/fr\/wp-json\/wp\/v2\/media\/28965"}],"wp:attachment":[{"href":"https:\/\/totalblue.ro\/fr\/wp-json\/wp\/v2\/media?parent=28964"}],"wp:term":[{"taxonomy":"product_brand","embeddable":true,"href":"https:\/\/totalblue.ro\/fr\/wp-json\/wp\/v2\/product_brand?post=28964"},{"taxonomy":"product_cat","embeddable":true,"href":"https:\/\/totalblue.ro\/fr\/wp-json\/wp\/v2\/product_cat?post=28964"},{"taxonomy":"giftcard-category","embeddable":true,"href":"https:\/\/totalblue.ro\/fr\/wp-json\/wp\/v2\/giftcard-category?post=28964"}],"curies":[{"name":"wp","href":"https:\/\/api.w.org\/{rel}","templated":true}]}}