{"id":29011,"date":"2021-04-22T16:00:51","date_gmt":"2021-04-22T13:00:51","guid":{"rendered":"https:\/\/totalblue.ro\/?post_type=product&#038;p=29011"},"modified":"2026-04-02T17:20:13","modified_gmt":"2026-04-02T14:20:13","slug":"pui-sate-in-sos-picant-de-arahide-160g","status":"publish","type":"product","link":"https:\/\/totalblue.ro\/fr\/produs\/pui-sate-in-sos-picant-de-arahide-160g\/","title":{"rendered":"Sate de poulet \u00e0 la sauce \u00e9pic\u00e9e aux cacahu\u00e8tes 160g"},"content":{"rendered":"<p>Mora Kipsat\u00e9 pittige pindasaus 160g<br \/>\nPui Sate in sos picant de arahide, congelat 160g<br \/>\nUn delicios Pui Sate intr-un sos picant de arahide. File de pui 100%. Fara coloranti, arome artificiale.<br \/>\nUn gust intotdeauna familiar si delicios!<br \/>\nFoarte gustos cu cartofi prajiti, orez sau paine.<br \/>\nU\u0219or \u0219i rapid de preparat la cuptorul cu microunde sau la bain-marie<br \/>\n<strong>Instructiuni de pregatire: <\/strong><br \/>\n<strong>&#8211; cuptorul cu microunde:<\/strong> gauriti in mai multe locuri cu o scobitoare folia. Inc\u0103lzi\u021bi produsul timp de aproximativ 4 minute la o putere de 500 W. (timpul poate diferi \u00een func\u021bie de cuptorul cu microunde). Se amestec\u0103 imediat dup\u0103 inc\u0103lzire.<br \/>\n<strong>&#8211; bain marie (tigaie):<\/strong> pune\u021bi ambalajul inchis in apa fierbinte (care nu fierbe) timp de 24 de minute. Se amestec\u0103 inainte de consum.<br \/>\n<strong>&#8211; tigaie:<\/strong> pune\u021bi continutul recipientului in tigaie: inc\u0103lziti cu aproximativ 4 linguri de apa timp de aproximativ 7 minute la foc mediu. Se amesteca regulat. Tava nu este potrivit\u0103 pentru un cuptor (aer cald) sau un gratar.<br \/>\n<strong>Conditions de stockage<\/strong>: A se pastra la congelator la -18 \u00b0 C. Nu inghetati dup\u0103 dezghet.<br \/>\n<strong>Ingr\u00e9dient : <\/strong>Apa, carne de pui 28% (file de pui), crema de arahide (arahide, ulei de arahide), ceap, sos de soia (apa, melasa, zahar, sare, amidon de porumb modificat, sos soia (apa, fasole soy, grau, sare, otet ), zahar, sambal manis (sambal ardei rosu, sare, melas, apa, ceapa prajita ,ceapa, ulei de palmier, faina de grau, sare, zahar, sos soia (apa, fasole soya, grau, sare, modificat amidon de porumb, ierburi si condimente, sare, aroma naturala, praf de zer (contine lapte), ulei vegetal (nap), concentrat de proteine \u200b\u200b, sare, amidon de porumb modificat, usturoi, aroma naturala (contine telina), sos soia (apa, soi) fasole, grau, sare), maltodextrina, suc de lamaie, emulgatori: E450, E451 si E452, ierburi si condimente, faina de grau, zahar caramelizat, extract de condimente, amidon de cartofi. Poate contine urme de EI.<br \/>\nNumerele \u201eE\u201d sunt excipienti aprobati de UE.<br \/>\n36% Compozitie de carne (compusa din bucati de carne) \/ 64% sos de arahide<br \/>\n<strong>Allerg\u00e8nes<\/strong>: Con\u021bine: Alune, soia, grau, cereale care con\u021bin gluten, telina, lapte<br \/>\nPoate con\u021bine: Oua<br \/>\n<strong>Valeurs nutritionnelles\/100g :<br \/>\n<\/strong>Energie 757 kJ (182 kcal)<br \/>\nGrasime 10 g din care saturate 1,6 g<br \/>\nCarbohidra\u021bi 7 g din care zaharuri 6,6 g<br \/>\nProteine \u200b\u200b14 g<br \/>\nSel 1,5 g<br \/>\nFabricat de Mora, Antwoordnummer 65013 5000 VH Tilburg, 0800-BELMORA\/0800-2356672<br \/>\nImportateur et distributeur Total Blue Impex SRL<\/p>","protected":false},"excerpt":{"rendered":"<p><span style=\"color: #ff0000\"><strong>ATTENTION ! PRODUIT CONGEL\u00c9 ! ATTENTION ! PRODUIT CONGEL\u00c9 !<\/strong><\/span><\/p>","protected":false},"featured_media":29022,"comment_status":"open","ping_status":"closed","template":"","meta":{"_acf_changed":false,"_seopress_robots_primary_cat":"none","_seopress_titles_title":"Pui sate in sos picant, kip sate pittig produse olandeze Total Blue","_seopress_titles_desc":"Cumpara online Kip Sate Pittig, produse olandeze si din Germania. Magazin online cu produse ieftine bitterballen, frikaandellen, bapao, bamiskhuf","_seopress_robots_index":""},"product_brand":[2024],"product_cat":[1555,3256,2050,1767,1954],"giftcard-category":[],"class_list":{"0":"post-29011","1":"product","2":"type-product","3":"status-publish","4":"has-post-thumbnail","6":"product_brand-mora","7":"product_cat-bacanie","8":"product_cat-produse-congelate-produse-olanda","9":"product_cat-produse-congelate","10":"product_cat-produse-olanda","11":"product_cat-semipreparate","12":"product_shipping_class-frozen-products","14":"first","15":"instock","16":"taxable","17":"shipping-taxable","18":"purchasable","19":"product-type-simple"},"acf":[],"_links":{"self":[{"href":"https:\/\/totalblue.ro\/fr\/wp-json\/wp\/v2\/product\/29011","targetHints":{"allow":["GET"]}}],"collection":[{"href":"https:\/\/totalblue.ro\/fr\/wp-json\/wp\/v2\/product"}],"about":[{"href":"https:\/\/totalblue.ro\/fr\/wp-json\/wp\/v2\/types\/product"}],"replies":[{"embeddable":true,"href":"https:\/\/totalblue.ro\/fr\/wp-json\/wp\/v2\/comments?post=29011"}],"wp:featuredmedia":[{"embeddable":true,"href":"https:\/\/totalblue.ro\/fr\/wp-json\/wp\/v2\/media\/29022"}],"wp:attachment":[{"href":"https:\/\/totalblue.ro\/fr\/wp-json\/wp\/v2\/media?parent=29011"}],"wp:term":[{"taxonomy":"product_brand","embeddable":true,"href":"https:\/\/totalblue.ro\/fr\/wp-json\/wp\/v2\/product_brand?post=29011"},{"taxonomy":"product_cat","embeddable":true,"href":"https:\/\/totalblue.ro\/fr\/wp-json\/wp\/v2\/product_cat?post=29011"},{"taxonomy":"giftcard-category","embeddable":true,"href":"https:\/\/totalblue.ro\/fr\/wp-json\/wp\/v2\/giftcard-category?post=29011"}],"curies":[{"name":"wp","href":"https:\/\/api.w.org\/{rel}","templated":true}]}}