{"id":293674,"date":"2026-03-30T11:17:54","date_gmt":"2026-03-30T08:17:54","guid":{"rendered":"https:\/\/totalblue.ro\/?post_type=product&#038;p=293674"},"modified":"2026-04-01T12:05:48","modified_gmt":"2026-04-01T09:05:48","slug":"soba-nissin-noodles-cu-sos-condimentat-clasic-109g","status":"publish","type":"product","link":"https:\/\/totalblue.ro\/fr\/produs\/soba-nissin-noodles-cu-sos-condimentat-clasic-109g\/","title":{"rendered":"Soba Nissin Noodles cu sos condimentat Clasic 109g"},"content":{"rendered":"<p><strong>Preparare:<\/strong> Fierbeti 250ml de apa intr-o tigaie. Rupeti taiteii pentru o lungime ideala. Gatiti taiteii si continutul saculetului de legume in apa timp de 2-3 minute pana cand apa se absoarbe aproape complet. Adaugati sosul la taitei, amestecati bine si prajiti pana cand apa se absoarbe complet. Serviti imediat<\/p>\n<p><span class=\"vtex-product-specifications-1-x-specificationValue vtex-product-specifications-1-x-specificationValue--first vtex-product-specifications-1-x-specificationValue--last\" data-specification-group=\"Informatii Generale\" data-specification-name=\"Ingrediente\" data-specification-value=\"Taitei 72.3% (faina de GRAU, ulei de palmier, sare, potentiator de aroma: E621, agent de tratare a fainii, E500, E451), antioxidant E306, corector de aciditate: acid citric). Sos de asezonare 19.9% (zahar, apa, ulei de rapita, sos SOIA (apa, pastai de SOIA, sare, GRAU), potentioatori de aroma: E621, E635, colorant: E150c, dextroza, melasa, otet, sare, condimente, proteine vegetale hidrolizate, pudra de rosii, corector de aciditate: acid citric, aroma), varza, pui cuburi.\">Ingrediente:Taitei 72, 3% [faina de grau, ulei de palmier, sare, potentiator de aroma (E621), agenti de tratare a fainii (E500, E451), antioxidant (E306), regulator de aciditate: Acid citric], sos de condimente 22, 1 % [Zahar, sos de soia (apa, soia, grau, sare), apa, dextroza, proteine de porumb hidrolizate, arome (contin grau, soia, lapte), potentiatori de aroma (E621, E627, E631), ulei de rapita, pudra de curry (3,6% in sosul de condimente), sare, condimente (ceapa, usturoi, scortisoara, cuisoare), pudra de tomate, amidon modificat, otet, colorant (150c), morcov, varza, ceapa prajita.<br \/>\nValori nutritionale \/ 100 g:<br \/>\nEnergie 829 kJ\/198 kcal<br \/>\nGrasimi 8,5 g din care acizi grasi saturati 4 g<br \/>\nCarbohidrati 24.9 g din care zaharuri 2,8 g<br \/>\nProteine 4.2 g<br \/>\nSare 1.2 g<br \/>\n<\/span><\/p>\n","protected":false},"excerpt":{"rendered":"<p>Preparare: Fierbeti 250ml de apa intr-o tigaie. Rupeti taiteii pentru o lungime ideala. Gatiti taiteii si continutul saculetului de legume in apa timp de 2-3 minute pana cand apa se absoarbe aproape complet. Adaugati sosul la taitei, amestecati bine si prajiti pana cand apa se absoarbe complet. Serviti imediat Ingrediente:Taitei 72, 3% [faina de grau, [&#8230;]\n","protected":false},"featured_media":293676,"comment_status":"open","ping_status":"closed","template":"","meta":{"_acf_changed":false,"_seopress_robots_primary_cat":"none","_seopress_titles_title":"","_seopress_titles_desc":"Chio Maxi Mix con\u021bine o combina\u021bie de snacksuri coapte ce ofer\u0103 o experien\u021b\u0103 complet\u0103. Gustarea perfect\u0103 pentru pofta de ron\u021b\u0103it","_seopress_robots_index":""},"product_brand":[22913],"product_cat":[17494,21594,1950,3364],"giftcard-category":[],"class_list":{"0":"post-293674","1":"product","2":"type-product","3":"status-publish","4":"has-post-thumbnail","6":"product_brand-nissin","7":"product_cat-influente-asiatice","8":"product_cat-noodles-supe-instant","9":"product_cat-produse-germania","10":"product_cat-supe-produse-germania","12":"first","13":"instock","14":"taxable","15":"shipping-taxable","16":"purchasable","17":"product-type-simple"},"acf":[],"_links":{"self":[{"href":"https:\/\/totalblue.ro\/fr\/wp-json\/wp\/v2\/product\/293674","targetHints":{"allow":["GET"]}}],"collection":[{"href":"https:\/\/totalblue.ro\/fr\/wp-json\/wp\/v2\/product"}],"about":[{"href":"https:\/\/totalblue.ro\/fr\/wp-json\/wp\/v2\/types\/product"}],"replies":[{"embeddable":true,"href":"https:\/\/totalblue.ro\/fr\/wp-json\/wp\/v2\/comments?post=293674"}],"wp:featuredmedia":[{"embeddable":true,"href":"https:\/\/totalblue.ro\/fr\/wp-json\/wp\/v2\/media\/293676"}],"wp:attachment":[{"href":"https:\/\/totalblue.ro\/fr\/wp-json\/wp\/v2\/media?parent=293674"}],"wp:term":[{"taxonomy":"product_brand","embeddable":true,"href":"https:\/\/totalblue.ro\/fr\/wp-json\/wp\/v2\/product_brand?post=293674"},{"taxonomy":"product_cat","embeddable":true,"href":"https:\/\/totalblue.ro\/fr\/wp-json\/wp\/v2\/product_cat?post=293674"},{"taxonomy":"giftcard-category","embeddable":true,"href":"https:\/\/totalblue.ro\/fr\/wp-json\/wp\/v2\/giftcard-category?post=293674"}],"curies":[{"name":"wp","href":"https:\/\/api.w.org\/{rel}","templated":true}]}}