{"id":29439,"date":"2021-05-06T12:26:19","date_gmt":"2021-05-06T09:26:19","guid":{"rendered":"https:\/\/totalblue.ro\/?post_type=product&#038;p=29439"},"modified":"2026-01-18T15:30:20","modified_gmt":"2026-01-18T13:30:20","slug":"ketchup-curry-delikat-hela-800-ml","status":"publish","type":"product","link":"https:\/\/totalblue.ro\/fr\/produs\/ketchup-curry-delikat-hela-800-ml\/","title":{"rendered":"Delikat Hela Curry Ketchup 800 ml"},"content":{"rendered":"<p><strong>Hela Curry Gew\u00fcrz Ketchup delikat 800 ml<br \/>\nDelikat Hela Curry Ketchup 800 ml<br \/>\nRecommandations : <\/strong>Id\u00e9al pour les frites, les chips et les snacks, les sandwichs chauds ou normaux.<br \/>\nIl peut \u00eatre utilis\u00e9 comme sauce pour diff\u00e9rentes viandes, diff\u00e9rents plats.<strong><br \/>\nIngredinte :<\/strong> suc de rosii, zahar, dextroz\u0103, sare de masa, curry (mustar, piper, boia, ardei iute, cuisoare, condimente), otet de coniac, amidon de porumb modificat, acidifiant: acid citric, ingrosator: (guma de guar, guma de salcam) , ierburi (con\u021bine telina), regulator de aciditate lactat de sodiu, intensificator de aroma: glutamat monosodic<br \/>\n<strong>Allerg\u00e8nes :<\/strong> c\u00e9leri, moutarde<br \/>\n<strong>Conditions de stockage :<\/strong> Apr\u00e8s ouverture, conserver au r\u00e9frig\u00e9rateur (&lt;7\u00b0C). Prot\u00e9ger de la lumi\u00e8re directe du soleil.<br \/>\n<strong>Valeurs nutritionnelles \/ 100g :<br \/>\n<\/strong>Energie 568 kJ (134 kcal)<br \/>\nGrasime 0,3 g din care grasimi saturate 0 g<br \/>\nGlucide 31.3 g din care zaharuri 28.8 g<br \/>\nProteine \u200b\u200b0,7 g<br \/>\nSel 2 g<\/p>\n<p>Fabriqu\u00e9 aux Pays-Bas par Hela Thissen B.V. Postbus 722, 5900 AS Venlo (NL)<br \/>\nImportateur et distributeur Total Blue Impex SRL<\/p>\n<p>&nbsp;<\/p>\n<p><strong>\u00a0<\/strong><\/p>","protected":false},"excerpt":{"rendered":"<p>Hela Curry Gew\u00fcrz Ketchup delikat 800 ml<br \/>\nDelikat Hela Curry Ketchup 800 ml<\/p>","protected":false},"featured_media":29442,"comment_status":"open","ping_status":"closed","template":"","meta":{"_acf_changed":false,"_seopress_robots_primary_cat":"none","_seopress_titles_title":"Hela Curry Gew\u00fcrz Ketchup delikat 800 ml","_seopress_titles_desc":"Comanda online Hela Curry Gew\u00fcrz Ketchup delikat 800 ml. Magazin online cu produse ieftine Olanda : Kruiden Ketchup Curry Original 800 ml","_seopress_robots_index":""},"product_brand":[2003],"product_cat":[1555,3280,3380,1950,1767],"giftcard-category":[],"class_list":{"0":"post-29439","1":"product","2":"type-product","3":"status-publish","4":"has-post-thumbnail","6":"product_brand-hela","7":"product_cat-bacanie","8":"product_cat-condimente-sosuri","9":"product_cat-condimente-sosuri-produse-germania","10":"product_cat-produse-germania","11":"product_cat-produse-olanda","13":"first","14":"outofstock","15":"taxable","16":"shipping-taxable","17":"purchasable","18":"product-type-simple"},"acf":[],"_links":{"self":[{"href":"https:\/\/totalblue.ro\/fr\/wp-json\/wp\/v2\/product\/29439","targetHints":{"allow":["GET"]}}],"collection":[{"href":"https:\/\/totalblue.ro\/fr\/wp-json\/wp\/v2\/product"}],"about":[{"href":"https:\/\/totalblue.ro\/fr\/wp-json\/wp\/v2\/types\/product"}],"replies":[{"embeddable":true,"href":"https:\/\/totalblue.ro\/fr\/wp-json\/wp\/v2\/comments?post=29439"}],"wp:featuredmedia":[{"embeddable":true,"href":"https:\/\/totalblue.ro\/fr\/wp-json\/wp\/v2\/media\/29442"}],"wp:attachment":[{"href":"https:\/\/totalblue.ro\/fr\/wp-json\/wp\/v2\/media?parent=29439"}],"wp:term":[{"taxonomy":"product_brand","embeddable":true,"href":"https:\/\/totalblue.ro\/fr\/wp-json\/wp\/v2\/product_brand?post=29439"},{"taxonomy":"product_cat","embeddable":true,"href":"https:\/\/totalblue.ro\/fr\/wp-json\/wp\/v2\/product_cat?post=29439"},{"taxonomy":"giftcard-category","embeddable":true,"href":"https:\/\/totalblue.ro\/fr\/wp-json\/wp\/v2\/giftcard-category?post=29439"}],"curies":[{"name":"wp","href":"https:\/\/api.w.org\/{rel}","templated":true}]}}