{"id":29443,"date":"2021-05-06T12:36:29","date_gmt":"2021-05-06T09:36:29","guid":{"rendered":"https:\/\/totalblue.ro\/?post_type=product&#038;p=29443"},"modified":"2023-01-30T16:51:12","modified_gmt":"2023-01-30T14:51:12","slug":"hela-extra-hot-curry-ketchup-800-ml","status":"publish","type":"product","link":"https:\/\/totalblue.ro\/fr\/produs\/ketchup-curry-extra-iute-hela-800-ml\/","title":{"rendered":"Hela Extra Hot Curry Ketchup 800 ml"},"content":{"rendered":"<p><strong>Hela Curry Gew\u00fcrz Ketchup extra chaud 800 ml<br \/>\nHela Extra Hot Curry Ketchup 800 ml<br \/>\nRecommandations : <\/strong>Id\u00e9al pour les frites, les chips et les snacks, les sandwichs chauds ou normaux.<br \/>\nIl peut \u00eatre utilis\u00e9 comme sauce pour diff\u00e9rentes viandes, diff\u00e9rents plats.<strong><br \/>\nIngredinte :<\/strong> jus de tomate, sucre, dextrose, sel de table, curry (farine de moutarde, poivre, paprika, piment, clous de girofle, \u00e9pices), vinaigre d'alcool, amidon de ma\u00efs modifi\u00e9, acidifiant : acide citrique, \u00e9paississant : (gomme de guar, gomme d'acacia), herbes (contient du c\u00e9leri), r\u00e9gulateur d'acidit\u00e9 lactate de sodium, exhausteur de go\u00fbt : glutamate monosodique, ar\u00f4mes<br \/>\n<strong>Allerg\u00e8nes :<\/strong> c\u00e9leri, moutarde<br \/>\n<strong>Conditions de stockage :<\/strong> Apr\u00e8s ouverture, conserver au r\u00e9frig\u00e9rateur (&lt;7\u00b0C). Prot\u00e9ger de la lumi\u00e8re directe du soleil.<br \/>\n<strong>Valeurs nutritionnelles \/ 100g :<br \/>\n<\/strong>\u00c9nergie 565 kJ (135 kcal)<br \/>\nMati\u00e8res grasses 0,4 g<br \/>\ndont graisses satur\u00e9es 0,1 g<br \/>\nGlucides 30,2 g<br \/>\ndont sucres 28,9 g<br \/>\nProt\u00e9ines 0,8 g<br \/>\nSel 2,1 g<\/p>\n<p>Fabriqu\u00e9 aux Pays-Bas par Hela Thissen B.V. Postbus 722, 5900 AS Venlo (NL)<br \/>\nImportateur et distributeur Total Blue Impex SRL<\/p>\n<p>&nbsp;<\/p>\n<p><strong>\u00a0<\/strong><\/p>","protected":false},"excerpt":{"rendered":"<p>Hela Curry Gew\u00fcrz Ketchup extra chaud 800 ml<br \/>\nHela Extra Hot Curry Ketchup 800 ml<\/p>","protected":false},"featured_media":29445,"comment_status":"open","ping_status":"closed","template":"","meta":{"_acf_changed":false,"_seopress_robots_primary_cat":"none","_seopress_titles_title":"Ketchup Curry Extra Iute Hela 800 ml","_seopress_titles_desc":"Comanda online Hela Curry Gew\u00fcrz Ketchup extra hot 800 ml. Magazin online cu produse ieftine Olanda : Ketchup Curry Extra Iute Hela 800 ml","_seopress_robots_index":""},"product_brand":[2003],"product_cat":[1555,3280,3380,1950,1767],"giftcard-category":[],"class_list":{"0":"post-29443","1":"product","2":"type-product","3":"status-publish","4":"has-post-thumbnail","6":"product_brand-hela","7":"product_cat-bacanie","8":"product_cat-condimente-sosuri","9":"product_cat-condimente-sosuri-produse-germania","10":"product_cat-produse-germania","11":"product_cat-produse-olanda","13":"first","14":"outofstock","15":"taxable","16":"shipping-taxable","17":"purchasable","18":"product-type-simple"},"acf":[],"_links":{"self":[{"href":"https:\/\/totalblue.ro\/fr\/wp-json\/wp\/v2\/product\/29443","targetHints":{"allow":["GET"]}}],"collection":[{"href":"https:\/\/totalblue.ro\/fr\/wp-json\/wp\/v2\/product"}],"about":[{"href":"https:\/\/totalblue.ro\/fr\/wp-json\/wp\/v2\/types\/product"}],"replies":[{"embeddable":true,"href":"https:\/\/totalblue.ro\/fr\/wp-json\/wp\/v2\/comments?post=29443"}],"wp:featuredmedia":[{"embeddable":true,"href":"https:\/\/totalblue.ro\/fr\/wp-json\/wp\/v2\/media\/29445"}],"wp:attachment":[{"href":"https:\/\/totalblue.ro\/fr\/wp-json\/wp\/v2\/media?parent=29443"}],"wp:term":[{"taxonomy":"product_brand","embeddable":true,"href":"https:\/\/totalblue.ro\/fr\/wp-json\/wp\/v2\/product_brand?post=29443"},{"taxonomy":"product_cat","embeddable":true,"href":"https:\/\/totalblue.ro\/fr\/wp-json\/wp\/v2\/product_cat?post=29443"},{"taxonomy":"giftcard-category","embeddable":true,"href":"https:\/\/totalblue.ro\/fr\/wp-json\/wp\/v2\/giftcard-category?post=29443"}],"curies":[{"name":"wp","href":"https:\/\/api.w.org\/{rel}","templated":true}]}}