{"id":29469,"date":"2021-05-06T15:10:53","date_gmt":"2021-05-06T12:10:53","guid":{"rendered":"https:\/\/totalblue.ro\/?post_type=product&#038;p=29469"},"modified":"2022-06-17T15:22:22","modified_gmt":"2022-06-17T12:22:22","slug":"mms-unt-de-arahide-320-g","status":"publish","type":"product","link":"https:\/\/totalblue.ro\/fr\/produs\/mms-unt-de-arahide-320-g\/","title":{"rendered":"m&amp;m&#8217;s Unt de arahide 320 g"},"content":{"rendered":"<p>Nou! Unt de arahide M&amp;M\u2019s + Peanut Butter! Da, mai bine crezi ca exista acest delicios unt de arhide ! M&amp;M\u2019s Crunchy Peanut Butter Spread este aici si este plin cu buc\u0103\u021bi delicioase de unt de arahide M&amp;M&#8217;s! Unt de arahide delicios \u0219i dulce a\u0219a cum il cunoa\u0219teminvartit, agitat, umplut cu M&amp;M&#8217;s zdrobite \u2026 desi nu putem promite beneficii pentru sanatate! Un gust senzational!<br \/>\n<strong>Ingr\u00e9dient :<\/strong> 72% arahide, 20% buca\u021bi M&amp;M (zahar, arahide, lichior de cacao, lapte praf integral, lactoza (din lapte), unt de cacao, amidon, ulei de palmier, sirop de glucoza, unt de shea, stabilizator (E414), emulgator (soia lecitina, dextrina, coloranti (E100, E133, E160e, E172), agent de geam (E903), ulei de palmier, sare, extract de vanilie, arome), ulei de arahide, grasime de palmier intarita<br \/>\n<strong>Allerg\u00e8nes :<\/strong> arahide, lapte<br \/>\n<strong>Conditions de stockage :<\/strong> Conserver \u00e0 l'abri de la lumi\u00e8re et \u00e0 temp\u00e9rature ambiante.<br \/>\nPr\u00e9sentation : pot en verre avec couvercle<\/p>\n<p>&nbsp;<\/p>","protected":false},"excerpt":{"rendered":"<p>m&amp;m&#8217;s Unt de arahide 320 g<\/p>","protected":false},"featured_media":29470,"comment_status":"open","ping_status":"closed","template":"","meta":{"_acf_changed":false,"_seopress_robots_primary_cat":"1767","_seopress_titles_title":"","_seopress_titles_desc":"","_seopress_robots_index":""},"product_brand":[],"product_cat":[1555,1506,3436,3338,3404,3304,1950,1767],"giftcard-category":[],"class_list":{"0":"post-29469","1":"product","2":"type-product","3":"status-publish","4":"has-post-thumbnail","6":"product_cat-bacanie","7":"product_cat-cafea-ceai-mic-dejun","8":"product_cat-dulciuri-snacks-produse-germania","9":"product_cat-dulciuri-snacksuri","10":"product_cat-mic-dejun-produse-germania","11":"product_cat-mic-dejun-produse-olanda","12":"product_cat-produse-germania","13":"product_cat-produse-olanda","15":"first","16":"outofstock","17":"taxable","18":"shipping-taxable","19":"purchasable","20":"product-type-simple"},"acf":[],"_links":{"self":[{"href":"https:\/\/totalblue.ro\/fr\/wp-json\/wp\/v2\/product\/29469","targetHints":{"allow":["GET"]}}],"collection":[{"href":"https:\/\/totalblue.ro\/fr\/wp-json\/wp\/v2\/product"}],"about":[{"href":"https:\/\/totalblue.ro\/fr\/wp-json\/wp\/v2\/types\/product"}],"replies":[{"embeddable":true,"href":"https:\/\/totalblue.ro\/fr\/wp-json\/wp\/v2\/comments?post=29469"}],"wp:featuredmedia":[{"embeddable":true,"href":"https:\/\/totalblue.ro\/fr\/wp-json\/wp\/v2\/media\/29470"}],"wp:attachment":[{"href":"https:\/\/totalblue.ro\/fr\/wp-json\/wp\/v2\/media?parent=29469"}],"wp:term":[{"taxonomy":"product_brand","embeddable":true,"href":"https:\/\/totalblue.ro\/fr\/wp-json\/wp\/v2\/product_brand?post=29469"},{"taxonomy":"product_cat","embeddable":true,"href":"https:\/\/totalblue.ro\/fr\/wp-json\/wp\/v2\/product_cat?post=29469"},{"taxonomy":"giftcard-category","embeddable":true,"href":"https:\/\/totalblue.ro\/fr\/wp-json\/wp\/v2\/giftcard-category?post=29469"}],"curies":[{"name":"wp","href":"https:\/\/api.w.org\/{rel}","templated":true}]}}