{"id":29731,"date":"2021-05-10T15:15:40","date_gmt":"2021-05-10T12:15:40","guid":{"rendered":"https:\/\/totalblue.ro\/?post_type=product&#038;p=29731"},"modified":"2023-02-03T15:05:02","modified_gmt":"2023-02-03T13:05:02","slug":"concombre-tranche-a-la-danoise-370-ml-de-kuhne","status":"publish","type":"product","link":"https:\/\/totalblue.ro\/fr\/produs\/castraveti-felii-in-stil-danez-370-ml-kuhne\/","title":{"rendered":"Concombre tranch\u00e9 \u00e0 la danoise 370 ml, Kuhne"},"content":{"rendered":"<p>Notre salade de concombre danoise - des tranches de concombre \u00e9pic\u00e9es et douces, typiques du pays, avec une d\u00e9licieuse touche d'aneth. Les fines tranches accompagnent id\u00e9alement les hot-dogs et les hamburgers.<br \/>\nComment pr\u00e9parer une salade de concombres parfaite ?<br \/>\nLes concombres contiennent environ 97% d'eau. Pour que ces concombres aient le go\u00fbt d'une vinaigrette, il faut \u00e9liminer une partie de l'eau du concombre. C'est un jeu d'enfant : il suffit de m\u00e9langer les tranches de concombre finement hach\u00e9es ou tranch\u00e9es avec une cuill\u00e8re \u00e0 caf\u00e9 de sel dans un bol profond. Apr\u00e8s environ une heure de repos, le concombre est essor\u00e9 \u00e0 la main. Il est ensuite plac\u00e9 dans un bol propre et m\u00e9lang\u00e9 avec la vinaigrette souhait\u00e9e. La salade de concombre frais est particuli\u00e8rement d\u00e9licieuse apr\u00e8s une courte p\u00e9riode de repos au r\u00e9frig\u00e9rateur.<br \/>\nAvez-vous d\u00e9j\u00e0 essay\u00e9 une salade de concombre avec une vinaigrette cr\u00e9meuse \u00e0 l'aneth ? Vous pouvez utiliser de la cr\u00e8me douce ou acidul\u00e9e, selon vos pr\u00e9f\u00e9rences. Vous pouvez \u00e9galement utiliser du yaourt all\u00e9g\u00e9. Assaisonnez simplement cette vinaigrette avec de l'aneth, du poivre et du sel, ainsi qu'une pinc\u00e9e de sucre, et m\u00e9langez-la au concombre frais. C'est une recette merveilleusement l\u00e9g\u00e8re, qui \u00e9conomise des calories et qui est particuli\u00e8rement d\u00e9licieuse avec des snitels ou des filets de poisson.<br \/>\nBon app\u00e9tit !<br \/>\n<strong>Ingr\u00e9dient :<\/strong> Tranches de concombre, vinaigre d'alcool, sirop de glucose-fructose, sucre, sel, ar\u00f4me naturel de plantes.<br \/>\nProduit v\u00e9g\u00e9tarien<br \/>\nSans conservateur<br \/>\nSans colorants<br \/>\nSans gluten<br \/>\nSans lactose<br \/>\nConditionnement : pot en verre avec couvercle<br \/>\n<strong>Valeurs nutritionnelles :<\/strong><br \/>\n\u00c9nergie : 311 kJ \/ 73 kcal<br \/>\nMati\u00e8res grasses : 0,1 g<br \/>\ndont acides gras satur\u00e9s &lt;0,1 g<br \/>\nGlucides : 17 g<br \/>\ndont sucre 16 g<br \/>\nFibres alimentaires : 0,6 g<br \/>\nProt\u00e9ines : 0,6 g<br \/>\nSel : 0,6 g<br \/>\n<a href=\"https:\/\/totalblue.ro\/wp-content\/uploads\/2021\/02\/vegetarian.jpeg\"><img loading=\"lazy\" decoding=\"async\" class=\"alignnone wp-image-27413\" src=\"https:\/\/totalblue.ro\/wp-content\/uploads\/2021\/02\/vegetarian.jpeg\" alt=\"\" width=\"149\" height=\"149\" srcset=\"https:\/\/totalblue.ro\/wp-content\/uploads\/2021\/02\/vegetarian.jpeg 225w, https:\/\/totalblue.ro\/wp-content\/uploads\/2021\/02\/vegetarian-100x100.jpeg 100w\" sizes=\"auto, (max-width: 149px) 100vw, 149px\" \/><\/a><\/p>\n<p>&nbsp;<\/p>","protected":false},"excerpt":{"rendered":"<p>Concombre tranch\u00e9 \u00e0 la danoise 370 ml, Kuhne<\/p>","protected":false},"featured_media":29732,"comment_status":"open","ping_status":"closed","template":"","meta":{"_acf_changed":false,"_seopress_robots_primary_cat":"1950","_seopress_titles_title":"","_seopress_titles_desc":"","_seopress_robots_index":""},"product_brand":[2002],"product_cat":[1555,1683,3372,3272,1950,1767],"giftcard-category":[],"class_list":{"0":"post-29731","1":"product","2":"type-product","3":"status-publish","4":"has-post-thumbnail","6":"product_brand-kuhne","7":"product_cat-bacanie","8":"product_cat-conserve-mancare-gatita","9":"product_cat-conserve-produse-germania","10":"product_cat-conserve","11":"product_cat-produse-germania","12":"product_cat-produse-olanda","14":"first","15":"outofstock","16":"taxable","17":"shipping-taxable","18":"purchasable","19":"product-type-simple"},"acf":[],"_links":{"self":[{"href":"https:\/\/totalblue.ro\/fr\/wp-json\/wp\/v2\/product\/29731","targetHints":{"allow":["GET"]}}],"collection":[{"href":"https:\/\/totalblue.ro\/fr\/wp-json\/wp\/v2\/product"}],"about":[{"href":"https:\/\/totalblue.ro\/fr\/wp-json\/wp\/v2\/types\/product"}],"replies":[{"embeddable":true,"href":"https:\/\/totalblue.ro\/fr\/wp-json\/wp\/v2\/comments?post=29731"}],"wp:featuredmedia":[{"embeddable":true,"href":"https:\/\/totalblue.ro\/fr\/wp-json\/wp\/v2\/media\/29732"}],"wp:attachment":[{"href":"https:\/\/totalblue.ro\/fr\/wp-json\/wp\/v2\/media?parent=29731"}],"wp:term":[{"taxonomy":"product_brand","embeddable":true,"href":"https:\/\/totalblue.ro\/fr\/wp-json\/wp\/v2\/product_brand?post=29731"},{"taxonomy":"product_cat","embeddable":true,"href":"https:\/\/totalblue.ro\/fr\/wp-json\/wp\/v2\/product_cat?post=29731"},{"taxonomy":"giftcard-category","embeddable":true,"href":"https:\/\/totalblue.ro\/fr\/wp-json\/wp\/v2\/giftcard-category?post=29731"}],"curies":[{"name":"wp","href":"https:\/\/api.w.org\/{rel}","templated":true}]}}