{"id":29734,"date":"2021-05-10T15:32:28","date_gmt":"2021-05-10T12:32:28","guid":{"rendered":"https:\/\/totalblue.ro\/?post_type=product&#038;p=29734"},"modified":"2025-08-05T10:50:44","modified_gmt":"2025-08-05T07:50:44","slug":"varza-rosie-rasa-cu-bucati-de-mere-370-ml","status":"publish","type":"product","link":"https:\/\/totalblue.ro\/fr\/produs\/varza-rosie-rasa-cu-bucati-de-mere-370-ml\/","title":{"rendered":"Chou rouge r\u00e2p\u00e9 avec morceaux de pommes 370 ml"},"content":{"rendered":"<p>Apfelrotkohl mit Apfelst\u00fccken 370 ml<br \/>\nVarza rosie este mai rafinata cu un strop de vin rosu, scortisoara, cuisoare \u0219i ceapa.<br \/>\n<strong>Ingr\u00e9dient :<\/strong> Varza rosie, otet de coniac, suc de mere din concentrat, sirop de glucoza-fructoza, mere 3%, zahar, sare, suc de coacaze concentrat<br \/>\nSans conservateur<br \/>\nSans colorants<br \/>\nSans gluten<br \/>\nSans lactose<br \/>\nProduit v\u00e9g\u00e9tarien<br \/>\nFara alergeni<br \/>\nConditionnement : pot en verre avec couvercle<br \/>\n<strong>Valeurs nutritionnelles :<\/strong><br \/>\nEnergie: 200 kJ \/ 47 kcal<br \/>\nMati\u00e8res grasses : 0,1 g<br \/>\ndont acides gras satur\u00e9s &lt;0,1 g<br \/>\nCarbohidrati: 8,6 g<br \/>\ndin care zahar 7,7 g<br \/>\nFibre alimentare: 2,5 g<br \/>\nProteine: 1,3 g<br \/>\nSare: 1 g<br \/>\nVarza rosie K\u00fchne provine exclusiv din cultivarea interna din Germania. Nu folosim conservanti sau coloranti in productie. Varza rosie contine multe vitamine, minerale \u0219i fibre.<br \/>\nEste potrivita \u0219i pentru vegetarieni \u0219i vegani.<\/p>\n<p><a href=\"https:\/\/totalblue.ro\/wp-content\/uploads\/2021\/02\/vegetarian.jpeg\"><img loading=\"lazy\" decoding=\"async\" class=\"alignnone wp-image-27413\" src=\"https:\/\/totalblue.ro\/wp-content\/uploads\/2021\/02\/vegetarian.jpeg\" alt=\"\" width=\"81\" height=\"81\" srcset=\"https:\/\/totalblue.ro\/wp-content\/uploads\/2021\/02\/vegetarian.jpeg 225w, https:\/\/totalblue.ro\/wp-content\/uploads\/2021\/02\/vegetarian-100x100.jpeg 100w\" sizes=\"auto, (max-width: 81px) 100vw, 81px\" \/><\/a><\/p>","protected":false},"excerpt":{"rendered":"<p>Apfelrotkohl mit Apfelst\u00fccken 370 ml<br \/>\nChou rouge r\u00e2p\u00e9 avec morceaux de pommes 370 ml<\/p>","protected":false},"featured_media":29735,"comment_status":"open","ping_status":"closed","template":"","meta":{"_acf_changed":false,"_seopress_robots_primary_cat":"1950","_seopress_titles_title":"","_seopress_titles_desc":"","_seopress_robots_index":""},"product_brand":[2002],"product_cat":[1555,1683,3272,3372,1950,1767],"giftcard-category":[],"class_list":{"0":"post-29734","1":"product","2":"type-product","3":"status-publish","4":"has-post-thumbnail","6":"product_brand-kuhne","7":"product_cat-bacanie","8":"product_cat-conserve-mancare-gatita","9":"product_cat-conserve","10":"product_cat-conserve-produse-germania","11":"product_cat-produse-germania","12":"product_cat-produse-olanda","14":"first","15":"outofstock","16":"taxable","17":"shipping-taxable","18":"purchasable","19":"product-type-simple"},"acf":[],"_links":{"self":[{"href":"https:\/\/totalblue.ro\/fr\/wp-json\/wp\/v2\/product\/29734","targetHints":{"allow":["GET"]}}],"collection":[{"href":"https:\/\/totalblue.ro\/fr\/wp-json\/wp\/v2\/product"}],"about":[{"href":"https:\/\/totalblue.ro\/fr\/wp-json\/wp\/v2\/types\/product"}],"replies":[{"embeddable":true,"href":"https:\/\/totalblue.ro\/fr\/wp-json\/wp\/v2\/comments?post=29734"}],"wp:featuredmedia":[{"embeddable":true,"href":"https:\/\/totalblue.ro\/fr\/wp-json\/wp\/v2\/media\/29735"}],"wp:attachment":[{"href":"https:\/\/totalblue.ro\/fr\/wp-json\/wp\/v2\/media?parent=29734"}],"wp:term":[{"taxonomy":"product_brand","embeddable":true,"href":"https:\/\/totalblue.ro\/fr\/wp-json\/wp\/v2\/product_brand?post=29734"},{"taxonomy":"product_cat","embeddable":true,"href":"https:\/\/totalblue.ro\/fr\/wp-json\/wp\/v2\/product_cat?post=29734"},{"taxonomy":"giftcard-category","embeddable":true,"href":"https:\/\/totalblue.ro\/fr\/wp-json\/wp\/v2\/giftcard-category?post=29734"}],"curies":[{"name":"wp","href":"https:\/\/api.w.org\/{rel}","templated":true}]}}