{"id":29805,"date":"2021-05-12T08:38:25","date_gmt":"2021-05-12T05:38:25","guid":{"rendered":"https:\/\/totalblue.ro\/?post_type=product&#038;p=29805"},"modified":"2026-03-18T10:34:26","modified_gmt":"2026-03-18T08:34:26","slug":"sferturi-de-castraveti-picanti-si-dulci-370-ml-kuhne","status":"publish","type":"product","link":"https:\/\/totalblue.ro\/fr\/produs\/sferturi-de-castraveti-picanti-si-dulci-370-ml-kuhne\/","title":{"rendered":"Sferturi de castraveti, picanti si dulci 370 ml Kuhne"},"content":{"rendered":"<p>Gurkenviertel w\u00fcrzig-s\u00fc\u00df 370 ml Kuhne<br \/>\nSferturi de castravete, picanti si dulci 370 ml Kuhne<br \/>\nSferturi de castravete suculent \u00eentr-o infuzie picant-dulce cu o nota fina de curcuma.<br \/>\n<strong>Ingr\u00e9dient :<\/strong> Castraveti, otet de coniac, zahar, sare, seminte de mustar, aroma naturala de turmeric, culoare, riboflavina<br \/>\n<strong>Allerg\u00e8nes :<\/strong> seminte de mustar<br \/>\nProduit v\u00e9g\u00e9tarien<br \/>\nSans conservateur<br \/>\nSans colorants<br \/>\nSans gluten<br \/>\nSans lactose<br \/>\nConditionnement : pot en verre avec couvercle<br \/>\nValeurs nutritionnelles \/ 100 g :<br \/>\n\u00c9nergie 185 kJ (44 kcal)<br \/>\nGrasimi 0.1 g din care grasimi saturate &lt; 0.1 g<br \/>\nCarbohidrati 8.8 g din care zaharuri 8.7 g<br \/>\nFibre 1.3 g<br \/>\nProteine \u200b\u200b0.6 g<br \/>\nSare 1.8 g<br \/>\n<a href=\"https:\/\/totalblue.ro\/wp-content\/uploads\/2021\/02\/vegetarian.jpeg\"><img loading=\"lazy\" decoding=\"async\" class=\"alignnone wp-image-27413\" src=\"https:\/\/totalblue.ro\/wp-content\/uploads\/2021\/02\/vegetarian.jpeg\" alt=\"\" width=\"107\" height=\"107\" srcset=\"https:\/\/totalblue.ro\/wp-content\/uploads\/2021\/02\/vegetarian.jpeg 225w, https:\/\/totalblue.ro\/wp-content\/uploads\/2021\/02\/vegetarian-100x100.jpeg 100w\" sizes=\"auto, (max-width: 107px) 100vw, 107px\" \/><\/a><\/p>\n<p>&nbsp;<\/p>","protected":false},"excerpt":{"rendered":"<p>Gurkenviertel w\u00fcrzig-s\u00fc\u00df 370 ml Kuhne<br \/>\nSferturi de castravete, picanti si dulci 370 ml Kuhne<\/p>","protected":false},"featured_media":33304,"comment_status":"open","ping_status":"closed","template":"","meta":{"_acf_changed":false,"_seopress_robots_primary_cat":"1950","_seopress_titles_title":"","_seopress_titles_desc":"","_seopress_robots_index":""},"product_brand":[2002],"product_cat":[1555,1683,3272,3372,1950,1767],"giftcard-category":[],"class_list":{"0":"post-29805","1":"product","2":"type-product","3":"status-publish","4":"has-post-thumbnail","6":"product_brand-kuhne","7":"product_cat-bacanie","8":"product_cat-conserve-mancare-gatita","9":"product_cat-conserve","10":"product_cat-conserve-produse-germania","11":"product_cat-produse-germania","12":"product_cat-produse-olanda","14":"first","15":"instock","16":"taxable","17":"shipping-taxable","18":"purchasable","19":"product-type-simple"},"acf":[],"_links":{"self":[{"href":"https:\/\/totalblue.ro\/fr\/wp-json\/wp\/v2\/product\/29805","targetHints":{"allow":["GET"]}}],"collection":[{"href":"https:\/\/totalblue.ro\/fr\/wp-json\/wp\/v2\/product"}],"about":[{"href":"https:\/\/totalblue.ro\/fr\/wp-json\/wp\/v2\/types\/product"}],"replies":[{"embeddable":true,"href":"https:\/\/totalblue.ro\/fr\/wp-json\/wp\/v2\/comments?post=29805"}],"wp:featuredmedia":[{"embeddable":true,"href":"https:\/\/totalblue.ro\/fr\/wp-json\/wp\/v2\/media\/33304"}],"wp:attachment":[{"href":"https:\/\/totalblue.ro\/fr\/wp-json\/wp\/v2\/media?parent=29805"}],"wp:term":[{"taxonomy":"product_brand","embeddable":true,"href":"https:\/\/totalblue.ro\/fr\/wp-json\/wp\/v2\/product_brand?post=29805"},{"taxonomy":"product_cat","embeddable":true,"href":"https:\/\/totalblue.ro\/fr\/wp-json\/wp\/v2\/product_cat?post=29805"},{"taxonomy":"giftcard-category","embeddable":true,"href":"https:\/\/totalblue.ro\/fr\/wp-json\/wp\/v2\/giftcard-category?post=29805"}],"curies":[{"name":"wp","href":"https:\/\/api.w.org\/{rel}","templated":true}]}}