{"id":29859,"date":"2021-05-13T10:42:19","date_gmt":"2021-05-13T07:42:19","guid":{"rendered":"https:\/\/totalblue.ro\/?post_type=product&#038;p=29859"},"modified":"2026-03-11T11:40:47","modified_gmt":"2026-03-11T09:40:47","slug":"knorr-condimente-de-primavara-pentru-legume-60-g","status":"publish","type":"product","link":"https:\/\/totalblue.ro\/fr\/produs\/knorr-condimente-de-primavara-pentru-legume-60-g\/","title":{"rendered":"\u00c9pices de printemps Knorr pour l\u00e9gumes 60 g"},"content":{"rendered":"<p>Knorr Streuer Fr\u00fchlingskr\u00e4uter f\u00fcr Gem\u00fcse 60 g<br \/>\n\u00c9pices de printemps Knorr pour l\u00e9gumes 60 g<br \/>\nRafina\u021bi fiecare fel de mancare intr-un mod sofisticat. Pregatiti mancaruri proaspete rapid \u0219i usor<br \/>\nPotrivit pentru mancaruri vegane.<br \/>\nUn buchet armonios de plante cu patrunjel, frunze de telina \u0219i arpagic, fin echilibrat cu usturoi \u0219i condimente selectate. Ierburi de primavara ideale pentru salate, legume sau preparate din carne. Cu Knorr, un amestec proaspat de condimente care nu este posibil doar cu propriile ierburi de gradin\u0103.<br \/>\n<strong>Ingr\u00e9dient :<\/strong>sare de masa iodata, 18% ierburi (5% patrunjel, 4% frunze de telina, 4% arpagic, chervil, lovage), intensificator de aroma (glutamat monosodic, inozinat disodic, guanilat disodic), zahar, ulei de porumb, 4% usturoi, extract de drojdie, extract de busuioc, nucsoara. Poate con\u021bine urme de gluten, lapte, ou \u0219i mustar.<br \/>\nSans colorants<br \/>\nSans conservateur<br \/>\nProduit v\u00e9g\u00e9tarien<br \/>\n<strong>Allerg\u00e8nes : <\/strong>contine telina<br \/>\nDisponibil in solnita practica, resigilabila, cu capac<br \/>\n<strong>Pr\u00e9paration :<\/strong> Pur \u0219i simplu pres\u0103ra\u021bi buc\u0103\u021bile de ierburi in vasul dorit. Ideal pentru salate sau pentru fripturi la gr\u0103tar.<br \/>\n<strong>Valeurs nutritionnelles \/ 100g :<\/strong><br \/>\nEnergie: 901 kJ \/ 216 kcal<br \/>\nGrasime: 8.3 g din care acizi gra\u0219i saturati 1.1 g<br \/>\nCarbohidrati: 21 g din care zahar 17 g<br \/>\nFibre alimentare: 3.4 g<br \/>\nProteine: 13 g<br \/>\nSare: 45.9 g<br \/>\nProducator Unilever Germany<br \/>\n<a href=\"https:\/\/totalblue.ro\/wp-content\/uploads\/2021\/02\/vegetarian.jpeg\"><img loading=\"lazy\" decoding=\"async\" class=\"alignnone wp-image-27413\" src=\"https:\/\/totalblue.ro\/wp-content\/uploads\/2021\/02\/vegetarian.jpeg\" alt=\"\" width=\"107\" height=\"107\" srcset=\"https:\/\/totalblue.ro\/wp-content\/uploads\/2021\/02\/vegetarian.jpeg 225w, https:\/\/totalblue.ro\/wp-content\/uploads\/2021\/02\/vegetarian-100x100.jpeg 100w\" sizes=\"auto, (max-width: 107px) 100vw, 107px\" \/><\/a><\/p>","protected":false},"excerpt":{"rendered":"<p>Knorr Streuer Fr\u00fchlingskr\u00e4uter f\u00fcr Gem\u00fcse 60 g<br \/>\n\u00c9pices de printemps Knorr pour l\u00e9gumes 60 g<\/p>","protected":false},"featured_media":238835,"comment_status":"open","ping_status":"closed","template":"","meta":{"_acf_changed":false,"_seopress_robots_primary_cat":"1451","_seopress_titles_title":"","_seopress_titles_desc":"","_seopress_robots_index":""},"product_brand":[1870],"product_cat":[1555,3280,3380,1451,1950,1767],"giftcard-category":[],"class_list":{"0":"post-29859","1":"product","2":"type-product","3":"status-publish","4":"has-post-thumbnail","6":"product_brand-knorr","7":"product_cat-bacanie","8":"product_cat-condimente-sosuri","9":"product_cat-condimente-sosuri-produse-germania","10":"product_cat-condimente-produse-instant","11":"product_cat-produse-germania","12":"product_cat-produse-olanda","14":"first","15":"instock","16":"taxable","17":"shipping-taxable","18":"purchasable","19":"product-type-simple"},"acf":[],"_links":{"self":[{"href":"https:\/\/totalblue.ro\/fr\/wp-json\/wp\/v2\/product\/29859","targetHints":{"allow":["GET"]}}],"collection":[{"href":"https:\/\/totalblue.ro\/fr\/wp-json\/wp\/v2\/product"}],"about":[{"href":"https:\/\/totalblue.ro\/fr\/wp-json\/wp\/v2\/types\/product"}],"replies":[{"embeddable":true,"href":"https:\/\/totalblue.ro\/fr\/wp-json\/wp\/v2\/comments?post=29859"}],"wp:featuredmedia":[{"embeddable":true,"href":"https:\/\/totalblue.ro\/fr\/wp-json\/wp\/v2\/media\/238835"}],"wp:attachment":[{"href":"https:\/\/totalblue.ro\/fr\/wp-json\/wp\/v2\/media?parent=29859"}],"wp:term":[{"taxonomy":"product_brand","embeddable":true,"href":"https:\/\/totalblue.ro\/fr\/wp-json\/wp\/v2\/product_brand?post=29859"},{"taxonomy":"product_cat","embeddable":true,"href":"https:\/\/totalblue.ro\/fr\/wp-json\/wp\/v2\/product_cat?post=29859"},{"taxonomy":"giftcard-category","embeddable":true,"href":"https:\/\/totalblue.ro\/fr\/wp-json\/wp\/v2\/giftcard-category?post=29859"}],"curies":[{"name":"wp","href":"https:\/\/api.w.org\/{rel}","templated":true}]}}