{"id":29949,"date":"2021-05-14T18:16:06","date_gmt":"2021-05-14T15:16:06","guid":{"rendered":"https:\/\/totalblue.ro\/?post_type=product&#038;p=29949"},"modified":"2025-08-06T15:56:44","modified_gmt":"2025-08-06T12:56:44","slug":"sauce-au-curry-maggi-paquet-double","status":"publish","type":"product","link":"https:\/\/totalblue.ro\/fr\/produs\/maggi-curry-sauce-double-pack\/","title":{"rendered":"Maggi Curry Sauce Double Pack"},"content":{"rendered":"<p><strong>Maggi Curry Sauce Double Pack<br \/>\n<\/strong>Contient : 1 paquet de 500 ml 2 x 0,250ml<br \/>\n\"La sauce curry Maggi est id\u00e9ale pour les exp\u00e9riences cr\u00e9atives en cuisine. Avec des \u00e9pices exotiques comme le curcuma, le gingembre et la coriandre, c'est la sauce id\u00e9ale pour un curry indien ou des plats asiatiques au wok. Mais la sauce au curry est \u00e9galement d\u00e9licieuse avec du riz, des plats de l\u00e9gumes, des saucisses ou du poisson et des crevettes. Essayez aussi vos propres variations de la sauce et aromatisez-la avec d'autres ingr\u00e9dients !<br \/>\nLe contenu est suffisant pour 2 x 250 ml de sauce pr\u00eate \u00e0 l'emploi.<br \/>\n<strong>Ingr\u00e9dient :<\/strong> Farine de bl\u00e9, graisse de palme, farine de riz, curry 11% (curcuma, coriandre, sel, moutarde, cumin, piment, c\u00e9leri, gingembre, paprika, paprika, paprika, cardamome, cumin, laurier, aneth), extrait de levure, sucre, iode, gomme de guar \u00e9paississante, prot\u00e9ines de lait, oignon, ail, acide citrique, acide citrique acidifiant.<br \/>\n<strong>Allerg\u00e8nes :<\/strong> C\u00e9r\u00e9ales contenant du gluten et ses d\u00e9riv\u00e9s, de la moutarde et ses d\u00e9riv\u00e9s, du c\u00e9leri et ses d\u00e9riv\u00e9s, du lait et ses d\u00e9riv\u00e9s. Peut contenir des \u0153ufs et du soja.<br \/>\nConserver dans un endroit frais et sec.<br \/>\n<strong>La nutrition :<br \/>\n<\/strong>\u00c9nergie 186 kJ \/ 44 kcal<br \/>\nMati\u00e8res grasses 1,6 g dont acides gras satur\u00e9s 0,2 g<br \/>\nGlucides 6,2 g dont sucre 1,5 g<br \/>\nFibres 0,3 g<br \/>\nProt\u00e9ines 1,1 g<br \/>\nSel 1 g<strong><br \/>\n<\/strong>MAGGI GmbH 60528 Frankfurt \/ Main Made in GERMANY<br \/>\nImportateur et distributeur Total Blue Impex SRL<strong><br \/>\n<\/strong><\/p>","protected":false},"excerpt":{"rendered":"<p>Maggi Curry Sauce Double Pack<\/p>","protected":false},"featured_media":61388,"comment_status":"open","ping_status":"closed","template":"","meta":{"_acf_changed":false,"_seopress_robots_primary_cat":"none","_seopress_titles_title":"Maggi Curry Sauce Double Pack","_seopress_titles_desc":"Maggi Curry Sauce Double Pack","_seopress_robots_index":""},"product_brand":[1869],"product_cat":[1555,3280,3380,1950,1767],"giftcard-category":[],"class_list":{"0":"post-29949","1":"product","2":"type-product","3":"status-publish","4":"has-post-thumbnail","6":"product_brand-maggi","7":"product_cat-bacanie","8":"product_cat-condimente-sosuri","9":"product_cat-condimente-sosuri-produse-germania","10":"product_cat-produse-germania","11":"product_cat-produse-olanda","13":"first","14":"outofstock","15":"taxable","16":"shipping-taxable","17":"purchasable","18":"product-type-simple"},"acf":[],"_links":{"self":[{"href":"https:\/\/totalblue.ro\/fr\/wp-json\/wp\/v2\/product\/29949","targetHints":{"allow":["GET"]}}],"collection":[{"href":"https:\/\/totalblue.ro\/fr\/wp-json\/wp\/v2\/product"}],"about":[{"href":"https:\/\/totalblue.ro\/fr\/wp-json\/wp\/v2\/types\/product"}],"replies":[{"embeddable":true,"href":"https:\/\/totalblue.ro\/fr\/wp-json\/wp\/v2\/comments?post=29949"}],"wp:featuredmedia":[{"embeddable":true,"href":"https:\/\/totalblue.ro\/fr\/wp-json\/wp\/v2\/media\/61388"}],"wp:attachment":[{"href":"https:\/\/totalblue.ro\/fr\/wp-json\/wp\/v2\/media?parent=29949"}],"wp:term":[{"taxonomy":"product_brand","embeddable":true,"href":"https:\/\/totalblue.ro\/fr\/wp-json\/wp\/v2\/product_brand?post=29949"},{"taxonomy":"product_cat","embeddable":true,"href":"https:\/\/totalblue.ro\/fr\/wp-json\/wp\/v2\/product_cat?post=29949"},{"taxonomy":"giftcard-category","embeddable":true,"href":"https:\/\/totalblue.ro\/fr\/wp-json\/wp\/v2\/giftcard-category?post=29949"}],"curies":[{"name":"wp","href":"https:\/\/api.w.org\/{rel}","templated":true}]}}