{"id":30019,"date":"2021-05-18T09:09:34","date_gmt":"2021-05-18T06:09:34","guid":{"rendered":"https:\/\/totalblue.ro\/?post_type=product&#038;p=30019"},"modified":"2026-01-29T19:09:37","modified_gmt":"2026-01-29T17:09:37","slug":"knorr-sauce-au-beurre-citronne-250ml","status":"publish","type":"product","link":"https:\/\/totalblue.ro\/fr\/produs\/knorr-sos-de-unt-cu-lamaie-250ml\/","title":{"rendered":"Knorr sauce au beurre et au citron 52g"},"content":{"rendered":"<div id=\"content_tab_description\" class=\"tab-content tab-description\">\n<div class=\"tab-content-inner\">\n<div class=\"tab-content-scroll\">\n<p>Knorr Feinschmecker Zitronen Butter Sauce 52g<br \/>\nKnorr sauce au beurre et au citron 52g<br \/>\nLa sauce au beurre citronn\u00e9 de Knorr est une composition sophistiqu\u00e9e de sauce avec du beurre fin et une d\u00e9licate touche de citron. Elle accompagne parfaitement les asperges, les l\u00e9gumes et les plats de viande. Les sauces gourmet KNORR offrent la bonne id\u00e9e de sauce pour chaque go\u00fbt.<br \/>\n<strong>Ingr\u00e9dient : <\/strong>25% beurre sec, amidon, huile de palme, maltodextrine, maltodextrine, lait en poudre, poudre de ma\u00efs v\u00e9g\u00e9tal, sucre, ar\u00f4mes (orge), sel de table iod\u00e9, sel de table, sirop de glucose sec, 1% jus de citron en poudre, \u00e9pices prot\u00e9iques, extrait de levure, extrait de vin de table, extrait de sel d'oignon, curcuma.<br \/>\n<strong>Allerg\u00e8nes :<\/strong> le gluten et le lait.<br \/>\n<strong>Mode d'emploi :<\/strong> M\u00e9langer le contenu du sac dans 250 ml d'eau froide \u00e0 l'aide d'un chiffon. Porter \u00e0 \u00e9bullition en remuant. Laisser mijoter pendant 1 minute en remuant de temps en temps.<br \/>\n<strong>Informations nutritionnelles pour 100 ml de produit :<\/strong><br \/>\n\u00c9nergie 469 kJ \/ 112 kcal<br \/>\nMati\u00e8res grasses 7,6 g dont acides gras satur\u00e9s 4,9 g<br \/>\nGlucides 9,2 g dont sucres 1,9 g<br \/>\nProt\u00e9ines 1,4 g<br \/>\nSel 1,2 g<br \/>\nFabriqu\u00e9 par Unilever Deutschland GmbH, AM Strandkai 1, 20457 Hamburg Deutschland (Allemagne).<br \/>\nImportateur et distributeur Total Blue Impex SRL<\/p>\n<\/div>\n<\/div>\n<\/div>","protected":false},"excerpt":{"rendered":"<p>Knorr Feinschmecker Zitronen Butter Sauce 52g<br \/>\nKnorr sauce au beurre et au citron 52g<\/p>","protected":false},"featured_media":137454,"comment_status":"open","ping_status":"closed","template":"","meta":{"_acf_changed":false,"_seopress_robots_primary_cat":"none","_seopress_titles_title":"","_seopress_titles_desc":"","_seopress_robots_index":""},"product_brand":[1870],"product_cat":[1555,3280,3380,1950,1767,1954],"giftcard-category":[],"class_list":{"0":"post-30019","1":"product","2":"type-product","3":"status-publish","4":"has-post-thumbnail","6":"product_brand-knorr","7":"product_cat-bacanie","8":"product_cat-condimente-sosuri","9":"product_cat-condimente-sosuri-produse-germania","10":"product_cat-produse-germania","11":"product_cat-produse-olanda","12":"product_cat-semipreparate","14":"first","15":"outofstock","16":"taxable","17":"shipping-taxable","18":"purchasable","19":"product-type-simple"},"acf":[],"_links":{"self":[{"href":"https:\/\/totalblue.ro\/fr\/wp-json\/wp\/v2\/product\/30019","targetHints":{"allow":["GET"]}}],"collection":[{"href":"https:\/\/totalblue.ro\/fr\/wp-json\/wp\/v2\/product"}],"about":[{"href":"https:\/\/totalblue.ro\/fr\/wp-json\/wp\/v2\/types\/product"}],"replies":[{"embeddable":true,"href":"https:\/\/totalblue.ro\/fr\/wp-json\/wp\/v2\/comments?post=30019"}],"wp:featuredmedia":[{"embeddable":true,"href":"https:\/\/totalblue.ro\/fr\/wp-json\/wp\/v2\/media\/137454"}],"wp:attachment":[{"href":"https:\/\/totalblue.ro\/fr\/wp-json\/wp\/v2\/media?parent=30019"}],"wp:term":[{"taxonomy":"product_brand","embeddable":true,"href":"https:\/\/totalblue.ro\/fr\/wp-json\/wp\/v2\/product_brand?post=30019"},{"taxonomy":"product_cat","embeddable":true,"href":"https:\/\/totalblue.ro\/fr\/wp-json\/wp\/v2\/product_cat?post=30019"},{"taxonomy":"giftcard-category","embeddable":true,"href":"https:\/\/totalblue.ro\/fr\/wp-json\/wp\/v2\/giftcard-category?post=30019"}],"curies":[{"name":"wp","href":"https:\/\/api.w.org\/{rel}","templated":true}]}}