{"id":305022,"date":"2026-04-29T15:18:47","date_gmt":"2026-04-29T12:18:47","guid":{"rendered":"https:\/\/totalblue.ro\/?post_type=product&#038;p=305022"},"modified":"2026-04-29T15:19:44","modified_gmt":"2026-04-29T12:19:44","slug":"scripete-al-32-kn-nr-art-01740","status":"publish","type":"product","link":"https:\/\/totalblue.ro\/fr\/produs\/scripete-al-32-kn-nr-art-01740\/","title":{"rendered":"Scripete Al 32 kN nr art 01740"},"content":{"rendered":"<p>Rope pulley AL-A 1-roller, with plain bearing<br \/>\nincl. instruction manual<br \/>\nfor rope \u00d8 11.2 mm, working load limit 32.0 kN<br \/>\nWeight: 4.800 kg<\/p>","protected":false},"excerpt":{"rendered":"<p>Av\u00e2nd \u00een vedere regimul de import special al acestui echipament industrial, comanda se proceseaz\u0103 exclusiv dup\u0103 confirmarea pl\u0103\u021bii \u00een avans.<br \/>\nTermenul de livrare de 4 saptamani lucr\u0103toare curge de la data confirm\u0103rii pl\u0103\u021bii integrale \u00een contul furnizorului.<\/p>","protected":false},"featured_media":305023,"comment_status":"open","ping_status":"closed","template":"","meta":{"_acf_changed":false,"_seopress_robots_primary_cat":"none","_seopress_titles_title":"","_seopress_titles_desc":"","_seopress_robots_index":""},"product_brand":[],"product_cat":[16097],"giftcard-category":[],"class_list":{"0":"post-305022","1":"product","2":"type-product","3":"status-publish","4":"has-post-thumbnail","6":"product_cat-bricolaj","8":"first","9":"outofstock","10":"taxable","11":"shipping-taxable","12":"purchasable","13":"product-type-simple"},"acf":[],"_links":{"self":[{"href":"https:\/\/totalblue.ro\/fr\/wp-json\/wp\/v2\/product\/305022","targetHints":{"allow":["GET"]}}],"collection":[{"href":"https:\/\/totalblue.ro\/fr\/wp-json\/wp\/v2\/product"}],"about":[{"href":"https:\/\/totalblue.ro\/fr\/wp-json\/wp\/v2\/types\/product"}],"replies":[{"embeddable":true,"href":"https:\/\/totalblue.ro\/fr\/wp-json\/wp\/v2\/comments?post=305022"}],"wp:featuredmedia":[{"embeddable":true,"href":"https:\/\/totalblue.ro\/fr\/wp-json\/wp\/v2\/media\/305023"}],"wp:attachment":[{"href":"https:\/\/totalblue.ro\/fr\/wp-json\/wp\/v2\/media?parent=305022"}],"wp:term":[{"taxonomy":"product_brand","embeddable":true,"href":"https:\/\/totalblue.ro\/fr\/wp-json\/wp\/v2\/product_brand?post=305022"},{"taxonomy":"product_cat","embeddable":true,"href":"https:\/\/totalblue.ro\/fr\/wp-json\/wp\/v2\/product_cat?post=305022"},{"taxonomy":"giftcard-category","embeddable":true,"href":"https:\/\/totalblue.ro\/fr\/wp-json\/wp\/v2\/giftcard-category?post=305022"}],"curies":[{"name":"wp","href":"https:\/\/api.w.org\/{rel}","templated":true}]}}