{"id":305024,"date":"2026-04-29T15:20:42","date_gmt":"2026-04-29T12:20:42","guid":{"rendered":"https:\/\/totalblue.ro\/?post_type=product&#038;p=305024"},"modified":"2026-04-29T15:21:32","modified_gmt":"2026-04-29T12:21:32","slug":"scripete-al-64-kn-art-nr-01840-2","status":"publish","type":"product","link":"https:\/\/totalblue.ro\/fr\/produs\/scripete-al-64-kn-art-nr-01840-2\/","title":{"rendered":"Scripete Al 64 KN art nr. 01840\/2"},"content":{"rendered":"<p>Rope pulley AL-A 2-roller, with plain bearing<br \/>\nincl. instruction manual<br \/>\nfor rope \u00d8 11.2 mm, working load limit 64.0 kN<br \/>\nWeight: 11.600 kg<\/p>","protected":false},"excerpt":{"rendered":"<p>Av\u00e2nd \u00een vedere regimul de import special al acestui echipament industrial, comanda se proceseaz\u0103 exclusiv dup\u0103 confirmarea pl\u0103\u021bii \u00een avans.<br \/>\nTermenul de livrare de 4 saptamani lucr\u0103toare curge de la data confirm\u0103rii pl\u0103\u021bii integrale \u00een contul furnizorului.<\/p>","protected":false},"featured_media":305025,"comment_status":"open","ping_status":"closed","template":"","meta":{"_acf_changed":false,"_seopress_robots_primary_cat":"none","_seopress_titles_title":"","_seopress_titles_desc":"","_seopress_robots_index":""},"product_brand":[],"product_cat":[16097],"giftcard-category":[],"class_list":{"0":"post-305024","1":"product","2":"type-product","3":"status-publish","4":"has-post-thumbnail","6":"product_cat-bricolaj","8":"first","9":"outofstock","10":"taxable","11":"shipping-taxable","12":"purchasable","13":"product-type-simple"},"acf":[],"_links":{"self":[{"href":"https:\/\/totalblue.ro\/fr\/wp-json\/wp\/v2\/product\/305024","targetHints":{"allow":["GET"]}}],"collection":[{"href":"https:\/\/totalblue.ro\/fr\/wp-json\/wp\/v2\/product"}],"about":[{"href":"https:\/\/totalblue.ro\/fr\/wp-json\/wp\/v2\/types\/product"}],"replies":[{"embeddable":true,"href":"https:\/\/totalblue.ro\/fr\/wp-json\/wp\/v2\/comments?post=305024"}],"wp:featuredmedia":[{"embeddable":true,"href":"https:\/\/totalblue.ro\/fr\/wp-json\/wp\/v2\/media\/305025"}],"wp:attachment":[{"href":"https:\/\/totalblue.ro\/fr\/wp-json\/wp\/v2\/media?parent=305024"}],"wp:term":[{"taxonomy":"product_brand","embeddable":true,"href":"https:\/\/totalblue.ro\/fr\/wp-json\/wp\/v2\/product_brand?post=305024"},{"taxonomy":"product_cat","embeddable":true,"href":"https:\/\/totalblue.ro\/fr\/wp-json\/wp\/v2\/product_cat?post=305024"},{"taxonomy":"giftcard-category","embeddable":true,"href":"https:\/\/totalblue.ro\/fr\/wp-json\/wp\/v2\/giftcard-category?post=305024"}],"curies":[{"name":"wp","href":"https:\/\/api.w.org\/{rel}","templated":true}]}}