{"id":305580,"date":"2026-05-04T14:11:14","date_gmt":"2026-05-04T11:11:14","guid":{"rendered":"https:\/\/totalblue.ro\/?post_type=product&#038;p=305580"},"modified":"2026-05-04T14:17:59","modified_gmt":"2026-05-04T11:17:59","slug":"banda-ancorare-50-mm-250-metri","status":"publish","type":"product","link":"https:\/\/totalblue.ro\/fr\/produs\/banda-ancorare-50-mm-250-metri\/","title":{"rendered":"Banda ancorare 50 mm 250 metri"},"content":{"rendered":"<p>Banda ancorare si ambalare cu latime 50 mm , Lc=2700 daN<br \/>\nBanda se livreaza doar ambalata la sac (1 sac W527UFX = 250 ml)<br \/>\nBanda de ambalare \/ ancorare asigur\u0103 transportul \u00een siguran\u0163\u0103 a tuturor produselor \/ m\u0103rfurilor ( transport maritim , transport rutier , transport feroviar , transport agabaritic , transport special ) , legarea solarelor , t\u00e2mpl\u0103rie PVC , agricultur\u0103 , industria lemnului etc. Este o band\u0103 ideal\u0103 pentru ambalarea \/ ancorarea \u0163evilor , o\u0163elului inoxidabil.<br \/>\nCaract\u00e9ristiques :<br \/>\nMaterial poliester<br \/>\nNu ruginesc, sunt flexibile, nu deterioreaz\u0103 \u00eenc\u0103rc\u0103tura<br \/>\nSisteme de fixare u\u015foare, au o greutate sc\u0103zut\u0103, sunt extrem de durabile<br \/>\nExcelent raport \u00eentre calitate, siguran\u0163\u0103 \u00een transport \u015fi costuri reduse oferite clien\u0163ilor<br \/>\n\u00cen combina\u0163ie cu cataramele \/ clemele \u015fi cliche\u0163ii de str\u00e2ngere, Unifixx\u00ae este alegerea perfect\u0103 atunci c\u00e2nd ai nevoie de un partener de \u00eencredere!<br \/>\nTara de origine: Olanda<br \/>\nIn conformitate cu EN 10204-2.1<\/p>","protected":false},"excerpt":{"rendered":"<p>Latime 50mm , Lc=2700 daN<br \/>\n<strong>Banda se livreaza doar ambalata la sac<\/strong><br \/>\n<strong>Pretul afisat este pe sac<br \/>\n<\/strong>1 sac = 250 ml<\/p>\n<p>&nbsp;<\/p>","protected":false},"featured_media":305581,"comment_status":"open","ping_status":"closed","template":"","meta":{"_acf_changed":false,"_seopress_robots_primary_cat":"none","_seopress_titles_title":"","_seopress_titles_desc":"","_seopress_robots_index":""},"product_brand":[],"product_cat":[16097],"giftcard-category":[],"class_list":{"0":"post-305580","1":"product","2":"type-product","3":"status-publish","4":"has-post-thumbnail","6":"product_cat-bricolaj","8":"first","9":"instock","10":"taxable","11":"shipping-taxable","12":"purchasable","13":"product-type-simple"},"acf":[],"_links":{"self":[{"href":"https:\/\/totalblue.ro\/fr\/wp-json\/wp\/v2\/product\/305580","targetHints":{"allow":["GET"]}}],"collection":[{"href":"https:\/\/totalblue.ro\/fr\/wp-json\/wp\/v2\/product"}],"about":[{"href":"https:\/\/totalblue.ro\/fr\/wp-json\/wp\/v2\/types\/product"}],"replies":[{"embeddable":true,"href":"https:\/\/totalblue.ro\/fr\/wp-json\/wp\/v2\/comments?post=305580"}],"wp:featuredmedia":[{"embeddable":true,"href":"https:\/\/totalblue.ro\/fr\/wp-json\/wp\/v2\/media\/305581"}],"wp:attachment":[{"href":"https:\/\/totalblue.ro\/fr\/wp-json\/wp\/v2\/media?parent=305580"}],"wp:term":[{"taxonomy":"product_brand","embeddable":true,"href":"https:\/\/totalblue.ro\/fr\/wp-json\/wp\/v2\/product_brand?post=305580"},{"taxonomy":"product_cat","embeddable":true,"href":"https:\/\/totalblue.ro\/fr\/wp-json\/wp\/v2\/product_cat?post=305580"},{"taxonomy":"giftcard-category","embeddable":true,"href":"https:\/\/totalblue.ro\/fr\/wp-json\/wp\/v2\/giftcard-category?post=305580"}],"curies":[{"name":"wp","href":"https:\/\/api.w.org\/{rel}","templated":true}]}}