{"id":30605,"date":"2021-06-07T16:08:43","date_gmt":"2021-06-07T13:08:43","guid":{"rendered":"https:\/\/totalblue.ro\/?post_type=product&#038;p=30605"},"modified":"2025-11-19T13:25:28","modified_gmt":"2025-11-19T11:25:28","slug":"mora-loempia-groenten-175-g","status":"publish","type":"product","link":"https:\/\/totalblue.ro\/fr\/produs\/mora-loempia-groenten-175-g\/","title":{"rendered":"M\u00fbres Loempia groenten 175 g"},"content":{"rendered":"<p>M\u00fbres Loempia groenten 175 g<br \/>\nAcest rulou de primavara cu o crusta delicioasa crocanta este bogat umplut cu legume crocante. Fara carne.<br \/>\nProduit v\u00e9g\u00e9tarien.<br \/>\n<strong>Ingr\u00e9dient :\u00a0 <\/strong>Legume 46% (muguri de fasole, varza, morcov, ceapa, praz, porumb, mazare, usturoi, boia), faina de grau, apa, proteine \u200b\u200bdin ou\u0103 de pui liber, amidon, uleiuri vegetale (palmier, nap, floarea-soarelui), sare , fibra de grau, intensificator de arom\u0103: E621, arom\u0103 (grau, telina), zahar, dextroza, ierburi \u0219i condimente.<br \/>\n<strong>Allerg\u00e8nes : <\/strong>oua, telina, grau, cereale care contin gluten<br \/>\n<strong>Valeurs nutritionnelles\/100g :<br \/>\n<\/strong>Energie 600 kJ (140 kcal)<br \/>\nGrasime 4,5 g din care saturati 2,5 g<br \/>\nCarbohidra\u021bi 22 g din care zaharuri 2 g<br \/>\nProteine \u200b\u200b3,5 g<br \/>\nSel 0,9 g<br \/>\n<strong>Comment se pr\u00e9parer :<\/strong><br \/>\n11 minute la 180 \u00b0 C<br \/>\nCongelat: 11 min. Decongelat: 5 min.<br \/>\nSe prajeste pana la 2 bucati odatt.<br \/>\nCuptor: 22 de minute la 230 \u00b0 C<br \/>\nCongelat: 22 minute. Decongelat: 14 minute.<br \/>\nPreincalziti cuptorul sau gratarul si rotiti produsul \u00een mod regulat.<br \/>\nCuptor cu aer cald: 22 minute | 250 \u00b0 C<br \/>\nCongelat: 22 minute. Decongelat: 14 minute.<br \/>\nPreincalziti cuptorul cu convectie si rotiti produsul in mod regulat.<br \/>\nFriteuza cu aer: 17 min la 200 \u00b0 C<br \/>\nCongelat: 17 minute. Preg\u0103te\u0219te maximum 2 buca\u021bi odata.<br \/>\nPreincalziti friteuza.<br \/>\nTigaie : 25 min.<br \/>\nCongelat: 25 de minute. Stropiti de ulei in tigaie, incalziti mediu \u0219i rotiti produsul \u00een mod regulat.<br \/>\nLoempia de prim\u0103var\u0103 se rumeneste imediat dupa coacere. In acest fel, Loempia absoarbe doar grasime minima. Nu dezghe\u021ba\u021bi produsul \u00een ambalaj<br \/>\nUrm\u0103toarele recomandari de depozitare se aplica de la data cump\u0103r\u0103rii:<br \/>\n1. Poate fi p\u0103strat la frigider (+ 4 \u00b0 C) timp de 48 de ore de la congelator.<br \/>\n2. In compartimentul congelator al frigiderului cu: * (-6 \u00b0 C): 1 s\u0103pt\u0103m\u00e2na * (-12 \u00b0 C): 3 s\u0103pt\u0103m\u00e2ni ** (-18 \u00b0 C): pana la data indicat\u0103 mai bine inainte de decongelare , nu ingheta\u021bi<br \/>\nPentru cele mai actualizate informatii despre produs, va rugam sa consultati ambalajul.<br \/>\nFabricat de Mora, Antwoordnummer 65013 5000 VH Tilburg, 0800-BELMORA\/0800-2356672<br \/>\nImportateur et distributeur Total Blue Impex SRL<br \/>\n<a href=\"https:\/\/totalblue.ro\/wp-content\/uploads\/2021\/02\/vegetarian.jpeg\"><img loading=\"lazy\" decoding=\"async\" class=\"alignnone wp-image-27413\" src=\"https:\/\/totalblue.ro\/wp-content\/uploads\/2021\/02\/vegetarian.jpeg\" alt=\"\" width=\"120\" height=\"120\" srcset=\"https:\/\/totalblue.ro\/wp-content\/uploads\/2021\/02\/vegetarian.jpeg 225w, https:\/\/totalblue.ro\/wp-content\/uploads\/2021\/02\/vegetarian-100x100.jpeg 100w\" sizes=\"auto, (max-width: 120px) 100vw, 120px\" \/><\/a><\/p>","protected":false},"excerpt":{"rendered":"<p><span data-text-color=\"alert\"><strong>ATTENTION ! PRODUIT CONGEL\u00c9 ! ATTENTION ! PRODUIT CONGEL\u00c9 !<\/strong><\/span><\/p>","protected":false},"featured_media":30606,"comment_status":"open","ping_status":"closed","template":"","meta":{"_acf_changed":false,"_seopress_robots_primary_cat":"none","_seopress_titles_title":"","_seopress_titles_desc":"","_seopress_robots_index":""},"product_brand":[2024],"product_cat":[1555,2050,3256,1767,1954],"giftcard-category":[],"class_list":{"0":"post-30605","1":"product","2":"type-product","3":"status-publish","4":"has-post-thumbnail","6":"product_brand-mora","7":"product_cat-bacanie","8":"product_cat-produse-congelate","9":"product_cat-produse-congelate-produse-olanda","10":"product_cat-produse-olanda","11":"product_cat-semipreparate","12":"product_shipping_class-frozen-products","14":"first","15":"outofstock","16":"taxable","17":"shipping-taxable","18":"purchasable","19":"product-type-simple"},"acf":[],"_links":{"self":[{"href":"https:\/\/totalblue.ro\/fr\/wp-json\/wp\/v2\/product\/30605","targetHints":{"allow":["GET"]}}],"collection":[{"href":"https:\/\/totalblue.ro\/fr\/wp-json\/wp\/v2\/product"}],"about":[{"href":"https:\/\/totalblue.ro\/fr\/wp-json\/wp\/v2\/types\/product"}],"replies":[{"embeddable":true,"href":"https:\/\/totalblue.ro\/fr\/wp-json\/wp\/v2\/comments?post=30605"}],"wp:featuredmedia":[{"embeddable":true,"href":"https:\/\/totalblue.ro\/fr\/wp-json\/wp\/v2\/media\/30606"}],"wp:attachment":[{"href":"https:\/\/totalblue.ro\/fr\/wp-json\/wp\/v2\/media?parent=30605"}],"wp:term":[{"taxonomy":"product_brand","embeddable":true,"href":"https:\/\/totalblue.ro\/fr\/wp-json\/wp\/v2\/product_brand?post=30605"},{"taxonomy":"product_cat","embeddable":true,"href":"https:\/\/totalblue.ro\/fr\/wp-json\/wp\/v2\/product_cat?post=30605"},{"taxonomy":"giftcard-category","embeddable":true,"href":"https:\/\/totalblue.ro\/fr\/wp-json\/wp\/v2\/giftcard-category?post=30605"}],"curies":[{"name":"wp","href":"https:\/\/api.w.org\/{rel}","templated":true}]}}