{"id":30609,"date":"2021-06-07T16:48:31","date_gmt":"2021-06-07T13:48:31","guid":{"rendered":"https:\/\/totalblue.ro\/?post_type=product&#038;p=30609"},"modified":"2024-01-26T15:26:20","modified_gmt":"2024-01-26T13:26:20","slug":"conimex-ketjap-asin-250-ml","status":"publish","type":"product","link":"https:\/\/totalblue.ro\/fr\/produs\/conimex-ketjap-asin-250-ml\/","title":{"rendered":"Conimex Ketjap Asin 250 ml"},"content":{"rendered":"<p>Conimex Ketjap Asin 250 ml<br \/>\nD\u00e9licieux avec le bahmi, le riz frit et le satay ou dans des sauces, des soupes ou des jus de viande.<br \/>\nLe Ketjap asin est une sauce de soja sal\u00e9e et convient donc parfaitement \u00e0 la cuisson \u00e0 haute temp\u00e9rature. Ketjap asin est indispensable dans de nombreux plats orientaux tels que le riz frit, les nouilles et le satay. Il conf\u00e8re \u00e9galement une saveur surprenante aux sauces, aux soupes et aux jus de viande. La sauce soja est fabriqu\u00e9e \u00e0 partir de soja et est v\u00e9g\u00e9tarienne. La sauce soja est souvent sucr\u00e9e. La sauce soja est donc une sauce sucr\u00e9e, \u00e9paisse, sirupeuse, sirupeuse et sucr\u00e9e, utilis\u00e9e dans la cuisine indon\u00e9sienne. La sauce est fabriqu\u00e9e \u00e0 partir de soja. Du sucre est ajout\u00e9 \u00e0 la sauce pour lui donner sa saveur sucr\u00e9e authentiquement indon\u00e9sienne.<br \/>\n<strong>Ingr\u00e9dient :<\/strong> eau, sauce soja 24% (eau, soja, sel, bl\u00e9, conservateur E202), sucre, m\u00e9lasse, sel, amidon de ma\u00efs modifi\u00e9, sirop de sucre br\u00fbl\u00e9, conservateur E202, ar\u00f4me<br \/>\n<strong>Allerg\u00e8nes :<\/strong> soja, bl\u00e9, c\u00e9r\u00e9ales contenant du gluten<br \/>\n<strong>Comment l'utiliser ?<\/strong> Agiter avant utilisation.<br \/>\n<strong>Conditions de stockage : <\/strong>Conserver dans un endroit frais et sombre. Peut \u00eatre conserv\u00e9 pendant 2 mois apr\u00e8s ouverture s'il est stock\u00e9 au r\u00e9frig\u00e9rateur.<br \/>\n<strong>Valeurs nutritionnelles :<\/strong><br \/>\n\u00c9nergie 726 kJ (171 kcal)<br \/>\nGraisses &lt;0,1 g dont satur\u00e9es &lt;0,1 g<br \/>\nGlucides 40 g dont sucres 36 g<br \/>\nFibres alimentaires &lt;0,1 g<br \/>\nProt\u00e9ines 3 g<br \/>\nSel 13,6 g<br \/>\nConditionnement : bouteille<br \/>\nFabriqu\u00e9 en Hollande Unilever Nederland, Conimex, Postbus 160, 3000 AD Rotterdam<br \/>\nImportateur et distributeur Total Blue Impex SRL<br \/>\n<a href=\"https:\/\/totalblue.ro\/wp-content\/uploads\/2021\/02\/vegetarian.jpeg\"><img loading=\"lazy\" decoding=\"async\" class=\"alignnone wp-image-27413\" src=\"https:\/\/totalblue.ro\/wp-content\/uploads\/2021\/02\/vegetarian.jpeg\" alt=\"\" width=\"118\" height=\"118\" srcset=\"https:\/\/totalblue.ro\/wp-content\/uploads\/2021\/02\/vegetarian.jpeg 225w, https:\/\/totalblue.ro\/wp-content\/uploads\/2021\/02\/vegetarian-100x100.jpeg 100w\" sizes=\"auto, (max-width: 118px) 100vw, 118px\" \/><\/a><\/p>\n<p>&nbsp;<\/p>\n<p>&nbsp;<\/p>","protected":false},"excerpt":{"rendered":"<p>Conimex Ketjap Asin 250 ml<\/p>","protected":false},"featured_media":30610,"comment_status":"open","ping_status":"closed","template":"","meta":{"_acf_changed":false,"_seopress_robots_primary_cat":"none","_seopress_titles_title":"","_seopress_titles_desc":"","_seopress_robots_index":""},"product_brand":[1949],"product_cat":[1555,3280,17494,1767],"giftcard-category":[],"class_list":{"0":"post-30609","1":"product","2":"type-product","3":"status-publish","4":"has-post-thumbnail","6":"product_brand-conimex","7":"product_cat-bacanie","8":"product_cat-condimente-sosuri","9":"product_cat-influente-asiatice","10":"product_cat-produse-olanda","12":"first","13":"outofstock","14":"taxable","15":"shipping-taxable","16":"purchasable","17":"product-type-simple"},"acf":[],"_links":{"self":[{"href":"https:\/\/totalblue.ro\/fr\/wp-json\/wp\/v2\/product\/30609","targetHints":{"allow":["GET"]}}],"collection":[{"href":"https:\/\/totalblue.ro\/fr\/wp-json\/wp\/v2\/product"}],"about":[{"href":"https:\/\/totalblue.ro\/fr\/wp-json\/wp\/v2\/types\/product"}],"replies":[{"embeddable":true,"href":"https:\/\/totalblue.ro\/fr\/wp-json\/wp\/v2\/comments?post=30609"}],"wp:featuredmedia":[{"embeddable":true,"href":"https:\/\/totalblue.ro\/fr\/wp-json\/wp\/v2\/media\/30610"}],"wp:attachment":[{"href":"https:\/\/totalblue.ro\/fr\/wp-json\/wp\/v2\/media?parent=30609"}],"wp:term":[{"taxonomy":"product_brand","embeddable":true,"href":"https:\/\/totalblue.ro\/fr\/wp-json\/wp\/v2\/product_brand?post=30609"},{"taxonomy":"product_cat","embeddable":true,"href":"https:\/\/totalblue.ro\/fr\/wp-json\/wp\/v2\/product_cat?post=30609"},{"taxonomy":"giftcard-category","embeddable":true,"href":"https:\/\/totalblue.ro\/fr\/wp-json\/wp\/v2\/giftcard-category?post=30609"}],"curies":[{"name":"wp","href":"https:\/\/api.w.org\/{rel}","templated":true}]}}