{"id":30992,"date":"2021-06-17T15:09:35","date_gmt":"2021-06-17T12:09:35","guid":{"rendered":"https:\/\/totalblue.ro\/?post_type=product&#038;p=30992"},"modified":"2025-08-06T15:56:36","modified_gmt":"2025-08-06T12:56:36","slug":"maggi-jus-tuinkruiden-juspoeder-18-g","status":"publish","type":"product","link":"https:\/\/totalblue.ro\/fr\/produs\/maggi-jus-tuinkruiden-juspoeder-18-g\/","title":{"rendered":"Base d'\u00e9pices Maggi pour sauce verte 18 g"},"content":{"rendered":"<p>Maggi Jus tuinkruiden juspoeder 18 g<br \/>\nAmestec de condimente pentru un sos delicios cu gust puternic de ierburi de gradina.<br \/>\nIdeal pentru 275 ml sos. Gata in 2 minute !<br \/>\n<strong>Pr\u00e9paration :<\/strong><br \/>\n1) Topiti 25g unt \u0219i lasati-l sa devina maro deschis sau lua\u021bi un rest de lichid de gatit si incalziti-l.<br \/>\n2) Adaugati 250 ml de apa \u0219i con\u021binutul plicului.<br \/>\n3) Aduce\u021bi-l la punctul de fierbere amestecand cu un tel \u0219i sosul dvs. este gata.<br \/>\nPentru variatie puteti adauga 2 lingurite de mustar.<br \/>\n<strong>Ingr\u00e9dient<\/strong>: amidon de cartofi, sare, extract de drojdie, zahar caramelizat, ulei de palmier, legume (rosie, ardei ro\u0219u, ceapa, spanac), arome (con\u021bine grau), poten\u021biator de arom\u0103 (E621), lactoza, ierburi 1,5% (patrunjel, telina, tarhon), proteine \u200b\u200bvegetale hidrolizate (con\u021bine grau), extract de cimbru, extract de oregano. Poate con\u021bine oua, mustar, soia.<br \/>\n<strong>Allerg\u00e8nes :<\/strong> contine telina, lactoza, grau, cereale care con\u021bin gluten<br \/>\nPoate contine: ou\u0103, mustar, soia<br \/>\n<strong>La nutrition :<br \/>\n<\/strong>Energie 1407 kJ (333 kcal)<br \/>\nGrasimi 6,9 g din care saturate 4,1 g<br \/>\nGlucide 53,3 g din care zaharuri 5,7 g<br \/>\nFibre alimentare 1,6 g<br \/>\nProteine \u200b\u200b13,5 g<br \/>\nSare 18,7 g<strong><br \/>\n<\/strong>Nestl\u00e9 Nederland, Postbus 134, 1180 AC Amstelveen, Nederland<br \/>\nImportateur et distributeur Total Blue Impex SRL<\/p>\n<p>Retetele produselor se pot schimba. Informa\u021biile furnizate aici se refera la gama germana valabila \u00een prezent \u0219i sunt actualizate periodic. In cazul modificarilor retetei, produsele cu reteta veche \u0219i cea noua pot fi gasite \u00een magazine. Prin urmare, cumparatorul trebuie sa citeasca cu aten\u021bie toate informa\u021biile de pe ambalaj. Acest lucru se aplic\u0103 \u00een special listei de ingrediente pentru a lua \u00een considerare intoleran\u021bele.<strong><br \/>\n<\/strong><\/p>","protected":false},"excerpt":{"rendered":"<p>Maggi Jus tuinkruiden juspoeder 18 g<\/p>","protected":false},"featured_media":30993,"comment_status":"open","ping_status":"closed","template":"","meta":{"_acf_changed":false,"_seopress_robots_primary_cat":"none","_seopress_titles_title":"","_seopress_titles_desc":"","_seopress_robots_index":""},"product_brand":[1869],"product_cat":[1555,3280,1767],"giftcard-category":[],"class_list":{"0":"post-30992","1":"product","2":"type-product","3":"status-publish","4":"has-post-thumbnail","6":"product_brand-maggi","7":"product_cat-bacanie","8":"product_cat-condimente-sosuri","9":"product_cat-produse-olanda","11":"first","12":"outofstock","13":"taxable","14":"shipping-taxable","15":"purchasable","16":"product-type-simple"},"acf":[],"_links":{"self":[{"href":"https:\/\/totalblue.ro\/fr\/wp-json\/wp\/v2\/product\/30992","targetHints":{"allow":["GET"]}}],"collection":[{"href":"https:\/\/totalblue.ro\/fr\/wp-json\/wp\/v2\/product"}],"about":[{"href":"https:\/\/totalblue.ro\/fr\/wp-json\/wp\/v2\/types\/product"}],"replies":[{"embeddable":true,"href":"https:\/\/totalblue.ro\/fr\/wp-json\/wp\/v2\/comments?post=30992"}],"wp:featuredmedia":[{"embeddable":true,"href":"https:\/\/totalblue.ro\/fr\/wp-json\/wp\/v2\/media\/30993"}],"wp:attachment":[{"href":"https:\/\/totalblue.ro\/fr\/wp-json\/wp\/v2\/media?parent=30992"}],"wp:term":[{"taxonomy":"product_brand","embeddable":true,"href":"https:\/\/totalblue.ro\/fr\/wp-json\/wp\/v2\/product_brand?post=30992"},{"taxonomy":"product_cat","embeddable":true,"href":"https:\/\/totalblue.ro\/fr\/wp-json\/wp\/v2\/product_cat?post=30992"},{"taxonomy":"giftcard-category","embeddable":true,"href":"https:\/\/totalblue.ro\/fr\/wp-json\/wp\/v2\/giftcard-category?post=30992"}],"curies":[{"name":"wp","href":"https:\/\/api.w.org\/{rel}","templated":true}]}}