{"id":30995,"date":"2021-06-17T15:36:35","date_gmt":"2021-06-17T12:36:35","guid":{"rendered":"https:\/\/totalblue.ro\/?post_type=product&#038;p=30995"},"modified":"2025-10-07T14:49:51","modified_gmt":"2025-10-07T11:49:51","slug":"nouilles-wok-conimex-248g","status":"publish","type":"product","link":"https:\/\/totalblue.ro\/fr\/produs\/conimex-wok-noodles-248g\/","title":{"rendered":"Conimex Nouilles Wok 248g"},"content":{"rendered":"<p>Conimex Nouilles Wok 248g<br \/>\nNouilles au wok Conimex<br \/>\nRecommand\u00e9 pour 4 portions<br \/>\nTaille des portions : 1 portion = 62 g cru = 134 g cuit sans sel<br \/>\nFacile \u00e0 utiliser !<br \/>\nRapide \u00e0 pr\u00e9parer !<br \/>\nProduit v\u00e9g\u00e9tarien.<br \/>\n<strong>Ingr\u00e9dient :<\/strong>farine de bl\u00e9, huile de palme, amidon de tapioca modifi\u00e9, sel<br \/>\nPeut contenir du soja.<br \/>\n<strong>Allerg\u00e8nes<\/strong>Contient du bl\u00e9, des c\u00e9r\u00e9ales contenant du gluten. Peut contenir du soja.<br \/>\n<strong>Pr\u00e9paration :<\/strong> Porter une grande casserole d'eau \u00e0 \u00e9bullition, ajouter les nouilles wok, cuire pendant 2 minutes, \u00e9goutter et rincer \u00e0 l'eau froide. Elles sont pr\u00eates \u00e0 \u00eatre utilis\u00e9es dans votre recette pr\u00e9f\u00e9r\u00e9e.<br \/>\n<strong>Conditions de stockage :<\/strong> Conserver dans un endroit sec et sombre.<br \/>\n<strong>Valeurs nutritionnelles \/ 100g :<\/strong><br \/>\n\u00c9nergie 684 kJ (163 kcal)<br \/>\nMati\u00e8res grasses 4,8 g dont 2,4 g de graisses satur\u00e9es<br \/>\nGlucides 26 g dont sucres &lt; 0,5 g<br \/>\nFibres alimentaires 0,6 g<br \/>\nProt\u00e9ines 4 g<br \/>\nSel 0,34 g<\/p>\n<p>Fabriqu\u00e9 aux Pays-Bas par Unilever Nederland Unox, Postbus 160 3000 AD AD Rotterdam<br \/>\nImportateur et distributeur Total Blue Impex SRL<br \/>\n<a href=\"https:\/\/totalblue.ro\/wp-content\/uploads\/2021\/02\/vegetarian.jpeg\"><img loading=\"lazy\" decoding=\"async\" class=\"alignnone wp-image-27413\" src=\"https:\/\/totalblue.ro\/wp-content\/uploads\/2021\/02\/vegetarian.jpeg\" alt=\"\" width=\"120\" height=\"120\" srcset=\"https:\/\/totalblue.ro\/wp-content\/uploads\/2021\/02\/vegetarian.jpeg 225w, https:\/\/totalblue.ro\/wp-content\/uploads\/2021\/02\/vegetarian-100x100.jpeg 100w\" sizes=\"auto, (max-width: 120px) 100vw, 120px\" \/><\/a><\/p>","protected":false},"excerpt":{"rendered":"<p>Conimex Nouilles Wok 248g<br \/>\nNouilles au wok Conimex<\/p>","protected":false},"featured_media":30996,"comment_status":"open","ping_status":"closed","template":"","meta":{"_acf_changed":false,"_seopress_robots_primary_cat":"none","_seopress_titles_title":"","_seopress_titles_desc":"","_seopress_robots_index":""},"product_brand":[1949],"product_cat":[1555,17494,1463,3328,1767],"giftcard-category":[],"class_list":{"0":"post-30995","1":"product","2":"type-product","3":"status-publish","4":"has-post-thumbnail","6":"product_brand-conimex","7":"product_cat-bacanie","8":"product_cat-influente-asiatice","9":"product_cat-orez","10":"product_cat-paste-orez-ulei-otet","11":"product_cat-produse-olanda","13":"first","14":"outofstock","15":"taxable","16":"shipping-taxable","17":"purchasable","18":"product-type-simple"},"acf":[],"_links":{"self":[{"href":"https:\/\/totalblue.ro\/fr\/wp-json\/wp\/v2\/product\/30995","targetHints":{"allow":["GET"]}}],"collection":[{"href":"https:\/\/totalblue.ro\/fr\/wp-json\/wp\/v2\/product"}],"about":[{"href":"https:\/\/totalblue.ro\/fr\/wp-json\/wp\/v2\/types\/product"}],"replies":[{"embeddable":true,"href":"https:\/\/totalblue.ro\/fr\/wp-json\/wp\/v2\/comments?post=30995"}],"wp:featuredmedia":[{"embeddable":true,"href":"https:\/\/totalblue.ro\/fr\/wp-json\/wp\/v2\/media\/30996"}],"wp:attachment":[{"href":"https:\/\/totalblue.ro\/fr\/wp-json\/wp\/v2\/media?parent=30995"}],"wp:term":[{"taxonomy":"product_brand","embeddable":true,"href":"https:\/\/totalblue.ro\/fr\/wp-json\/wp\/v2\/product_brand?post=30995"},{"taxonomy":"product_cat","embeddable":true,"href":"https:\/\/totalblue.ro\/fr\/wp-json\/wp\/v2\/product_cat?post=30995"},{"taxonomy":"giftcard-category","embeddable":true,"href":"https:\/\/totalblue.ro\/fr\/wp-json\/wp\/v2\/giftcard-category?post=30995"}],"curies":[{"name":"wp","href":"https:\/\/api.w.org\/{rel}","templated":true}]}}