{"id":31225,"date":"2021-06-24T13:18:01","date_gmt":"2021-06-24T10:18:01","guid":{"rendered":"https:\/\/totalblue.ro\/?post_type=product&#038;p=31225"},"modified":"2026-03-30T10:45:18","modified_gmt":"2026-03-30T07:45:18","slug":"oester-saus-175-ml-sum-sam","status":"publish","type":"product","link":"https:\/\/totalblue.ro\/fr\/produs\/oester-saus-175-ml-sum-sam\/","title":{"rendered":"Sauce d'hu\u00eetre Sum &amp; Sam 175 ml"},"content":{"rendered":"<p>Oester Saus 175 ml Sum &amp; Sam<br \/>\nLa sauce d'hu\u00eetre sucr\u00e9e-sal\u00e9e a une saveur sp\u00e9cifique, l\u00e9g\u00e8rement sal\u00e9e. Elle est d\u00e9licieuse avec des l\u00e9gumes r\u00f4tis, de la viande ou du poisson, mais peut \u00e9galement \u00eatre utilis\u00e9e comme marinade ou condiment.<br \/>\n<strong>Ingr\u00e9dient :<\/strong> eau, sucre, sauce soja (eau, soja, bl\u00e9, sel), sel, amidon de ma\u00efs modifi\u00e9, poudre 0,2% (amidon de ma\u00efs modifi\u00e9, sel, crevettes), 0,1% extrait de palourde, 1,46% extrait de moule, extrait de levure, acide : acide citrique, conservateur : E202 \/ E211.<br \/>\n<strong>Allerg\u00e8nes :<\/strong> soja, bl\u00e9, crevettes, extrait d'hu\u00eetre, extrait de moule. Contient : crustac\u00e9s, c\u00e9r\u00e9ales contenant du gluten, soja, ma\u00efs, mollusques, bl\u00e9.<br \/>\nConditionnement : bouteille<br \/>\nConserver au r\u00e9frig\u00e9rateur apr\u00e8s ouverture (max. 7\u00b0C.) Agiter avant utilisation. Peut \u00eatre conserv\u00e9 pendant environ 2 mois apr\u00e8s ouverture s'il est stock\u00e9 au r\u00e9frig\u00e9rateur (max. 7\u00b0C).<br \/>\nValeurs nutritionnelles \/ 100 g :<br \/>\n\u00c9nergie 814 kJ (191 kcal)<br \/>\nGraisses 0,1 g dont graisses satur\u00e9es 0,1 g<br \/>\nGlucides 44 g dont sucres 37,8 g<br \/>\nProt\u00e9ines 3,4 g<br \/>\nSel 12.17 g<\/p>\n<div id=\"tab-description\" class=\"woocommerce-Tabs-panel woocommerce-Tabs-panel--description panel entry-content active\" role=\"tabpanel\" aria-labelledby=\"tab-title-description\">\n<p>Oestersaus, Antwoordnummer 3500, 4140 VH Beesd, Sum &amp; Sam , Nederland<br \/>\nImportateur et distributeur Total Blue Impex SRL<\/p>\n<\/div>","protected":false},"excerpt":{"rendered":"<p>Oester Saus 175 ml Sum &amp; Sam<\/p>","protected":false},"featured_media":31226,"comment_status":"open","ping_status":"closed","template":"","meta":{"_acf_changed":false,"_seopress_robots_primary_cat":"1767","_seopress_titles_title":"","_seopress_titles_desc":"","_seopress_robots_index":""},"product_brand":[2067],"product_cat":[1555,21674,3280,17494,1767],"giftcard-category":[],"class_list":{"0":"post-31225","1":"product","2":"type-product","3":"status-publish","4":"has-post-thumbnail","6":"product_brand-sum-sam","7":"product_cat-bacanie","8":"product_cat-condimente-sosuri-influente-asiatice","9":"product_cat-condimente-sosuri","10":"product_cat-influente-asiatice","11":"product_cat-produse-olanda","13":"first","14":"instock","15":"taxable","16":"shipping-taxable","17":"purchasable","18":"product-type-simple"},"acf":[],"_links":{"self":[{"href":"https:\/\/totalblue.ro\/fr\/wp-json\/wp\/v2\/product\/31225","targetHints":{"allow":["GET"]}}],"collection":[{"href":"https:\/\/totalblue.ro\/fr\/wp-json\/wp\/v2\/product"}],"about":[{"href":"https:\/\/totalblue.ro\/fr\/wp-json\/wp\/v2\/types\/product"}],"replies":[{"embeddable":true,"href":"https:\/\/totalblue.ro\/fr\/wp-json\/wp\/v2\/comments?post=31225"}],"wp:featuredmedia":[{"embeddable":true,"href":"https:\/\/totalblue.ro\/fr\/wp-json\/wp\/v2\/media\/31226"}],"wp:attachment":[{"href":"https:\/\/totalblue.ro\/fr\/wp-json\/wp\/v2\/media?parent=31225"}],"wp:term":[{"taxonomy":"product_brand","embeddable":true,"href":"https:\/\/totalblue.ro\/fr\/wp-json\/wp\/v2\/product_brand?post=31225"},{"taxonomy":"product_cat","embeddable":true,"href":"https:\/\/totalblue.ro\/fr\/wp-json\/wp\/v2\/product_cat?post=31225"},{"taxonomy":"giftcard-category","embeddable":true,"href":"https:\/\/totalblue.ro\/fr\/wp-json\/wp\/v2\/giftcard-category?post=31225"}],"curies":[{"name":"wp","href":"https:\/\/api.w.org\/{rel}","templated":true}]}}