{"id":31241,"date":"2021-06-24T14:13:39","date_gmt":"2021-06-24T11:13:39","guid":{"rendered":"https:\/\/totalblue.ro\/?post_type=product&#038;p=31241"},"modified":"2025-04-01T13:17:16","modified_gmt":"2025-04-01T10:17:16","slug":"peijnenburg-turta-dulce-cu-stafide-si-scortisoara-netaiata-465g","status":"publish","type":"product","link":"https:\/\/totalblue.ro\/fr\/produs\/peijnenburg-turta-dulce-cu-stafide-si-scortisoara-netaiata-465g\/","title":{"rendered":"Peijnenburg G\u00e2teau sucr\u00e9 aux raisins secs et \u00e0 la cannelle (non coup\u00e9) 465g"},"content":{"rendered":"<p>Peijnenburg Ontbijtkoek rozijnen ongesneden 465 g<br \/>\nPeijnenburg G\u00e2teau sucr\u00e9 aux raisins secs et \u00e0 la cannelle (non coup\u00e9) 465g<br \/>\nRecomandata pentru 13 portii. Gramaj per portie 35,6g.<br \/>\n<strong>Ingr\u00e9dient :<\/strong> sirop de glucoza-fructoza, faina RYE, stafide 17%, boabe de scor\u021bi\u0219oar\u0103 (zahar, scortisoara), condimente, ulei de floarea-soarelui, aromatizant natural, agenti de cre\u0219tere (hidrogen carbonat de sodiu, difosfat disodic), zahar. Poate contine urme de: nuci.<br \/>\n<strong>Allerg\u00e8nes :<\/strong> contine secara, cereale care con\u021bin gluten<br \/>\nPoate contine: nuci<br \/>\n<strong>Valeurs nutritionnelles :<\/strong><br \/>\nEnergie 1318 kJ (311 kcal)<br \/>\nGrasimi 2,1 g din care grasimi saturate 0,5 g<br \/>\nGlucide 68 g din care zaharuri 43 g<br \/>\nFibre alimentare 3,4 g<br \/>\nProteine \u200b\u200b3.1 g<br \/>\nSel 0,62 g<\/p>","protected":false},"excerpt":{"rendered":"<p>Peijnenburg Ontbijtkoek rozijnen ongesneden 465 g<br \/>\nPeijnenburg G\u00e2teau sucr\u00e9 aux raisins secs et \u00e0 la cannelle (non coup\u00e9) 465g<\/p>","protected":false},"featured_media":100531,"comment_status":"open","ping_status":"closed","template":"","meta":{"_acf_changed":false,"_seopress_robots_primary_cat":"1767","_seopress_titles_title":"Peijnenburg Turta Dulce cu Stafide si Scortisoara","_seopress_titles_desc":"Profita acum si cimpara Peijnenburg Turta Dulce cu Stafide si Scortisoara (netaiata), specialitati olandeze. Magazin cu produse OLANDA, turta dulce","_seopress_robots_index":""},"product_brand":[2040],"product_cat":[1555,3296,7021,3338,3304,1767],"giftcard-category":[],"class_list":{"0":"post-31241","1":"product","2":"type-product","3":"status-publish","4":"has-post-thumbnail","6":"product_brand-peijnenburg","7":"product_cat-bacanie","8":"product_cat-brutarie-patiserie","9":"product_cat-dulciuri-snacks","10":"product_cat-dulciuri-snacksuri","11":"product_cat-mic-dejun-produse-olanda","12":"product_cat-produse-olanda","14":"first","15":"outofstock","16":"taxable","17":"shipping-taxable","18":"purchasable","19":"product-type-simple"},"acf":[],"_links":{"self":[{"href":"https:\/\/totalblue.ro\/fr\/wp-json\/wp\/v2\/product\/31241","targetHints":{"allow":["GET"]}}],"collection":[{"href":"https:\/\/totalblue.ro\/fr\/wp-json\/wp\/v2\/product"}],"about":[{"href":"https:\/\/totalblue.ro\/fr\/wp-json\/wp\/v2\/types\/product"}],"replies":[{"embeddable":true,"href":"https:\/\/totalblue.ro\/fr\/wp-json\/wp\/v2\/comments?post=31241"}],"wp:featuredmedia":[{"embeddable":true,"href":"https:\/\/totalblue.ro\/fr\/wp-json\/wp\/v2\/media\/100531"}],"wp:attachment":[{"href":"https:\/\/totalblue.ro\/fr\/wp-json\/wp\/v2\/media?parent=31241"}],"wp:term":[{"taxonomy":"product_brand","embeddable":true,"href":"https:\/\/totalblue.ro\/fr\/wp-json\/wp\/v2\/product_brand?post=31241"},{"taxonomy":"product_cat","embeddable":true,"href":"https:\/\/totalblue.ro\/fr\/wp-json\/wp\/v2\/product_cat?post=31241"},{"taxonomy":"giftcard-category","embeddable":true,"href":"https:\/\/totalblue.ro\/fr\/wp-json\/wp\/v2\/giftcard-category?post=31241"}],"curies":[{"name":"wp","href":"https:\/\/api.w.org\/{rel}","templated":true}]}}