{"id":31244,"date":"2021-06-24T14:34:40","date_gmt":"2021-06-24T11:34:40","guid":{"rendered":"https:\/\/totalblue.ro\/?post_type=product&#038;p=31244"},"modified":"2026-03-24T20:31:17","modified_gmt":"2026-03-24T18:31:17","slug":"unox-vlees-vlaamse-hachee-420-g","status":"publish","type":"product","link":"https:\/\/totalblue.ro\/fr\/produs\/unox-vlees-vlaamse-hachee-420-g\/","title":{"rendered":"Unox Vlees Vlaamse hachee 420 g"},"content":{"rendered":"<p>Unox Vlees Vlaamse hachee 420 g<br \/>\nRecommand\u00e9 pour 3 portions.<br \/>\n1 portion d'environ 140 g.<br \/>\nUnox Vlees Vlaamse hachee peut \u00eatre servi avec du riz, des pommes de terre ou du pain.<br \/>\n<strong>Ingr\u00e9dient :<\/strong> eau, b\u0153uf 27%, oignon 25%, farine de bl\u00e9, tomates, vinaigre, huile v\u00e9g\u00e9tale (rapita, noix de coco), amidon de ma\u00efs modifi\u00e9, sel, sucre, exhausteur de go\u00fbt E621, ar\u00f4me naturel, \u00e9pices, farine de riz, clous de girofle, dextrose.<br \/>\n<strong>Allerg\u00e8nes :<\/strong> bl\u00e9, c\u00e9r\u00e9ales contenant du gluten.<br \/>\nEmballage : bo\u00eete m\u00e9tallique avec serrure<br \/>\n<strong>Valeurs nutritionnelles :<\/strong><br \/>\n\u00c9nergie 389 kJ (92 kcal)<br \/>\nMati\u00e8res grasses 2,7 g dont 0,8 g satur\u00e9es<br \/>\nGlucides 11 g dont sucres 4,8 g<br \/>\nProt\u00e9ines 6,2 g<br \/>\nSel 1,1 g<br \/>\n<strong>Comment se pr\u00e9parer :<\/strong><br \/>\nPo\u00eale : Mettre le contenu dans une po\u00eale. Chauffer en remuant, sans laisser bouillir.<br \/>\nAu micro-ondes : Chauffer dans un plat couvert pendant 4 \u00e0 5 minutes \u00e0 600 watts ou 4 minutes \u00e0 750 watts.<br \/>\nApr\u00e8s ouverture, le contenu peut \u00eatre conserv\u00e9 au r\u00e9frig\u00e9rateur pendant 1 jour.<\/p>\n<p>Unilever Nederland, Unox, Postbus 160 3000 AD Rotterdam, Nederland<br \/>\nImportateur et distributeur Total Blue Impex SRL<\/p>","protected":false},"excerpt":{"rendered":"<p>Unox Vlees Vlaamse hachee 420 g Recomandat pentru 3 portii. 1 Portie aproximativ 140 g. Unox Vlees Vlaamse hachee se poate servi cu orez, cartofi sau paine. Ingrediente: apa, carne de vita 27%, ceapa 25%, faina de grau, rosii, otet, ulei vegetal (rapita, nuca de cocos), amidon de porumb modificat, sare, zahar, intensificator de arom\u0103 [&#8230;]\n","protected":false},"featured_media":31246,"comment_status":"open","ping_status":"closed","template":"","meta":{"_acf_changed":false,"_seopress_robots_primary_cat":"none","_seopress_titles_title":"","_seopress_titles_desc":"","_seopress_robots_index":""},"product_brand":[1925],"product_cat":[1555,1683,3272,1767],"giftcard-category":[],"class_list":{"0":"post-31244","1":"product","2":"type-product","3":"status-publish","4":"has-post-thumbnail","6":"product_brand-unox","7":"product_cat-bacanie","8":"product_cat-conserve-mancare-gatita","9":"product_cat-conserve","10":"product_cat-produse-olanda","12":"first","13":"instock","14":"taxable","15":"shipping-taxable","16":"purchasable","17":"product-type-simple"},"acf":[],"_links":{"self":[{"href":"https:\/\/totalblue.ro\/fr\/wp-json\/wp\/v2\/product\/31244","targetHints":{"allow":["GET"]}}],"collection":[{"href":"https:\/\/totalblue.ro\/fr\/wp-json\/wp\/v2\/product"}],"about":[{"href":"https:\/\/totalblue.ro\/fr\/wp-json\/wp\/v2\/types\/product"}],"replies":[{"embeddable":true,"href":"https:\/\/totalblue.ro\/fr\/wp-json\/wp\/v2\/comments?post=31244"}],"wp:featuredmedia":[{"embeddable":true,"href":"https:\/\/totalblue.ro\/fr\/wp-json\/wp\/v2\/media\/31246"}],"wp:attachment":[{"href":"https:\/\/totalblue.ro\/fr\/wp-json\/wp\/v2\/media?parent=31244"}],"wp:term":[{"taxonomy":"product_brand","embeddable":true,"href":"https:\/\/totalblue.ro\/fr\/wp-json\/wp\/v2\/product_brand?post=31244"},{"taxonomy":"product_cat","embeddable":true,"href":"https:\/\/totalblue.ro\/fr\/wp-json\/wp\/v2\/product_cat?post=31244"},{"taxonomy":"giftcard-category","embeddable":true,"href":"https:\/\/totalblue.ro\/fr\/wp-json\/wp\/v2\/giftcard-category?post=31244"}],"curies":[{"name":"wp","href":"https:\/\/api.w.org\/{rel}","templated":true}]}}