{"id":31460,"date":"2021-06-28T16:04:46","date_gmt":"2021-06-28T13:04:46","guid":{"rendered":"https:\/\/totalblue.ro\/?post_type=product&#038;p=31460"},"modified":"2026-02-09T13:54:31","modified_gmt":"2026-02-09T11:54:31","slug":"van-dobben-bitterballen-de-vita-16-bucati-400-g","status":"publish","type":"product","link":"https:\/\/totalblue.ro\/fr\/produs\/van-dobben-bitterballen-de-vita-16-bucati-400-g\/","title":{"rendered":"Van Dobben bitterballen de vita 16 pi\u00e8ces, 400 g"},"content":{"rendered":"<p>Van Dobben Rund bitterbal 400 g<br \/>\nVan Dobben bitterballen de vita 16 pi\u00e8ces, 400 g<br \/>\n1 pachet contine 16 bucati, 16 x 25 grame = 400 g<br \/>\n<strong>Pr\u00e9paration : <\/strong>Cum pregate\u0219ti crochetele Van Dobben perfect?<br \/>\nSe prajesc bitterballen in ulei vegetal de prajit la 175 \u00b0 C.<br \/>\nDecongelat: 3,5 min.<br \/>\nCongelat: 5 min.<br \/>\nVa sf\u0103tuim sa preparati maximum 10 bitterballen in acelasi timp.<br \/>\nReglati numarul de crochete la capacitatea \u0219i con\u021binutul friteuzei.<br \/>\nDe exemplu. max.10 bitterballen pe baza de o friteuza de 3 litri .<br \/>\nNu depasiti timpul \u0219i temperatura maxima de coacere recomandate.<br \/>\n<strong>Ingr\u00e9dient :<\/strong> apa, pesmet (faina de grau, sare, drojdie), 13% carne de vita g\u0103tit\u0103, 11% faina de patiserie (grau), agent de decapare (apa, sirop de glucoz\u0103, zahar tos alb (zahar, sirop de zahar invertit), faina de grau, dextroza , stabilizator (E466), sare, proteine de grau), uleiuri vegetale (palmier, floarea soarelui, rapita), unt concentrat (lapte), sare, ceapa, gelatina de vita, agenti de ingrosare (E464, E466), aroma naturala, extract de drojdie, proteine \u200b\u200bvegetale hidrolizat (soia, rapi\u021b\u0103 *, porumb), maltodextrin\u0103, izola\u021bie de proteine \u200b\u200bdin soia, fibre vegetale, condimente (inclusiv &lt;1% frunze de dafin), sos de soia (apa, soia, grau, sare), &lt;1% concentrat stoc de vita, zahar, fulgi de cartofi, ierburi, concentrat de suc de lamaie, concentrate vegetale (ceapa, morcov), acid alimentar (acid lactic), extract de curcuma. Poate con\u021bine urme de alune. * Acest ingredient poate provoca o reac\u021bie alergic\u0103 la persoanele cu alergie la mustar.<br \/>\n<strong>Allerg\u00e8nes :<\/strong> contine cereale care con\u021bin gluten, grau, lapte, soia<br \/>\nPoate contine arahide, mustar<br \/>\n<strong>Conditii depozitare:<\/strong> Temperatura de depozitare minim\u0103 -18 \u00b0 C. Nu dezghetati in ambalaj. Nu recongelati dupa decongelare. Poate fi depozitat timp de 48 de ore la frigider la maxim 7 \u00b0 C.<br \/>\nA se consuma inainte de \u2013 vezi data inscriptionata pe ambalaj.<br \/>\n<strong>Valeurs nutritionnelles :<\/strong><br \/>\nEnergie 761 kJ (182 kcal)<br \/>\nGrasime 9.1 g din care grasimi saturate 4.5 g<br \/>\nCarbohidrati 18 g din care zaharuri 1.1 g<br \/>\nFibre 0.8 g<br \/>\nProteine \u200b\u200b6.6 g<br \/>\nSel 1,3 g<\/p>\n<p>Fabricat de Ad van Geloven B.V., Postbus 5047, 5004 EA Tilburg (NL), Olanda<br \/>\nImportateur et distributeur Total Blue Impex SRL<\/p>","protected":false},"excerpt":{"rendered":"<p><span data-text-color=\"alert\"><strong>ATTENTION ! PRODUIT CONGEL\u00c9 ! ATTENTION ! PRODUIT CONGEL\u00c9 !<\/strong><\/span><\/p>","protected":false},"featured_media":31463,"comment_status":"open","ping_status":"closed","template":"","meta":{"_acf_changed":false,"_seopress_robots_primary_cat":"1767","_seopress_titles_title":"","_seopress_titles_desc":"","_seopress_robots_index":""},"product_brand":[2052],"product_cat":[1555,3256,2050,1767,1954],"giftcard-category":[],"class_list":{"0":"post-31460","1":"product","2":"type-product","3":"status-publish","4":"has-post-thumbnail","6":"product_brand-van-dobben","7":"product_cat-bacanie","8":"product_cat-produse-congelate-produse-olanda","9":"product_cat-produse-congelate","10":"product_cat-produse-olanda","11":"product_cat-semipreparate","12":"product_shipping_class-frozen-products","14":"first","15":"outofstock","16":"taxable","17":"shipping-taxable","18":"purchasable","19":"product-type-simple"},"acf":[],"_links":{"self":[{"href":"https:\/\/totalblue.ro\/fr\/wp-json\/wp\/v2\/product\/31460","targetHints":{"allow":["GET"]}}],"collection":[{"href":"https:\/\/totalblue.ro\/fr\/wp-json\/wp\/v2\/product"}],"about":[{"href":"https:\/\/totalblue.ro\/fr\/wp-json\/wp\/v2\/types\/product"}],"replies":[{"embeddable":true,"href":"https:\/\/totalblue.ro\/fr\/wp-json\/wp\/v2\/comments?post=31460"}],"wp:featuredmedia":[{"embeddable":true,"href":"https:\/\/totalblue.ro\/fr\/wp-json\/wp\/v2\/media\/31463"}],"wp:attachment":[{"href":"https:\/\/totalblue.ro\/fr\/wp-json\/wp\/v2\/media?parent=31460"}],"wp:term":[{"taxonomy":"product_brand","embeddable":true,"href":"https:\/\/totalblue.ro\/fr\/wp-json\/wp\/v2\/product_brand?post=31460"},{"taxonomy":"product_cat","embeddable":true,"href":"https:\/\/totalblue.ro\/fr\/wp-json\/wp\/v2\/product_cat?post=31460"},{"taxonomy":"giftcard-category","embeddable":true,"href":"https:\/\/totalblue.ro\/fr\/wp-json\/wp\/v2\/giftcard-category?post=31460"}],"curies":[{"name":"wp","href":"https:\/\/api.w.org\/{rel}","templated":true}]}}