{"id":31496,"date":"2021-06-29T14:48:39","date_gmt":"2021-06-29T11:48:39","guid":{"rendered":"https:\/\/totalblue.ro\/?post_type=product&#038;p=31496"},"modified":"2025-08-05T12:08:49","modified_gmt":"2025-08-05T09:08:49","slug":"bake-rolls-with-salt-pain-croustillant-80-g","status":"publish","type":"product","link":"https:\/\/totalblue.ro\/fr\/produs\/bake-rolls-cu-sare-rondele-paine-crocanta-80-g\/","title":{"rendered":"Bake Rolls with Salt - Petits pains croustillants 80 g"},"content":{"rendered":"<p>Pain croustillant au sel 80g<br \/>\n<strong>Ingr\u00e9dient : <\/strong>farine de bl\u00e9, huile de palme, sel iod\u00e9 2,7%, sucre, levure, farine de soja.<br \/>\n<strong>Allerg\u00e8nes :<\/strong> Contient du gluten et du soja. Fabriqu\u00e9 dans un \u00e9tablissement utilisant comme mati\u00e8res premi\u00e8res : produits laitiers, \u0153ufs, arachides, s\u00e9same, c\u00e9leri.<br \/>\nConserver dans un endroit frais et sec.<br \/>\n<strong>La nutrition<br \/>\n<\/strong>Mati\u00e8res grasses 15 g\/100 g<br \/>\nValeur \u00e9nerg\u00e9tique 451 kcal\/100 g<br \/>\nGlucides 64 g\/100 g<br \/>\nSodium 2,7 g\/100 g<br \/>\nProt\u00e9ines 14 g\/100 g<br \/>\nGraisses satur\u00e9es 6 g\/100 g<strong><br \/>\n<\/strong>Fabricant : Chipita Romania SRL, Drumul Mare nr. 8 , Clinceni, Ilfov<strong><br \/>\n<\/strong><\/p>","protected":false},"excerpt":{"rendered":"<p>Pain croustillant au sel 80g<\/p>","protected":false},"featured_media":31498,"comment_status":"open","ping_status":"closed","template":"","meta":{"_acf_changed":false,"_seopress_robots_primary_cat":"none","_seopress_titles_title":"","_seopress_titles_desc":"","_seopress_robots_index":""},"product_brand":[2071],"product_cat":[1555],"giftcard-category":[],"class_list":{"0":"post-31496","1":"product","2":"type-product","3":"status-publish","4":"has-post-thumbnail","6":"product_brand-bake-rolls","7":"product_cat-bacanie","9":"first","10":"instock","11":"taxable","12":"shipping-taxable","13":"purchasable","14":"product-type-simple"},"acf":[],"_links":{"self":[{"href":"https:\/\/totalblue.ro\/fr\/wp-json\/wp\/v2\/product\/31496","targetHints":{"allow":["GET"]}}],"collection":[{"href":"https:\/\/totalblue.ro\/fr\/wp-json\/wp\/v2\/product"}],"about":[{"href":"https:\/\/totalblue.ro\/fr\/wp-json\/wp\/v2\/types\/product"}],"replies":[{"embeddable":true,"href":"https:\/\/totalblue.ro\/fr\/wp-json\/wp\/v2\/comments?post=31496"}],"wp:featuredmedia":[{"embeddable":true,"href":"https:\/\/totalblue.ro\/fr\/wp-json\/wp\/v2\/media\/31498"}],"wp:attachment":[{"href":"https:\/\/totalblue.ro\/fr\/wp-json\/wp\/v2\/media?parent=31496"}],"wp:term":[{"taxonomy":"product_brand","embeddable":true,"href":"https:\/\/totalblue.ro\/fr\/wp-json\/wp\/v2\/product_brand?post=31496"},{"taxonomy":"product_cat","embeddable":true,"href":"https:\/\/totalblue.ro\/fr\/wp-json\/wp\/v2\/product_cat?post=31496"},{"taxonomy":"giftcard-category","embeddable":true,"href":"https:\/\/totalblue.ro\/fr\/wp-json\/wp\/v2\/giftcard-category?post=31496"}],"curies":[{"name":"wp","href":"https:\/\/api.w.org\/{rel}","templated":true}]}}