{"id":31520,"date":"2021-06-29T16:28:31","date_gmt":"2021-06-29T13:28:31","guid":{"rendered":"https:\/\/totalblue.ro\/?post_type=product&#038;p=31520"},"modified":"2026-02-20T20:32:41","modified_gmt":"2026-02-20T18:32:41","slug":"mora-kaassouffles-6-stuks-360-g","status":"publish","type":"product","link":"https:\/\/totalblue.ro\/fr\/produs\/mora-kaassouffles-6-stuks-360-g\/","title":{"rendered":"Kaassouffl\u00e9s aux m\u00fbres 6 stuks 360 g"},"content":{"rendered":"<p>Kaassouffl\u00e9s aux m\u00fbres 6 stuks 360 g<br \/>\nMora Kaassouffl\u00e9s este umplut cu branza cremoasa \u0219i invelit intr-o crusta delicioasa.<br \/>\nRecomandat cu cartofi prajiti<br \/>\nAmbalaj: cutie de carton.<br \/>\nContine 6 bucati Kaassouffl\u00e9s, 1 bucata = 60 grame<br \/>\n<strong>Pr\u00e9paration :<br \/>\n<\/strong>Friteuza (175 \u00b0 C) 3 min.<br \/>\nCongelat: 3 minute.<br \/>\nDecongelat: 2 minute.<br \/>\nIntoarceti Kaassouffl\u00e9s odata la jumatatea timpului de coacere.<br \/>\nAtentie, umplutura poate fi fierbinte!<br \/>\nTimpii mentiona\u021bi sunt medii. De aceea, va sfatuim sa incercati timpul exact de pregatire.<br \/>\nNu dezgheta\u021bi produsul in ambalaj.<br \/>\n<strong>Conditions de stockage :<\/strong> A se pastra la congelator la -18 \u00b0 C. Poate fi pastrat la frigider timp de 48 de ore de la congelator. Nu inghetati dup\u0103 dezghet!!! A se consuma inainte de \u2013 vezi data inscriptionata pe ambalaj.<br \/>\n<strong>Ingr\u00e9dient :<\/strong> faina de grau, apa, branza Gouda 19% (lapte), uleiuri vegetale (palmier, rapita), amidon, sare, unt (lapte), acid: acid citric, sare de topire: E452, drojdie, praf de curcuma, stabilizator : E461, emulgator: E471, amidon modificat, colorant: curcumina, agen\u021bi de cre\u0219tere: E500, E451, E450, \u00eengrosator: E401. Numerele \u201eE\u201d sunt excipien\u021bi aproba\u021bi de UE.<br \/>\n<strong>Allerg\u00e8nes :<\/strong> contine grau, cereale care contin gluten, lapte<br \/>\n<strong>Valeurs nutritionnelles :<\/strong><br \/>\nEnergie 1259 kJ (301 kcal)<br \/>\nGrasime 15 g din care grasimi saturate 8,5 g<br \/>\nCarbohidrati 31 g din care zaharuri 0,9 g<br \/>\nProt\u00e9ines 8,2 g<br \/>\nSel 1,5 g<br \/>\nFabricat de Mora, Antwoordnummer 65013 5000 VH Tilburg, 0800-BELMORA\/0800-2356672<br \/>\nImportateur et distributeur Total Blue Impex SRL<br \/>\n<a href=\"https:\/\/totalblue.ro\/wp-content\/uploads\/2021\/02\/vegetarian.jpeg\"><img loading=\"lazy\" decoding=\"async\" class=\"alignnone wp-image-27413\" src=\"https:\/\/totalblue.ro\/wp-content\/uploads\/2021\/02\/vegetarian.jpeg\" alt=\"\" width=\"97\" height=\"97\" srcset=\"https:\/\/totalblue.ro\/wp-content\/uploads\/2021\/02\/vegetarian.jpeg 225w, https:\/\/totalblue.ro\/wp-content\/uploads\/2021\/02\/vegetarian-100x100.jpeg 100w\" sizes=\"auto, (max-width: 97px) 100vw, 97px\" \/><\/a><\/p>","protected":false},"excerpt":{"rendered":"<p><span data-text-color=\"alert\"><strong>ATTENTION ! PRODUIT CONGEL\u00c9 ! ATTENTION ! PRODUIT CONGEL\u00c9 !<\/strong><\/span><\/p>","protected":false},"featured_media":31521,"comment_status":"open","ping_status":"closed","template":"","meta":{"_acf_changed":false,"_seopress_robots_primary_cat":"none","_seopress_titles_title":"","_seopress_titles_desc":"","_seopress_robots_index":""},"product_brand":[2024],"product_cat":[1555,3256,2050,1767,1954],"giftcard-category":[],"class_list":{"0":"post-31520","1":"product","2":"type-product","3":"status-publish","4":"has-post-thumbnail","6":"product_brand-mora","7":"product_cat-bacanie","8":"product_cat-produse-congelate-produse-olanda","9":"product_cat-produse-congelate","10":"product_cat-produse-olanda","11":"product_cat-semipreparate","12":"product_shipping_class-frozen-products","14":"first","15":"outofstock","16":"taxable","17":"shipping-taxable","18":"purchasable","19":"product-type-simple"},"acf":[],"_links":{"self":[{"href":"https:\/\/totalblue.ro\/fr\/wp-json\/wp\/v2\/product\/31520","targetHints":{"allow":["GET"]}}],"collection":[{"href":"https:\/\/totalblue.ro\/fr\/wp-json\/wp\/v2\/product"}],"about":[{"href":"https:\/\/totalblue.ro\/fr\/wp-json\/wp\/v2\/types\/product"}],"replies":[{"embeddable":true,"href":"https:\/\/totalblue.ro\/fr\/wp-json\/wp\/v2\/comments?post=31520"}],"wp:featuredmedia":[{"embeddable":true,"href":"https:\/\/totalblue.ro\/fr\/wp-json\/wp\/v2\/media\/31521"}],"wp:attachment":[{"href":"https:\/\/totalblue.ro\/fr\/wp-json\/wp\/v2\/media?parent=31520"}],"wp:term":[{"taxonomy":"product_brand","embeddable":true,"href":"https:\/\/totalblue.ro\/fr\/wp-json\/wp\/v2\/product_brand?post=31520"},{"taxonomy":"product_cat","embeddable":true,"href":"https:\/\/totalblue.ro\/fr\/wp-json\/wp\/v2\/product_cat?post=31520"},{"taxonomy":"giftcard-category","embeddable":true,"href":"https:\/\/totalblue.ro\/fr\/wp-json\/wp\/v2\/giftcard-category?post=31520"}],"curies":[{"name":"wp","href":"https:\/\/api.w.org\/{rel}","templated":true}]}}