{"id":31913,"date":"2021-07-13T10:15:20","date_gmt":"2021-07-13T07:15:20","guid":{"rendered":"https:\/\/totalblue.ro\/?post_type=product&#038;p=31913"},"modified":"2025-08-01T11:45:53","modified_gmt":"2025-08-01T08:45:53","slug":"riz-special-panzani-pour-salades-et-garnitures-500g","status":"publish","type":"product","link":"https:\/\/totalblue.ro\/fr\/produs\/panzani-orez-special-pentru-salate-si-garmituri-500g\/","title":{"rendered":"Riz sp\u00e9cial Panzani pour salades et garnitures 500g"},"content":{"rendered":"<p>500g - Panzani Trigrano riz sp\u00e9cial pour salades (cal. I)<br \/>\nUn m\u00e9lange exotique de : riz \u00e9tuv\u00e9 (80%), riz rouge (10%) et riz sauvage (10%)<br \/>\nPolyvalent et savoureux, il s'associe \u00e0 toutes les combinaisons de l\u00e9gumes. Osez de nouvelles combinaisons avec le riz Panzani Trigrano ou choisissez l'une des recettes propos\u00e9es sur notre site.<br \/>\nConserver dans un endroit frais et sec.<br \/>\n<strong>Valeurs nutritionnelles :<\/strong><br \/>\nValeur \u00e9nerg\u00e9tique par 100 g de produit KJ 1483 kj<br \/>\nLipides 0 g<br \/>\nValeur \u00e9nerg\u00e9tique pour 100 g de produit Kcal 349 kcal<br \/>\nProt\u00e9ines 7,6 g<br \/>\nGlucides 77,3 g<br \/>\nGlucides, dont sucres 0,6 g<br \/>\nFibres 2,1 g<br \/>\nSel de sodium 0,01 g<br \/>\nMati\u00e8res grasses, dont acides gras satur\u00e9s 0,6 g<br \/>\nProduit dans l'UE par Riceland-Magyarorszag Kft, 1132 Budapest, Vaci ut 18<br \/>\nDistribu\u00e9 par Herba RiceMills Rom SRL, B-dul Mircea Eliade 18, Etaj 2, 012015, Bucuresti, Roumanie.<\/p>\n<p><strong>Conseils de pr\u00e9paration<\/strong> Salade de riz aux tomates s\u00e9ch\u00e9es et aux c\u00e2pres : Salade de riz aux tomates s\u00e9ch\u00e9es et aux c\u00e2pres<br \/>\nDur\u00e9e : 30 minutes Personnes : 4<\/p>\n<p>Ingr\u00e9dient :<\/p>\n<p>POUR LA SALADE :<\/p>\n<p>380 g Panzani Riz sp\u00e9cial pour salades \/ Trigrano<br \/>\n110 g de ma\u00efs cuit<br \/>\n1 cuill\u00e8re \u00e0 soupe de ciboulette hach\u00e9e<br \/>\n2 martinets<br \/>\n1 cuill\u00e8re \u00e0 soupe de c\u00e2pres<br \/>\n20 c\u00e2pres (marin\u00e9s)<br \/>\n80 g de tomates s\u00e9ch\u00e9es \u00e0 l'huile<\/p>\n<p>POUR LA SAUCE :<\/p>\n<p>6 cuill\u00e8res \u00e0 soupe d'huile d'olive extra vierge<br \/>\n2 cuill\u00e8res \u00e0 soupe de vinaigre de x\u00e9r\u00e8s<br \/>\nsauts<br \/>\njoueur de cornemuse<\/p>\n<p>Pr\u00e9parer<\/p>\n<p>Faire bouillir le riz sp\u00e9cial Panzani pour salades dans de l'eau sal\u00e9e \u00e0 feu moyen pendant 20 minutes.<br \/>\nUne fois cuit, retirer le riz et le laisser s'\u00e9goutter et refroidir.<br \/>\nPendant la cuisson du riz, vous pouvez pr\u00e9parer la vinaigrette : m\u00e9langez l'huile avec le vinaigre, une pinc\u00e9e de sel et une pinc\u00e9e de poivre.<br \/>\nM\u00e9langer le riz avec les c\u00e2pres, le ma\u00efs, la ciboulette et les tomates en d\u00e9s.<br \/>\nSuggestion de pr\u00e9sentation : ajouter la vinaigrette, m\u00e9langer et servir sur les assiettes avec les endives et les c\u00e2pres.<\/p>\n<p>Produit recommand\u00e9 pour la recette :<br \/>\nRiz trigrano \/ Sp\u00e9cialit\u00e9s sal\u00e9es<\/p>","protected":false},"excerpt":{"rendered":"<p>Panzani Trigrano riz sp\u00e9cial pour salades, (cal. I)<\/p>","protected":false},"featured_media":31914,"comment_status":"open","ping_status":"closed","template":"","meta":{"_acf_changed":false,"_seopress_robots_primary_cat":"1463","_seopress_titles_title":"","_seopress_titles_desc":"","_seopress_robots_index":""},"product_brand":[1893],"product_cat":[1555,1463],"giftcard-category":[],"class_list":{"0":"post-31913","1":"product","2":"type-product","3":"status-publish","4":"has-post-thumbnail","6":"product_brand-panzani","7":"product_cat-bacanie","8":"product_cat-orez","10":"first","11":"outofstock","12":"taxable","13":"shipping-taxable","14":"purchasable","15":"product-type-simple"},"acf":[],"_links":{"self":[{"href":"https:\/\/totalblue.ro\/fr\/wp-json\/wp\/v2\/product\/31913","targetHints":{"allow":["GET"]}}],"collection":[{"href":"https:\/\/totalblue.ro\/fr\/wp-json\/wp\/v2\/product"}],"about":[{"href":"https:\/\/totalblue.ro\/fr\/wp-json\/wp\/v2\/types\/product"}],"replies":[{"embeddable":true,"href":"https:\/\/totalblue.ro\/fr\/wp-json\/wp\/v2\/comments?post=31913"}],"wp:featuredmedia":[{"embeddable":true,"href":"https:\/\/totalblue.ro\/fr\/wp-json\/wp\/v2\/media\/31914"}],"wp:attachment":[{"href":"https:\/\/totalblue.ro\/fr\/wp-json\/wp\/v2\/media?parent=31913"}],"wp:term":[{"taxonomy":"product_brand","embeddable":true,"href":"https:\/\/totalblue.ro\/fr\/wp-json\/wp\/v2\/product_brand?post=31913"},{"taxonomy":"product_cat","embeddable":true,"href":"https:\/\/totalblue.ro\/fr\/wp-json\/wp\/v2\/product_cat?post=31913"},{"taxonomy":"giftcard-category","embeddable":true,"href":"https:\/\/totalblue.ro\/fr\/wp-json\/wp\/v2\/giftcard-category?post=31913"}],"curies":[{"name":"wp","href":"https:\/\/api.w.org\/{rel}","templated":true}]}}