{"id":32062,"date":"2021-07-20T16:31:55","date_gmt":"2021-07-20T13:31:55","guid":{"rendered":"https:\/\/totalblue.ro\/?post_type=product&#038;p=32062"},"modified":"2025-04-02T13:57:49","modified_gmt":"2025-04-02T10:57:49","slug":"hela-gewurz-ketchup-schaschlik-pikant-800-ml","status":"publish","type":"product","link":"https:\/\/totalblue.ro\/fr\/produs\/hela-gewurz-ketchup-schaschlik-pikant-800-ml\/","title":{"rendered":"Hela Gew\u00fcrz Ketchup Schaschlik pikant 800 ml"},"content":{"rendered":"<p><strong>Ketchup Schaschlik Hela 800 ml<br \/>\nHela Gew\u00fcrz Ketchup Schaschlik pikant 800 ml<br \/>\nRecommandations : <\/strong>Reteta rosiilor si condimentul unic Hela asigura gustul picant al ketchupului Schaschlik. Astfel o frigaruie normala de carne devine un Schaschlik delicios ! Recomandat si pentru mancari \/ fripturi la gratar sau prajite.<strong><br \/>\n<\/strong>Sans gluten<br \/>\nSans lactose<br \/>\nSans conservateur<br \/>\nRecomandat si pentru vegetarieni<br \/>\nRecomandat si pentru vegani<br \/>\n<strong>Ingr\u00e9dient :<\/strong> Suc de rosii, zahar, dextroza, sare de masa, condimente (piper, boia, faina de mustar, ardei iute, cuisoare, condimente), otet de coniac, amidon de porumb modificat, acidifiant: acid citric, ingrosator: (gum\u0103 de guar, gum\u0103 de salcam), plante aromatice (con\u021bine telina), regulator de aciditate: lactat de sodiu amplificator de aroma: glutamat monosodic<br \/>\n<strong>Allerg\u00e8nes :<\/strong> contine faina de mustar, telina<br \/>\n<strong>Conditions de stockage :<\/strong> Conditions de stockage : apr\u00e8s ouverture, le ketchup Hela doit \u00eatre conserv\u00e9 au r\u00e9frig\u00e9rateur ! (&lt;7 \u00b0 C).<br \/>\n<strong>Valeurs nutritionnelles :<\/strong><br \/>\nEnergie: 585 kJ \/ 138 kcal<br \/>\nGrasime 0,3 g din care acizi grasi saturati 0,1 g<br \/>\nCarbohidrati 32.1 g din care zahar 29.2 g<br \/>\nProt\u00e9ines 0,7 g<br \/>\nSare 2,3 g<br \/>\nFabriqu\u00e9 par Hela Gew\u00fcrzwerk Hermann Laue GmbH, Beimoorweg 11, 22926 Ahrensburg<br \/>\nImportateur et distributeur Total Blue Impex SRL<\/p>\n<p><strong>\u00a0<\/strong><\/p>","protected":false},"excerpt":{"rendered":"<p>Ketchup Schaschlik Hela 800 ml<br \/>\nHela Gew\u00fcrz Ketchup Schaschlik pikant 800 ml<\/p>","protected":false},"featured_media":32063,"comment_status":"open","ping_status":"closed","template":"","meta":{"_acf_changed":false,"_seopress_robots_primary_cat":"none","_seopress_titles_title":"Ketchup Schaschlik, ketchup Hela, Ketchup Curry, Ketchup","_seopress_titles_desc":"Cauti ketchup Hela? Cumpara acum Ketchup Schaschlik, ketchup Hela, Ketchup Curry, Ketchup tomate, Ketchup Olanda, Ketchup, maioneza.","_seopress_robots_index":""},"product_brand":[2003],"product_cat":[1555,3280,3380,1950,1767],"giftcard-category":[],"class_list":{"0":"post-32062","1":"product","2":"type-product","3":"status-publish","4":"has-post-thumbnail","6":"product_brand-hela","7":"product_cat-bacanie","8":"product_cat-condimente-sosuri","9":"product_cat-condimente-sosuri-produse-germania","10":"product_cat-produse-germania","11":"product_cat-produse-olanda","13":"first","14":"outofstock","15":"taxable","16":"shipping-taxable","17":"purchasable","18":"product-type-simple"},"acf":[],"_links":{"self":[{"href":"https:\/\/totalblue.ro\/fr\/wp-json\/wp\/v2\/product\/32062","targetHints":{"allow":["GET"]}}],"collection":[{"href":"https:\/\/totalblue.ro\/fr\/wp-json\/wp\/v2\/product"}],"about":[{"href":"https:\/\/totalblue.ro\/fr\/wp-json\/wp\/v2\/types\/product"}],"replies":[{"embeddable":true,"href":"https:\/\/totalblue.ro\/fr\/wp-json\/wp\/v2\/comments?post=32062"}],"wp:featuredmedia":[{"embeddable":true,"href":"https:\/\/totalblue.ro\/fr\/wp-json\/wp\/v2\/media\/32063"}],"wp:attachment":[{"href":"https:\/\/totalblue.ro\/fr\/wp-json\/wp\/v2\/media?parent=32062"}],"wp:term":[{"taxonomy":"product_brand","embeddable":true,"href":"https:\/\/totalblue.ro\/fr\/wp-json\/wp\/v2\/product_brand?post=32062"},{"taxonomy":"product_cat","embeddable":true,"href":"https:\/\/totalblue.ro\/fr\/wp-json\/wp\/v2\/product_cat?post=32062"},{"taxonomy":"giftcard-category","embeddable":true,"href":"https:\/\/totalblue.ro\/fr\/wp-json\/wp\/v2\/giftcard-category?post=32062"}],"curies":[{"name":"wp","href":"https:\/\/api.w.org\/{rel}","templated":true}]}}