{"id":32068,"date":"2021-07-20T16:42:02","date_gmt":"2021-07-20T13:42:02","guid":{"rendered":"https:\/\/totalblue.ro\/?post_type=product&#038;p=32068"},"modified":"2023-01-30T16:51:10","modified_gmt":"2023-01-30T14:51:10","slug":"hela-smoked-bbq-bbq-ketchup-800-ml","status":"publish","type":"product","link":"https:\/\/totalblue.ro\/fr\/produs\/ketchup-bbq-afumat-hela-800-ml\/","title":{"rendered":"Hela Smoked BBQ BBQ Ketchup 800 ml"},"content":{"rendered":"<p><strong>Hela Gew\u00fcrz Ketchup BBQ rauchig 800 ml<br \/>\nHela Smoked BBQ BBQ Ketchup 800 ml<\/strong><strong><br \/>\n<\/strong>Sans gluten<br \/>\nSans lactose<br \/>\nSans conservateur<br \/>\n<strong>Ingr\u00e9dient :<\/strong> Jus de tomate, sucre, dextrose, sel de table, curry (farine de moutarde, poivre, paprika, piments, clous de girofle, \u00e9pices), vinaigre d'alcool, amidon de ma\u00efs modifi\u00e9, acidifiant : acide citrique, \u00e9paississant : (gomme de guar, gomme d'acacia), herbes (contient du c\u00e9leri), r\u00e9gulateur d'acidit\u00e9 : lactate de sodium, sirop de glucose d\u00e9shydrat\u00e9, ar\u00f4me de fum\u00e9e, extrait de levure, exhausteur de go\u00fbt : glutamate monosodique, ar\u00f4mes (contient du bl\u00e9, du soja).<br \/>\n<strong>Allerg\u00e8nes :<\/strong> contient de la farine de moutarde, du c\u00e9leri, du bl\u00e9, du soja<br \/>\n<strong>Conditions de stockage :<\/strong> Conditions de stockage : apr\u00e8s ouverture, le ketchup Hela doit \u00eatre conserv\u00e9 au r\u00e9frig\u00e9rateur ! (&lt;7 \u00b0 C).<br \/>\n<strong>Valeurs nutritionnelles :<\/strong><br \/>\n\u00c9nergie : 638 kJ \/ 152 kcal<br \/>\nMati\u00e8res grasses : 0,3g dont acides gras satur\u00e9s : 0,1g<br \/>\nGlucides : 34.7g dont sucre : 29.4g<br \/>\nProt\u00e9ines : 1,0 g<br \/>\nSel : 2,4 g<br \/>\nFabriqu\u00e9 par Hela Gew\u00fcrzwerk Hermann Laue GmbH, Beimoorweg 11, 22926 Ahrensburg<br \/>\nImportateur et distributeur Total Blue Impex SRL<\/p>\n<p><strong>\u00a0<\/strong><\/p>","protected":false},"excerpt":{"rendered":"<p>Hela Gew\u00fcrz Ketchup BBQ rauchig 800 ml<br \/>\nHela Smoked BBQ BBQ Ketchup 800 ml<\/p>","protected":false},"featured_media":32070,"comment_status":"open","ping_status":"closed","template":"","meta":{"_acf_changed":false,"_seopress_robots_primary_cat":"none","_seopress_titles_title":"Ketchup Curry Iute Hela 800 ml","_seopress_titles_desc":"","_seopress_robots_index":""},"product_brand":[2003],"product_cat":[1555,3280,3380,1950,1767],"giftcard-category":[],"class_list":{"0":"post-32068","1":"product","2":"type-product","3":"status-publish","4":"has-post-thumbnail","6":"product_brand-hela","7":"product_cat-bacanie","8":"product_cat-condimente-sosuri","9":"product_cat-condimente-sosuri-produse-germania","10":"product_cat-produse-germania","11":"product_cat-produse-olanda","13":"first","14":"outofstock","15":"taxable","16":"shipping-taxable","17":"purchasable","18":"product-type-simple"},"acf":[],"_links":{"self":[{"href":"https:\/\/totalblue.ro\/fr\/wp-json\/wp\/v2\/product\/32068","targetHints":{"allow":["GET"]}}],"collection":[{"href":"https:\/\/totalblue.ro\/fr\/wp-json\/wp\/v2\/product"}],"about":[{"href":"https:\/\/totalblue.ro\/fr\/wp-json\/wp\/v2\/types\/product"}],"replies":[{"embeddable":true,"href":"https:\/\/totalblue.ro\/fr\/wp-json\/wp\/v2\/comments?post=32068"}],"wp:featuredmedia":[{"embeddable":true,"href":"https:\/\/totalblue.ro\/fr\/wp-json\/wp\/v2\/media\/32070"}],"wp:attachment":[{"href":"https:\/\/totalblue.ro\/fr\/wp-json\/wp\/v2\/media?parent=32068"}],"wp:term":[{"taxonomy":"product_brand","embeddable":true,"href":"https:\/\/totalblue.ro\/fr\/wp-json\/wp\/v2\/product_brand?post=32068"},{"taxonomy":"product_cat","embeddable":true,"href":"https:\/\/totalblue.ro\/fr\/wp-json\/wp\/v2\/product_cat?post=32068"},{"taxonomy":"giftcard-category","embeddable":true,"href":"https:\/\/totalblue.ro\/fr\/wp-json\/wp\/v2\/giftcard-category?post=32068"}],"curies":[{"name":"wp","href":"https:\/\/api.w.org\/{rel}","templated":true}]}}