{"id":32073,"date":"2021-07-21T08:58:49","date_gmt":"2021-07-21T05:58:49","guid":{"rendered":"https:\/\/totalblue.ro\/?post_type=product&#038;p=32073"},"modified":"2025-08-05T10:33:04","modified_gmt":"2025-08-05T07:33:04","slug":"dressing-thousand-islands-cremos-si-picant-cu-bucati-de-legume-kuhne-500ml","status":"publish","type":"product","link":"https:\/\/totalblue.ro\/fr\/produs\/dressing-thousand-islands-cremos-si-picant-cu-bucati-de-legume-kuhne-500ml\/","title":{"rendered":"Vinaigrette Thousand Islands \u00e9pic\u00e9e et cr\u00e9meuse Kuhne avec morceaux de l\u00e9gumes Kuhne 500ml"},"content":{"rendered":"<p><strong>Vinaigrette Thousand Islands \u00e9pic\u00e9e et cr\u00e9meuse Kuhne avec morceaux de l\u00e9gumes Kuhne 500ml<br \/>\nIngr\u00e9dient :<\/strong> Apa, ulei de rapita, sirop de glucoza-fructoza, otet de coniac, pasta de rosii (5%), ceapa (5%), castraveti (4%), zahar, boia (1,8%), produse din zer, sare, amidon modificat, semin\u021be de mustar , arpagic (0,6%), concentrat de suc de lamaie, guma de ingrosare guar si guma de xantan, condimente, aroma naturala.<br \/>\nSans conservateur<br \/>\nSans colorants<br \/>\nSans exhausteur de go\u00fbt<br \/>\nSans gluten<br \/>\n<strong>Allerg\u00e8nes :<\/strong>ontine produse din zer, seminte de mustar.<br \/>\n<strong>Instructiuni de folosire:<\/strong> agita sticla inainte de consum<br \/>\n<strong>Conditions de stockage :<\/strong> Va rugam sa pastrati dressingul Thousand Islands Kuhne in frigider dupa prima deschidere! (&lt;7 \u00b0 C).<br \/>\n<strong>Valori nutritionale \/ 100 ml:<br \/>\n<\/strong>Energie: 865 kJ \/ 209 kcal<br \/>\nGrasime: 17 g din care acizi grasi saturati 1,1 g<br \/>\nCarbohidrati: 12 g din care zahar 9,5 g<br \/>\nFibre alimentare: 1 g<br \/>\nProteine: 0,9 g<br \/>\nSare: 1,7 g<\/p>\n<p>Ambalaj: sticla cu capac<br \/>\nFabricat in Germania de Carl Kuhne , D-22761 Hamburg<br \/>\nImportateur et distributeur Total Blue Impex SRL<\/p>","protected":false},"excerpt":{"rendered":"<p>Vinaigrette Thousand Islands \u00e9pic\u00e9e et cr\u00e9meuse Kuhne avec morceaux de l\u00e9gumes Kuhne 500ml<\/p>","protected":false},"featured_media":32075,"comment_status":"open","ping_status":"closed","template":"","meta":{"_acf_changed":false,"_seopress_robots_primary_cat":"none","_seopress_titles_title":"","_seopress_titles_desc":"","_seopress_robots_index":""},"product_brand":[2002],"product_cat":[1555,3280,3380,1950,1767],"giftcard-category":[],"class_list":{"0":"post-32073","1":"product","2":"type-product","3":"status-publish","4":"has-post-thumbnail","6":"product_brand-kuhne","7":"product_cat-bacanie","8":"product_cat-condimente-sosuri","9":"product_cat-condimente-sosuri-produse-germania","10":"product_cat-produse-germania","11":"product_cat-produse-olanda","13":"first","14":"outofstock","15":"taxable","16":"shipping-taxable","17":"purchasable","18":"product-type-simple"},"acf":[],"_links":{"self":[{"href":"https:\/\/totalblue.ro\/fr\/wp-json\/wp\/v2\/product\/32073","targetHints":{"allow":["GET"]}}],"collection":[{"href":"https:\/\/totalblue.ro\/fr\/wp-json\/wp\/v2\/product"}],"about":[{"href":"https:\/\/totalblue.ro\/fr\/wp-json\/wp\/v2\/types\/product"}],"replies":[{"embeddable":true,"href":"https:\/\/totalblue.ro\/fr\/wp-json\/wp\/v2\/comments?post=32073"}],"wp:featuredmedia":[{"embeddable":true,"href":"https:\/\/totalblue.ro\/fr\/wp-json\/wp\/v2\/media\/32075"}],"wp:attachment":[{"href":"https:\/\/totalblue.ro\/fr\/wp-json\/wp\/v2\/media?parent=32073"}],"wp:term":[{"taxonomy":"product_brand","embeddable":true,"href":"https:\/\/totalblue.ro\/fr\/wp-json\/wp\/v2\/product_brand?post=32073"},{"taxonomy":"product_cat","embeddable":true,"href":"https:\/\/totalblue.ro\/fr\/wp-json\/wp\/v2\/product_cat?post=32073"},{"taxonomy":"giftcard-category","embeddable":true,"href":"https:\/\/totalblue.ro\/fr\/wp-json\/wp\/v2\/giftcard-category?post=32073"}],"curies":[{"name":"wp","href":"https:\/\/api.w.org\/{rel}","templated":true}]}}