{"id":32146,"date":"2021-07-22T10:53:35","date_gmt":"2021-07-22T07:53:35","guid":{"rendered":"https:\/\/totalblue.ro\/?post_type=product&#038;p=32146"},"modified":"2025-08-07T11:16:49","modified_gmt":"2025-08-07T08:16:49","slug":"mondamin-gris-clasic-89g","status":"publish","type":"product","link":"https:\/\/totalblue.ro\/fr\/produs\/mondamin-gris-clasic-89g\/","title":{"rendered":"Mondamin classic grey 89g"},"content":{"rendered":"<p>Mondamin Lieblings-Grie\u00dfbrei Klassische 89g<br \/>\nMondamin classic grey 89g<br \/>\nGrisul Mondamin este pur si simplu gustos pentru tota familia ! Pur \u0219i simplu aduceti laptele la fierbere, amestecati grisul Mondamin timp de 1 minut si mica delicatesa este gata dup\u0103 5 minute. Bucurati-va de grisul din grau Mondamin!<br \/>\n<strong>Ingr\u00e9dient<\/strong>: Ingrediente: 48% grau Durum, zahar, amidon, ingrosator xantan, emulgator mono- \u0219i digliceride ale acizilor grasi, arome. Poate contine urme de lapte \u0219i ou.<br \/>\n<strong>Allerg\u00e8nes : <\/strong>Poate contine urme de lapte \u0219i ou.<br \/>\nEmballage : sac avec contenu sec<br \/>\n<strong>Conditions de stockage :<\/strong> Prot\u00e9ger de la lumi\u00e8re directe du soleil. Conserver dans un endroit frais et sec.<br \/>\nR\u00e9frig\u00e9rer apr\u00e8s la pr\u00e9paration et consommer dans les deux jours.<br \/>\n<strong>Pr\u00e9paration pour 500 ml de lait (3 portions) :<\/strong><br \/>\n1.) Porter \u00e0 \u00e9bullition 500 ml de lait \u00e9cr\u00e9m\u00e9 jusqu'\u00e0 ce que la mousse monte \u00e0 la surface de la casserole.<br \/>\n2.) Scoateti oala de pe plita. Adaugati imediat plicul de gris MONDAMIN &#8211; amestecand constant cu un tel &#8211; amestecati energic timp de cel pu\u021bin 1 minut. Lasati grisul sa stea 5 minute.<br \/>\n3.) Se amesteca din nou grisul \u0219i se presar\u0103 cu scortisoara si zahar sau se serve\u0219te cu fructe proaspete.<br \/>\n<strong>Valeurs nutritionnelles :<br \/>\n<\/strong>Grasime 1,5 grame din care grasimi saturate 0,9 grame<br \/>\nCarbohidrati 17 grame din care zaharuri 9,2 grame<br \/>\nProteine \u200b\u200b3,8 grame<br \/>\nSare 0,13 grame<br \/>\nInfo : le produit est vendu \u00e0 la pi\u00e8ce<br \/>\nFabriqu\u00e9 par Unilever Deutschland GmbH, Konsumentenservice, Am Strandkai 1, 20457 Hamburg, Allemagne.<br \/>\nImportateur et distributeur Total Blue Impex SRL<\/p>\n<p>&nbsp;<\/p>","protected":false},"excerpt":{"rendered":"<p>Mondamin Lieblings-Grie\u00dfbrei Klassische 89g<br \/>\nMondamin classic grey 89g<\/p>","protected":false},"featured_media":32149,"comment_status":"open","ping_status":"closed","template":"","meta":{"_acf_changed":false,"_seopress_robots_primary_cat":"none","_seopress_titles_title":"","_seopress_titles_desc":"","_seopress_robots_index":""},"product_brand":[2075],"product_cat":[3304,3404,3428,3328,1950,1767],"giftcard-category":[],"class_list":{"0":"post-32146","1":"product","2":"type-product","3":"status-publish","4":"has-post-thumbnail","6":"product_brand-mondamin","7":"product_cat-mic-dejun-produse-olanda","8":"product_cat-mic-dejun-produse-germania","9":"product_cat-paste-orez-ulei-otet-produse-germania","10":"product_cat-paste-orez-ulei-otet","11":"product_cat-produse-germania","12":"product_cat-produse-olanda","14":"first","15":"outofstock","16":"taxable","17":"shipping-taxable","18":"purchasable","19":"product-type-simple"},"acf":[],"_links":{"self":[{"href":"https:\/\/totalblue.ro\/fr\/wp-json\/wp\/v2\/product\/32146","targetHints":{"allow":["GET"]}}],"collection":[{"href":"https:\/\/totalblue.ro\/fr\/wp-json\/wp\/v2\/product"}],"about":[{"href":"https:\/\/totalblue.ro\/fr\/wp-json\/wp\/v2\/types\/product"}],"replies":[{"embeddable":true,"href":"https:\/\/totalblue.ro\/fr\/wp-json\/wp\/v2\/comments?post=32146"}],"wp:featuredmedia":[{"embeddable":true,"href":"https:\/\/totalblue.ro\/fr\/wp-json\/wp\/v2\/media\/32149"}],"wp:attachment":[{"href":"https:\/\/totalblue.ro\/fr\/wp-json\/wp\/v2\/media?parent=32146"}],"wp:term":[{"taxonomy":"product_brand","embeddable":true,"href":"https:\/\/totalblue.ro\/fr\/wp-json\/wp\/v2\/product_brand?post=32146"},{"taxonomy":"product_cat","embeddable":true,"href":"https:\/\/totalblue.ro\/fr\/wp-json\/wp\/v2\/product_cat?post=32146"},{"taxonomy":"giftcard-category","embeddable":true,"href":"https:\/\/totalblue.ro\/fr\/wp-json\/wp\/v2\/giftcard-category?post=32146"}],"curies":[{"name":"wp","href":"https:\/\/api.w.org\/{rel}","templated":true}]}}