{"id":32157,"date":"2021-07-22T11:24:59","date_gmt":"2021-07-22T08:24:59","guid":{"rendered":"https:\/\/totalblue.ro\/?post_type=product&#038;p=32157"},"modified":"2025-09-04T11:06:55","modified_gmt":"2025-09-04T08:06:55","slug":"riz-au-lait-mondamin-pret-en-10-minutes-125-g","status":"publish","type":"product","link":"https:\/\/totalblue.ro\/fr\/produs\/mondamin-budinca-de-orez-gata-in-10-minute-125-g\/","title":{"rendered":"Mondamin Riz au lait pr\u00eat en 10 minutes 125 g"},"content":{"rendered":"<p>Milchreis Mondamin (pour une bonne nuit, un art classique en 10 minutes) 125 g<br \/>\nMondamin Riz au lait pr\u00eat en 10 minutes 125 g<br \/>\nUn r\u00e9gal cr\u00e9meux - tr\u00e8s rapide, simple et tout simplement d\u00e9licieux ! Essayez le riz au lait Mondamin d\u00e8s maintenant !<br \/>\n<strong>Ingr\u00e9dient<\/strong>: 51% riz, amidon, sucre, gomme xanthane \u00e9paississant, \u00e9mulsifiant mono- et diglyc\u00e9rides d'acides gras, ar\u00f4mes. Peut contenir des traces de gluten, de lait et d'oeuf.<br \/>\n<strong>Allerg\u00e8nes :<\/strong> peut contenir des \u0153ufs, du gluten, du lait.<br \/>\nEmballage : sac avec contenu sec<br \/>\n<strong>Conditions de stockage :<\/strong> Prot\u00e9ger de la lumi\u00e8re directe du soleil. Conserver dans un endroit frais et sec.<br \/>\nR\u00e9frig\u00e9rer apr\u00e8s la pr\u00e9paration et consommer dans les deux jours.<br \/>\n<strong>Pr\u00e9paration pour 500 ml de lait (3 portions) :<br \/>\n<\/strong>1.) Porter \u00e0 \u00e9bullition 500 ml de lait \u00e9cr\u00e9m\u00e9 jusqu'\u00e0 ce que la mousse monte \u00e0 la surface de la casserole.<br \/>\n2) Retirer la casserole de la plaque de cuisson. Ajouter imm\u00e9diatement le sachet de riz au lait MONDAMIN - en remuant constamment \u00e0 l'aide d'un fouet - et remuer vigoureusement pendant au moins 1 minute. Laisser le riz au lait Mondamin couvert pendant 10 minutes.<strong><br \/>\n<\/strong>3.) M\u00e9langer \u00e0 nouveau le riz au lait Mondamin et, si vous le souhaitez, le saupoudrer de cannelle et de sucre ou le servir avec des fruits frais.<br \/>\n<strong>Valeurs nutritionnelles :<br \/>\n<\/strong>Lipides 1,4 grammes dont 0,9 grammes de graisses satur\u00e9es<br \/>\nGlucides 22 grammes dont 8,6 grammes de sucres<br \/>\nProt\u00e9ines 3,7 grammes<br \/>\nSel 0,11 grammes<\/p>\n<p>Info : le produit est vendu \u00e0 la pi\u00e8ce<br \/>\nFabriqu\u00e9 par Unilever Deutschland GmbH, Konsumentenservice, Am Strandkai 1, 20457 Hamburg, Allemagne.<br \/>\nImportateur et distributeur Total Blue Impex SRL<\/p>\n<p>&nbsp;<\/p>","protected":false},"excerpt":{"rendered":"<p>Mondamin Milchreis (f\u00fcr eine s\u00fc\u00dfe Mahlzeit Klassische Art in 10 Minuten fertig) 125 g Mondamin Budinca de orez gata in 10 minute 125 g O placere cremoasa &#8211; foarte rapida, simpla \u0219i pur \u0219i simplu delicioasa ! Incearca acum budinca de orez Mondamin! Ingrediente: 51% orez, amidon, zahar, guma de xantan ingrosatoare, emulgator mono- \u0219i [&#8230;]\n","protected":false},"featured_media":32160,"comment_status":"open","ping_status":"closed","template":"","meta":{"_acf_changed":false,"_seopress_robots_primary_cat":"none","_seopress_titles_title":"","_seopress_titles_desc":"","_seopress_robots_index":""},"product_brand":[2075],"product_cat":[3404,3304,1463,3428,3328,1950,1767],"giftcard-category":[],"class_list":{"0":"post-32157","1":"product","2":"type-product","3":"status-publish","4":"has-post-thumbnail","6":"product_brand-mondamin","7":"product_cat-mic-dejun-produse-germania","8":"product_cat-mic-dejun-produse-olanda","9":"product_cat-orez","10":"product_cat-paste-orez-ulei-otet-produse-germania","11":"product_cat-paste-orez-ulei-otet","12":"product_cat-produse-germania","13":"product_cat-produse-olanda","15":"first","16":"outofstock","17":"taxable","18":"shipping-taxable","19":"purchasable","20":"product-type-simple"},"acf":[],"_links":{"self":[{"href":"https:\/\/totalblue.ro\/fr\/wp-json\/wp\/v2\/product\/32157","targetHints":{"allow":["GET"]}}],"collection":[{"href":"https:\/\/totalblue.ro\/fr\/wp-json\/wp\/v2\/product"}],"about":[{"href":"https:\/\/totalblue.ro\/fr\/wp-json\/wp\/v2\/types\/product"}],"replies":[{"embeddable":true,"href":"https:\/\/totalblue.ro\/fr\/wp-json\/wp\/v2\/comments?post=32157"}],"wp:featuredmedia":[{"embeddable":true,"href":"https:\/\/totalblue.ro\/fr\/wp-json\/wp\/v2\/media\/32160"}],"wp:attachment":[{"href":"https:\/\/totalblue.ro\/fr\/wp-json\/wp\/v2\/media?parent=32157"}],"wp:term":[{"taxonomy":"product_brand","embeddable":true,"href":"https:\/\/totalblue.ro\/fr\/wp-json\/wp\/v2\/product_brand?post=32157"},{"taxonomy":"product_cat","embeddable":true,"href":"https:\/\/totalblue.ro\/fr\/wp-json\/wp\/v2\/product_cat?post=32157"},{"taxonomy":"giftcard-category","embeddable":true,"href":"https:\/\/totalblue.ro\/fr\/wp-json\/wp\/v2\/giftcard-category?post=32157"}],"curies":[{"name":"wp","href":"https:\/\/api.w.org\/{rel}","templated":true}]}}