{"id":32164,"date":"2021-07-22T11:43:58","date_gmt":"2021-07-22T08:43:58","guid":{"rendered":"https:\/\/totalblue.ro\/?post_type=product&#038;p=32164"},"modified":"2025-08-07T11:16:47","modified_gmt":"2025-08-07T08:16:47","slug":"mondamin-budinca-de-orez-cu-vanilie-gata-in-10-minute-117-g","status":"publish","type":"product","link":"https:\/\/totalblue.ro\/fr\/produs\/mondamin-budinca-de-orez-cu-vanilie-gata-in-10-minute-117-g\/","title":{"rendered":"Mondamin Riz au lait \u00e0 la vanille pr\u00eat en 10 minutes 117 g"},"content":{"rendered":"<p>Mondamin Milchreis Vanille 3 Portionen, 117g<br \/>\nMondamin Riz au lait \u00e0 la vanille pr\u00eat en 10 minutes 117 g<br \/>\nO placere cremoasa &#8211; foarte rapida, simpla \u0219i pur \u0219i simplu delicioasa ! Incearca acum budinca de orez cu vanilie Mondamin!<br \/>\n<strong>Ingr\u00e9dient<\/strong>: 42% orez, zahar, amidon, guma de xantan ingrosatoare, emulsifiant mono- \u0219i digliceride ale acizilor grasi, arome, caroteni coloran\u021bi. Poate contine urme de gluten, lapte si oua.<br \/>\n<strong>Allerg\u00e8nes :<\/strong> poate contine gluten, lapte si oua.<br \/>\nAditivi: coloranti<br \/>\nEmballage : sac avec contenu sec<br \/>\n<strong>Conditions de stockage :<\/strong> Prot\u00e9ger de la lumi\u00e8re directe du soleil. Conserver dans un endroit frais et sec.<br \/>\nR\u00e9frig\u00e9rer apr\u00e8s la pr\u00e9paration et consommer dans les deux jours.<br \/>\n<strong>Pr\u00e9paration pour 500 ml de lait (3 portions) :<br \/>\n<\/strong>1.) Porter \u00e0 \u00e9bullition 500 ml de lait \u00e9cr\u00e9m\u00e9 jusqu'\u00e0 ce que la mousse monte \u00e0 la surface de la casserole.<br \/>\n2) Retirer la casserole de la plaque de cuisson. Ajouter imm\u00e9diatement le sachet de riz au lait MONDAMIN - en remuant constamment \u00e0 l'aide d'un fouet - et remuer vigoureusement pendant au moins 1 minute. Laisser le riz au lait Mondamin couvert pendant 10 minutes.<br \/>\n3.) Amesteca\u021bi din nou budinca de orez cu vanilie Mondamin \u0219i, daca doriti, presarati ciocolata, sos de fructe sau serviti cu fructe proaspete, cirese, compot de piersici.<br \/>\n<strong>Valeurs nutritionnelles :<br \/>\n<\/strong>Grasime 1,4 grame din care grasimi saturate 0,8 grame<br \/>\nCarbohidrati 20 de grame din care zaharuri 9,5 grame<br \/>\nProteine \u200b\u200b3,4 grame<br \/>\nSare 0,1 grame<\/p>\n<p>Info : le produit est vendu \u00e0 la pi\u00e8ce<br \/>\nFabriqu\u00e9 par Unilever Deutschland GmbH, Konsumentenservice, Am Strandkai 1, 20457 Hamburg, Allemagne.<br \/>\nImportateur et distributeur Total Blue Impex SRL<\/p>\n<p>&nbsp;<\/p>","protected":false},"excerpt":{"rendered":"<p>Mondamin Milchreis Vanille 3 Portionen, 117g<br \/>\nMondamin Riz au lait \u00e0 la vanille pr\u00eat en 10 minutes 117 g<\/p>","protected":false},"featured_media":32169,"comment_status":"open","ping_status":"closed","template":"","meta":{"_acf_changed":false,"_seopress_robots_primary_cat":"none","_seopress_titles_title":"","_seopress_titles_desc":"","_seopress_robots_index":""},"product_brand":[2075],"product_cat":[3304,3404,1463,3428,3328,1950,1767],"giftcard-category":[],"class_list":{"0":"post-32164","1":"product","2":"type-product","3":"status-publish","4":"has-post-thumbnail","6":"product_brand-mondamin","7":"product_cat-mic-dejun-produse-olanda","8":"product_cat-mic-dejun-produse-germania","9":"product_cat-orez","10":"product_cat-paste-orez-ulei-otet-produse-germania","11":"product_cat-paste-orez-ulei-otet","12":"product_cat-produse-germania","13":"product_cat-produse-olanda","15":"first","16":"outofstock","17":"taxable","18":"shipping-taxable","19":"purchasable","20":"product-type-simple"},"acf":[],"_links":{"self":[{"href":"https:\/\/totalblue.ro\/fr\/wp-json\/wp\/v2\/product\/32164","targetHints":{"allow":["GET"]}}],"collection":[{"href":"https:\/\/totalblue.ro\/fr\/wp-json\/wp\/v2\/product"}],"about":[{"href":"https:\/\/totalblue.ro\/fr\/wp-json\/wp\/v2\/types\/product"}],"replies":[{"embeddable":true,"href":"https:\/\/totalblue.ro\/fr\/wp-json\/wp\/v2\/comments?post=32164"}],"wp:featuredmedia":[{"embeddable":true,"href":"https:\/\/totalblue.ro\/fr\/wp-json\/wp\/v2\/media\/32169"}],"wp:attachment":[{"href":"https:\/\/totalblue.ro\/fr\/wp-json\/wp\/v2\/media?parent=32164"}],"wp:term":[{"taxonomy":"product_brand","embeddable":true,"href":"https:\/\/totalblue.ro\/fr\/wp-json\/wp\/v2\/product_brand?post=32164"},{"taxonomy":"product_cat","embeddable":true,"href":"https:\/\/totalblue.ro\/fr\/wp-json\/wp\/v2\/product_cat?post=32164"},{"taxonomy":"giftcard-category","embeddable":true,"href":"https:\/\/totalblue.ro\/fr\/wp-json\/wp\/v2\/giftcard-category?post=32164"}],"curies":[{"name":"wp","href":"https:\/\/api.w.org\/{rel}","templated":true}]}}