{"id":32340,"date":"2021-07-30T12:54:59","date_gmt":"2021-07-30T09:54:59","guid":{"rendered":"https:\/\/totalblue.ro\/?post_type=product&#038;p=32340"},"modified":"2025-08-07T14:30:43","modified_gmt":"2025-08-07T11:30:43","slug":"spa-fruit-lamaie-acidulat-125l","status":"publish","type":"product","link":"https:\/\/totalblue.ro\/fr\/produs\/spa-fruit-lamaie-acidulat-125l\/","title":{"rendered":"Spa Fruit Lamaie &#8211; acidulat 1,25L"},"content":{"rendered":"<p>Spa Fruit Lamaie &#8211; acidulat 1,25L<br \/>\nCombinaison unique d'eau min\u00e9rale naturelle et des fruits les plus savoureux.<br \/>\nServir froid.<br \/>\n<strong>Ingr\u00e9dient : <\/strong>apa minerala naturala carbogazoasa 90,9% (surs\u0103: Barisart), suc de lamaie 5,2%, zahar, aroma naturala de lamaie cu alte arome naturale, indulcitor (glicozide steviol).<br \/>\nContient uniquement des ingr\u00e9dients d'origine naturelle.<br \/>\nPeu de calories.<br \/>\nSans colorants artificiels.<br \/>\nSans ar\u00f4mes ni \u00e9dulcorants.<br \/>\nSans conservateurs.<br \/>\n<strong>Conditions de stockage<\/strong>Conservation : Peut \u00eatre conserv\u00e9 pendant 3 jours apr\u00e8s ouverture. A consommer de pr\u00e9f\u00e9rence avant la fin du mois indiqu\u00e9 sur l'emballage.<br \/>\n<strong>Informations nutritionnelles pour 100 ml :<br \/>\n<\/strong>Energie 18 kcal (79 kJ)<br \/>\nGraisses 0 g dont graisses satur\u00e9es 0 g<br \/>\nCarbohidra\u021bi 4,5 g din care zaharuri 4,5 g<br \/>\nProt\u00e9ines 0 g<br \/>\nSel 0 g<br \/>\nFabriqu\u00e9 par S.A. Spa Monopole, Rue A. Laporte 34, 4900 Spa - Belgique<br \/>\nImportateur et distributeur Total Blue Impex SRL<\/p>","protected":false},"excerpt":{"rendered":"<p>Spa Fruit citron koolzuurhoudend 1,25L<br \/>\nSpa Fruit Lamaie &#8211; acidulat 1,25L<\/p>","protected":false},"featured_media":54274,"comment_status":"open","ping_status":"closed","template":"","meta":{"_acf_changed":false,"_seopress_robots_primary_cat":"none","_seopress_titles_title":"","_seopress_titles_desc":"","_seopress_robots_index":""},"product_brand":[2077],"product_cat":[1767,3312],"giftcard-category":[],"class_list":{"0":"post-32340","1":"product","2":"type-product","3":"status-publish","4":"has-post-thumbnail","6":"product_brand-spa","7":"product_cat-produse-olanda","8":"product_cat-bauturi-racoritoare-produse-olanda","10":"first","11":"outofstock","12":"taxable","13":"shipping-taxable","14":"purchasable","15":"product-type-simple"},"acf":[],"_links":{"self":[{"href":"https:\/\/totalblue.ro\/fr\/wp-json\/wp\/v2\/product\/32340","targetHints":{"allow":["GET"]}}],"collection":[{"href":"https:\/\/totalblue.ro\/fr\/wp-json\/wp\/v2\/product"}],"about":[{"href":"https:\/\/totalblue.ro\/fr\/wp-json\/wp\/v2\/types\/product"}],"replies":[{"embeddable":true,"href":"https:\/\/totalblue.ro\/fr\/wp-json\/wp\/v2\/comments?post=32340"}],"wp:featuredmedia":[{"embeddable":true,"href":"https:\/\/totalblue.ro\/fr\/wp-json\/wp\/v2\/media\/54274"}],"wp:attachment":[{"href":"https:\/\/totalblue.ro\/fr\/wp-json\/wp\/v2\/media?parent=32340"}],"wp:term":[{"taxonomy":"product_brand","embeddable":true,"href":"https:\/\/totalblue.ro\/fr\/wp-json\/wp\/v2\/product_brand?post=32340"},{"taxonomy":"product_cat","embeddable":true,"href":"https:\/\/totalblue.ro\/fr\/wp-json\/wp\/v2\/product_cat?post=32340"},{"taxonomy":"giftcard-category","embeddable":true,"href":"https:\/\/totalblue.ro\/fr\/wp-json\/wp\/v2\/giftcard-category?post=32340"}],"curies":[{"name":"wp","href":"https:\/\/api.w.org\/{rel}","templated":true}]}}