{"id":32362,"date":"2021-07-30T15:25:56","date_gmt":"2021-07-30T12:25:56","guid":{"rendered":"https:\/\/totalblue.ro\/?post_type=product&#038;p=32362"},"modified":"2025-10-26T18:05:45","modified_gmt":"2025-10-26T16:05:45","slug":"verstegen-mix-condimente-pentru-peste-225-g","status":"publish","type":"product","link":"https:\/\/totalblue.ro\/fr\/produs\/verstegen-mix-condimente-pentru-peste-225-g\/","title":{"rendered":"Verstegen Mix - \u00e9pices pour plus de 225 g"},"content":{"rendered":"<p>Verstegen Kruidenmix voor vis 225g<br \/>\nVerstegen Mix - \u00e9pices pour plus de 225 g<br \/>\nVerstegen Mix &#8211; condimente pentru peste, ideal pentru aromarea unui delicios sos de peste. Serviti pestele cu sos de peste, cartofi noi \u0219i legume de sezon.<br \/>\n<strong>Ingr\u00e9dient :<\/strong> sare, dextroza, amidon din grau, potentiator de aroma: glutamat monosodic, condimente (semin\u021be de mustar, piper), verdeata (2% patrunjel, 2% marar), arome (contine potentiator de aroma: glutamat monosodic, telina), ceapa, arome naturale.<br \/>\n<strong>Allerg\u00e8nes : <\/strong>telina, mustar, grau, seminte care pot contine gluten.<br \/>\nConditionnement : rabat avec couvercle.<br \/>\nA conserver \u00e0 l'abri de la lumi\u00e8re et de l'humidit\u00e9.<br \/>\n<strong>Valeurs nutritionnelles \/ 100g :<\/strong><br \/>\nEnergie 702 kJ \/ 166 kcal<br \/>\nGrasimi 1.1 g dintre care acizi grasi saturati 0.2 g<br \/>\nCarbohidrati 31.8 g din care zaharuri 16.3 g<br \/>\nProteine 6 g<br \/>\nSare 54.1 g<br \/>\nFabriqu\u00e9 par Verstegen Consumenten Service, Antwoord nr. 40157, 3040 VB Rotterdam, Pays-Bas.<br \/>\nImportateur et distributeur Total Blue Impex SRL<\/p>","protected":false},"excerpt":{"rendered":"<p>Verstegen Kruidenmix voor vis 225g<br \/>\nVerstegen Mix - \u00e9pices pour plus de 225 g<\/p>","protected":false},"featured_media":32363,"comment_status":"open","ping_status":"closed","template":"","meta":{"_acf_changed":false,"_seopress_robots_primary_cat":"1451","_seopress_titles_title":"","_seopress_titles_desc":"Cumpara online Verstegen Kruidenmix voor vis, condimente ieftine, magazin online cu specialitati olandeze. Condimente peste, condimente sosuri.","_seopress_robots_index":""},"product_brand":[2008],"product_cat":[1555,3280,1451,1767],"giftcard-category":[],"class_list":{"0":"post-32362","1":"product","2":"type-product","3":"status-publish","4":"has-post-thumbnail","6":"product_brand-verstegen","7":"product_cat-bacanie","8":"product_cat-condimente-sosuri","9":"product_cat-condimente-produse-instant","10":"product_cat-produse-olanda","12":"first","13":"instock","14":"taxable","15":"shipping-taxable","16":"purchasable","17":"product-type-simple"},"acf":[],"_links":{"self":[{"href":"https:\/\/totalblue.ro\/fr\/wp-json\/wp\/v2\/product\/32362","targetHints":{"allow":["GET"]}}],"collection":[{"href":"https:\/\/totalblue.ro\/fr\/wp-json\/wp\/v2\/product"}],"about":[{"href":"https:\/\/totalblue.ro\/fr\/wp-json\/wp\/v2\/types\/product"}],"replies":[{"embeddable":true,"href":"https:\/\/totalblue.ro\/fr\/wp-json\/wp\/v2\/comments?post=32362"}],"wp:featuredmedia":[{"embeddable":true,"href":"https:\/\/totalblue.ro\/fr\/wp-json\/wp\/v2\/media\/32363"}],"wp:attachment":[{"href":"https:\/\/totalblue.ro\/fr\/wp-json\/wp\/v2\/media?parent=32362"}],"wp:term":[{"taxonomy":"product_brand","embeddable":true,"href":"https:\/\/totalblue.ro\/fr\/wp-json\/wp\/v2\/product_brand?post=32362"},{"taxonomy":"product_cat","embeddable":true,"href":"https:\/\/totalblue.ro\/fr\/wp-json\/wp\/v2\/product_cat?post=32362"},{"taxonomy":"giftcard-category","embeddable":true,"href":"https:\/\/totalblue.ro\/fr\/wp-json\/wp\/v2\/giftcard-category?post=32362"}],"curies":[{"name":"wp","href":"https:\/\/api.w.org\/{rel}","templated":true}]}}